{"id":17553,"date":"2021-03-10T16:53:45","date_gmt":"2021-03-10T08:53:45","guid":{"rendered":"https:\/\/www.fjpremium.com\/?post_type=product&#038;p=17553"},"modified":"2023-09-18T14:19:44","modified_gmt":"2023-09-18T06:19:44","slug":"sata-iii-cable-90-degree-angle-sata-3-0-hdd-sdd-data-cable-with-locking-latch","status":"publish","type":"product","link":"https:\/\/www.fjpremium.com\/fr\/product\/sata-iii-cable-90-degree-angle-sata-3-0-hdd-sdd-data-cable-with-locking-latch\/","title":{"rendered":"C\u00e2ble SATA III, c\u00e2ble de donn\u00e9es de disque dur SATA 3.0 avec angle de 90 degr\u00e9s et loquet de verrouillage"},"content":{"rendered":"<p>Notre c\u00e2ble de connexion haute performance est con\u00e7u pour connecter les cartes m\u00e8res et les contr\u00f4leurs h\u00f4tes aux disques durs ATA s\u00e9rie internes et aux lecteurs de DVD, ouvrant ainsi la voie \u00e0 des am\u00e9liorations consid\u00e9rables en mati\u00e8re de stockage pour votre ordinateur.<\/p>\n<p>Mais n'oubliez pas que votre disque dur devra \u00eatre aliment\u00e9 s\u00e9par\u00e9ment.<\/p>\n<p>Vous d\u00e9couvrirez la puissance de la derni\u00e8re r\u00e9vision SATA 3.0, qui permet des vitesses de transfert de donn\u00e9es allant jusqu'\u00e0 6 Gbits\/s. C'est deux fois plus rapide que SATA II et la compatibilit\u00e9 r\u00e9troactive avec SATA I et II. C'est deux fois plus rapide que SATA II et avec une r\u00e9trocompatibilit\u00e9 avec SATA I et II.<\/p>\n<p>Chaque extr\u00e9mit\u00e9 de ce c\u00e2ble est dot\u00e9e d'un loquet de verrouillage, ce qui garantit des transferts de fichiers s\u00fbrs et fiables. De plus, son installation est aussi simple qu'un \"plug and play\", ne n\u00e9cessitant aucun logiciel suppl\u00e9mentaire.<\/p>\n<p>Ses caract\u00e9ristiques :<\/p>\n<ul>\n<li>Conducteur du c\u00e2ble : Cuivre nu 7 \u00e2mes<\/li>\n<li>Isolation : PE SKIN\/HDPE mouss\u00e9<\/li>\n<li>Calibre du fil : 26AWG<\/li>\n<li>Blindage : Fil de drainage<\/li>\n<li>Bo\u00eetier : Moule \u00e0 injection<\/li>\n<li>Diam\u00e8tre ext\u00e9rieur : 2,3\u00d78,3 mm<\/li>\n<li>Conformit\u00e9 : RoHS, REACH<\/li>\n<\/ul>\n<p>En outre, notre c\u00e2ble SATA III, envelopp\u00e9 d'une gaine en PVC durable, pr\u00e9sente des contacts plaqu\u00e9s or et une coque plaqu\u00e9e nickel pour une connectivit\u00e9 optimale.<\/p>\n<p>Contactez-nous d\u00e8s aujourd'hui et choisissez le c\u00e2ble pour une vitesse et une fiabilit\u00e9 sans compromis.<\/p>","protected":false},"excerpt":{"rendered":"<p>Ce c\u00e2ble SATA III offre des possibilit\u00e9s de stockage accrues et des transferts de donn\u00e9es plus rapides. Il offre des vitesses allant jusqu'\u00e0 6 Gbps et une compatibilit\u00e9 ascendante.<\/p>","protected":false},"featured_media":17554,"template":"","meta":{"_acf_changed":false,"_seopress_robots_primary_cat":"","_seopress_titles_title":"Best SATA III Cable, 90 Degree Angle - Farsince","_seopress_titles_desc":"","_seopress_robots_index":"","site-sidebar-layout":"default","site-content-layout":"default","ast-site-content-layout":"default","site-content-style":"default","site-sidebar-style":"default","ast-global-header-display":"","ast-banner-title-visibility":"","ast-main-header-display":"","ast-hfb-above-header-display":"","ast-hfb-below-header-display":"","ast-hfb-mobile-header-display":"","site-post-title":"","ast-breadcrumbs-content":"","ast-featured-img":"","footer-sml-layout":"","ast-disable-related-posts":"","theme-transparent-header-meta":"default","adv-header-id-meta":"","stick-header-meta":"","header-above-stick-meta":"","header-main-stick-meta":"","header-below-stick-meta":"","astra-migrate-meta-layouts":"set","ast-page-background-enabled":"default","ast-page-background-meta":{"desktop":{"background-color":"","background-image":"","background-repeat":"repeat","background-position":"center center","background-size":"auto","background-attachment":"scroll","background-type":"","background-media":"","overlay-type":"","overlay-color":"","overlay-opacity":"","overlay-gradient":""},"tablet":{"background-color":"","background-image":"","background-repeat":"repeat","background-position":"center center","background-size":"auto","background-attachment":"scroll","background-type":"","background-media":"","overlay-type":"","overlay-color":"","overlay-opacity":"","overlay-gradient":""},"mobile":{"background-color":"","background-image":"","background-repeat":"repeat","background-position":"center center","background-size":"auto","background-attachment":"scroll","background-type":"","background-media":"","overlay-type":"","overlay-color":"","overlay-opacity":"","overlay-gradient":""}},"ast-content-background-meta":{"desktop":{"background-color":"var(--ast-global-color-5)","background-image":"","background-repeat":"repeat","background-position":"center center","background-size":"auto","background-attachment":"scroll","background-type":"","background-media":"","overlay-type":"","overlay-color":"","overlay-opacity":"","overlay-gradient":""},"tablet":{"background-color":"var(--ast-global-color-5)","background-image":"","background-repeat":"repeat","background-position":"center center","background-size":"auto","background-attachment":"scroll","background-type":"","background-media":"","overlay-type":"","overlay-color":"","overlay-opacity":"","overlay-gradient":""},"mobile":{"background-color":"var(--ast-global-color-5)","background-image":"","background-repeat":"repeat","background-position":"center center","background-size":"auto","background-attachment":"scroll","background-type":"","background-media":"","overlay-type":"","overlay-color":"","overlay-opacity":"","overlay-gradient":""}},"iawp_total_views":7},"product_brand":[],"product_cat":[633],"product_tag":[],"class_list":{"0":"post-17553","1":"product","2":"type-product","3":"status-publish","4":"has-post-thumbnail","6":"product_cat-pc-cables","7":"desktop-align-left","8":"tablet-align-left","9":"mobile-align-left","11":"first","12":"instock","13":"shipping-taxable","14":"purchasable","15":"product-type-simple"},"acf":[],"_links":{"self":[{"href":"https:\/\/www.fjpremium.com\/fr\/wp-json\/wp\/v2\/product\/17553","targetHints":{"allow":["GET"]}}],"collection":[{"href":"https:\/\/www.fjpremium.com\/fr\/wp-json\/wp\/v2\/product"}],"about":[{"href":"https:\/\/www.fjpremium.com\/fr\/wp-json\/wp\/v2\/types\/product"}],"wp:featuredmedia":[{"embeddable":true,"href":"https:\/\/www.fjpremium.com\/fr\/wp-json\/wp\/v2\/media\/17554"}],"wp:attachment":[{"href":"https:\/\/www.fjpremium.com\/fr\/wp-json\/wp\/v2\/media?parent=17553"}],"wp:term":[{"taxonomy":"product_brand","embeddable":true,"href":"https:\/\/www.fjpremium.com\/fr\/wp-json\/wp\/v2\/product_brand?post=17553"},{"taxonomy":"product_cat","embeddable":true,"href":"https:\/\/www.fjpremium.com\/fr\/wp-json\/wp\/v2\/product_cat?post=17553"},{"taxonomy":"product_tag","embeddable":true,"href":"https:\/\/www.fjpremium.com\/fr\/wp-json\/wp\/v2\/product_tag?post=17553"}],"curies":[{"name":"wp","href":"https:\/\/api.w.org\/{rel}","templated":true}]}}