{"id":17546,"date":"2021-03-10T16:52:07","date_gmt":"2021-03-10T08:52:07","guid":{"rendered":"https:\/\/www.fjpremium.com\/?post_type=product&#038;p=17546"},"modified":"2023-09-18T14:17:22","modified_gmt":"2023-09-18T06:17:22","slug":"sata-iii-cable-straight-sata-3-0-hdd-sdd-data-cable-with-locking-latch","status":"publish","type":"product","link":"https:\/\/www.fjpremium.com\/fr\/product\/sata-iii-cable-straight-sata-3-0-hdd-sdd-data-cable-with-locking-latch\/","title":{"rendered":"C\u00e2ble SATA III, c\u00e2ble droit SATA 3.0 HDD SSD Data Cable avec loquet de verrouillage"},"content":{"rendered":"<p>Sp\u00e9cialement con\u00e7u pour connecter les cartes m\u00e8res et les contr\u00f4leurs h\u00f4tes aux disques durs ATA s\u00e9rie internes et aux lecteurs de DVD, notre c\u00e2ble est la solution parfaite pour des mises \u00e0 niveau rapides de l'ordinateur.<\/p>\n<p>Toutefois, veuillez noter qu'elle sert au transfert de donn\u00e9es et n'alimente pas votre disque dur, qui doit \u00eatre aliment\u00e9 de mani\u00e8re ind\u00e9pendante.<\/p>\n<p>Ce c\u00e2ble exploite le potentiel de la derni\u00e8re technologie SATA r\u00e9vision 3.0, permettant des vitesses de transfert de donn\u00e9es impressionnantes allant jusqu'\u00e0 6 Gbps, soit le double de la vitesse de SATA II.<\/p>\n<p>De plus, gr\u00e2ce \u00e0 une r\u00e9trocompatibilit\u00e9 totale avec SATA I et II, il offre une polyvalence in\u00e9gal\u00e9e.<\/p>\n<p>Le c\u00e2ble de donn\u00e9es SSD est dot\u00e9 d'un loquet de verrouillage \u00e0 chaque extr\u00e9mit\u00e9, ce qui garantit des connexions s\u00fbres pour des transferts de fichiers rapides et fiables. Aucun logiciel suppl\u00e9mentaire n'est n\u00e9cessaire ; il suffit de le brancher et de l'utiliser.<\/p>\n<p>Ses caract\u00e9ristiques :<\/p>\n<ul>\n<li>Conducteur du c\u00e2ble : Cuivre nu 7 \u00e2mes<\/li>\n<li>Isolation : PE SKIN\/HDPE mouss\u00e9<\/li>\n<li>Calibre du fil : 26AWG<\/li>\n<li>Blindage : Fil de drainage<\/li>\n<li>Bo\u00eetier : Moule \u00e0 injection<\/li>\n<li>Diam\u00e8tre ext\u00e9rieur : 2,3\u00d78,3 mm<\/li>\n<li>Conformit\u00e9 : RoHS, REACH<\/li>\n<\/ul>\n<p>De plus, il offre une qualit\u00e9 et des performances de premier ordre gr\u00e2ce \u00e0 ses contacts plaqu\u00e9s or, sa coque nickel\u00e9e et sa gaine en PVC durable. N'h\u00e9sitez donc pas \u00e0 nous contacter d\u00e8s aujourd'hui pour le commander.<\/p>","protected":false},"excerpt":{"rendered":"<p>Augmentez vos capacit\u00e9s de transfert de donn\u00e9es et am\u00e9liorez votre stockage avec le c\u00e2ble de donn\u00e9es SSD Farsince avec loquet de verrouillage, la solution id\u00e9ale pour les mises \u00e0 niveau d'ordinateur.<\/p>","protected":false},"featured_media":17547,"template":"","meta":{"_acf_changed":false,"_seopress_robots_primary_cat":"","_seopress_titles_title":"Best Straight SATA 3.0 HDD SSD Data Cable - Farsince","_seopress_titles_desc":"","_seopress_robots_index":"","site-sidebar-layout":"default","site-content-layout":"default","ast-site-content-layout":"default","site-content-style":"default","site-sidebar-style":"default","ast-global-header-display":"","ast-banner-title-visibility":"","ast-main-header-display":"","ast-hfb-above-header-display":"","ast-hfb-below-header-display":"","ast-hfb-mobile-header-display":"","site-post-title":"","ast-breadcrumbs-content":"","ast-featured-img":"","footer-sml-layout":"","ast-disable-related-posts":"","theme-transparent-header-meta":"default","adv-header-id-meta":"","stick-header-meta":"","header-above-stick-meta":"","header-main-stick-meta":"","header-below-stick-meta":"","astra-migrate-meta-layouts":"set","ast-page-background-enabled":"default","ast-page-background-meta":{"desktop":{"background-color":"","background-image":"","background-repeat":"repeat","background-position":"center center","background-size":"auto","background-attachment":"scroll","background-type":"","background-media":"","overlay-type":"","overlay-color":"","overlay-opacity":"","overlay-gradient":""},"tablet":{"background-color":"","background-image":"","background-repeat":"repeat","background-position":"center center","background-size":"auto","background-attachment":"scroll","background-type":"","background-media":"","overlay-type":"","overlay-color":"","overlay-opacity":"","overlay-gradient":""},"mobile":{"background-color":"","background-image":"","background-repeat":"repeat","background-position":"center center","background-size":"auto","background-attachment":"scroll","background-type":"","background-media":"","overlay-type":"","overlay-color":"","overlay-opacity":"","overlay-gradient":""}},"ast-content-background-meta":{"desktop":{"background-color":"var(--ast-global-color-5)","background-image":"","background-repeat":"repeat","background-position":"center center","background-size":"auto","background-attachment":"scroll","background-type":"","background-media":"","overlay-type":"","overlay-color":"","overlay-opacity":"","overlay-gradient":""},"tablet":{"background-color":"var(--ast-global-color-5)","background-image":"","background-repeat":"repeat","background-position":"center center","background-size":"auto","background-attachment":"scroll","background-type":"","background-media":"","overlay-type":"","overlay-color":"","overlay-opacity":"","overlay-gradient":""},"mobile":{"background-color":"var(--ast-global-color-5)","background-image":"","background-repeat":"repeat","background-position":"center center","background-size":"auto","background-attachment":"scroll","background-type":"","background-media":"","overlay-type":"","overlay-color":"","overlay-opacity":"","overlay-gradient":""}},"iawp_total_views":7},"product_brand":[],"product_cat":[633],"product_tag":[],"class_list":{"0":"post-17546","1":"product","2":"type-product","3":"status-publish","4":"has-post-thumbnail","6":"product_cat-pc-cables","7":"desktop-align-left","8":"tablet-align-left","9":"mobile-align-left","11":"first","12":"instock","13":"shipping-taxable","14":"purchasable","15":"product-type-simple"},"acf":[],"_links":{"self":[{"href":"https:\/\/www.fjpremium.com\/fr\/wp-json\/wp\/v2\/product\/17546","targetHints":{"allow":["GET"]}}],"collection":[{"href":"https:\/\/www.fjpremium.com\/fr\/wp-json\/wp\/v2\/product"}],"about":[{"href":"https:\/\/www.fjpremium.com\/fr\/wp-json\/wp\/v2\/types\/product"}],"wp:featuredmedia":[{"embeddable":true,"href":"https:\/\/www.fjpremium.com\/fr\/wp-json\/wp\/v2\/media\/17547"}],"wp:attachment":[{"href":"https:\/\/www.fjpremium.com\/fr\/wp-json\/wp\/v2\/media?parent=17546"}],"wp:term":[{"taxonomy":"product_brand","embeddable":true,"href":"https:\/\/www.fjpremium.com\/fr\/wp-json\/wp\/v2\/product_brand?post=17546"},{"taxonomy":"product_cat","embeddable":true,"href":"https:\/\/www.fjpremium.com\/fr\/wp-json\/wp\/v2\/product_cat?post=17546"},{"taxonomy":"product_tag","embeddable":true,"href":"https:\/\/www.fjpremium.com\/fr\/wp-json\/wp\/v2\/product_tag?post=17546"}],"curies":[{"name":"wp","href":"https:\/\/api.w.org\/{rel}","templated":true}]}}