{"id":17543,"date":"2021-03-10T16:50:32","date_gmt":"2021-03-10T08:50:32","guid":{"rendered":"https:\/\/www.fjpremium.com\/?post_type=product&#038;p=17543"},"modified":"2023-09-18T14:12:30","modified_gmt":"2023-09-18T06:12:30","slug":"sata-ii-cable-90-degree-angle-sata-2-0-hdd-sdd-data-cable-with-locking-latch","status":"publish","type":"product","link":"https:\/\/www.fjpremium.com\/fr\/product\/sata-ii-cable-90-degree-angle-sata-2-0-hdd-sdd-data-cable-with-locking-latch\/","title":{"rendered":"C\u00e2ble SATA II, c\u00e2ble de donn\u00e9es HDD SSD SATA 2.0 avec angle de 90 degr\u00e9s et loquet de verrouillage"},"content":{"rendered":"<p>Con\u00e7u pour connecter les cartes m\u00e8res et les contr\u00f4leurs h\u00f4tes aux disques durs et lecteurs de DVD SATA, ce c\u00e2ble rationalise le processus de mise \u00e0 niveau de votre ordinateur.<\/p>\n<p>L'angle de 90 degr\u00e9s facilite la gestion des c\u00e2bles et am\u00e9liore la circulation de l'air dans le bo\u00eetier de l'ordinateur. De plus, il offre des vitesses de transfert de donn\u00e9es rapides allant jusqu'\u00e0 3 Gbps, avec un loquet de verrouillage s\u00e9curis\u00e9 \u00e0 chaque extr\u00e9mit\u00e9 pour des transferts de fichiers s\u00fbrs et fiables.<\/p>\n<p>Notre c\u00e2ble est r\u00e9trocompatible avec l'USB 1.1 \u00e0 pleine vitesse et l'USB 1.0 \u00e0 basse vitesse, ce qui permet une utilisation polyvalente sur tous les appareils.<\/p>\n<p>Ses caract\u00e9ristiques :<\/p>\n<ul>\n<li>Contact plaqu\u00e9 or, coque plaqu\u00e9e nickel<\/li>\n<li>Conducteur du c\u00e2ble : Cuivre nu 6 conducteurs<\/li>\n<li>Isolation : PE SKIN\/HDPE mouss\u00e9<\/li>\n<li>Calibre du fil : 26AWG<\/li>\n<li>Blindage : Fil de drainage<\/li>\n<li>Bo\u00eetier : Moule \u00e0 injection<\/li>\n<li>Gaine : PVC<\/li>\n<li>Diam\u00e8tre ext\u00e9rieur : 2,2\u00d77,8 mm<\/li>\n<li>Conformit\u00e9 : RoHS, REACH<\/li>\n<\/ul>\n<p>Mais n'oubliez pas qu'il s'agit d'un c\u00e2ble de donn\u00e9es uniquement ; l'alimentation du disque dur doit \u00eatre s\u00e9par\u00e9e. En r\u00e9sum\u00e9, contactez-nous d\u00e8s aujourd'hui et investissez dans ce c\u00e2ble SATA II.<\/p>","protected":false},"excerpt":{"rendered":"<p>D\u00e9bloquez un transfert de donn\u00e9es efficace et s\u00e9curis\u00e9 avec le c\u00e2ble SATA II de Farsince pour des vitesses de 3 Gbps, un angle de 90 degr\u00e9s et un loquet de verrouillage s\u00e9curis\u00e9.<\/p>","protected":false},"featured_media":17544,"template":"","meta":{"_acf_changed":false,"_seopress_robots_primary_cat":"","_seopress_titles_title":"Best 90 Degree Angle SATA II Cable - Farsince","_seopress_titles_desc":"","_seopress_robots_index":"","site-sidebar-layout":"default","site-content-layout":"default","ast-site-content-layout":"default","site-content-style":"default","site-sidebar-style":"default","ast-global-header-display":"","ast-banner-title-visibility":"","ast-main-header-display":"","ast-hfb-above-header-display":"","ast-hfb-below-header-display":"","ast-hfb-mobile-header-display":"","site-post-title":"","ast-breadcrumbs-content":"","ast-featured-img":"","footer-sml-layout":"","ast-disable-related-posts":"","theme-transparent-header-meta":"default","adv-header-id-meta":"","stick-header-meta":"","header-above-stick-meta":"","header-main-stick-meta":"","header-below-stick-meta":"","astra-migrate-meta-layouts":"set","ast-page-background-enabled":"default","ast-page-background-meta":{"desktop":{"background-color":"","background-image":"","background-repeat":"repeat","background-position":"center center","background-size":"auto","background-attachment":"scroll","background-type":"","background-media":"","overlay-type":"","overlay-color":"","overlay-opacity":"","overlay-gradient":""},"tablet":{"background-color":"","background-image":"","background-repeat":"repeat","background-position":"center center","background-size":"auto","background-attachment":"scroll","background-type":"","background-media":"","overlay-type":"","overlay-color":"","overlay-opacity":"","overlay-gradient":""},"mobile":{"background-color":"","background-image":"","background-repeat":"repeat","background-position":"center center","background-size":"auto","background-attachment":"scroll","background-type":"","background-media":"","overlay-type":"","overlay-color":"","overlay-opacity":"","overlay-gradient":""}},"ast-content-background-meta":{"desktop":{"background-color":"var(--ast-global-color-5)","background-image":"","background-repeat":"repeat","background-position":"center center","background-size":"auto","background-attachment":"scroll","background-type":"","background-media":"","overlay-type":"","overlay-color":"","overlay-opacity":"","overlay-gradient":""},"tablet":{"background-color":"var(--ast-global-color-5)","background-image":"","background-repeat":"repeat","background-position":"center center","background-size":"auto","background-attachment":"scroll","background-type":"","background-media":"","overlay-type":"","overlay-color":"","overlay-opacity":"","overlay-gradient":""},"mobile":{"background-color":"var(--ast-global-color-5)","background-image":"","background-repeat":"repeat","background-position":"center center","background-size":"auto","background-attachment":"scroll","background-type":"","background-media":"","overlay-type":"","overlay-color":"","overlay-opacity":"","overlay-gradient":""}},"iawp_total_views":4},"product_brand":[],"product_cat":[633],"product_tag":[],"class_list":{"0":"post-17543","1":"product","2":"type-product","3":"status-publish","4":"has-post-thumbnail","6":"product_cat-pc-cables","7":"desktop-align-left","8":"tablet-align-left","9":"mobile-align-left","11":"first","12":"instock","13":"shipping-taxable","14":"purchasable","15":"product-type-simple"},"acf":[],"_links":{"self":[{"href":"https:\/\/www.fjpremium.com\/fr\/wp-json\/wp\/v2\/product\/17543","targetHints":{"allow":["GET"]}}],"collection":[{"href":"https:\/\/www.fjpremium.com\/fr\/wp-json\/wp\/v2\/product"}],"about":[{"href":"https:\/\/www.fjpremium.com\/fr\/wp-json\/wp\/v2\/types\/product"}],"wp:featuredmedia":[{"embeddable":true,"href":"https:\/\/www.fjpremium.com\/fr\/wp-json\/wp\/v2\/media\/17544"}],"wp:attachment":[{"href":"https:\/\/www.fjpremium.com\/fr\/wp-json\/wp\/v2\/media?parent=17543"}],"wp:term":[{"taxonomy":"product_brand","embeddable":true,"href":"https:\/\/www.fjpremium.com\/fr\/wp-json\/wp\/v2\/product_brand?post=17543"},{"taxonomy":"product_cat","embeddable":true,"href":"https:\/\/www.fjpremium.com\/fr\/wp-json\/wp\/v2\/product_cat?post=17543"},{"taxonomy":"product_tag","embeddable":true,"href":"https:\/\/www.fjpremium.com\/fr\/wp-json\/wp\/v2\/product_tag?post=17543"}],"curies":[{"name":"wp","href":"https:\/\/api.w.org\/{rel}","templated":true}]}}