{"id":17522,"date":"2021-03-10T16:44:07","date_gmt":"2021-03-10T08:44:07","guid":{"rendered":"https:\/\/www.fjpremium.com\/?post_type=product&#038;p=17522"},"modified":"2023-12-14T14:00:18","modified_gmt":"2023-12-14T06:00:18","slug":"usb-to-db25-parallel-printer-cable-ieee-1284-adapter-converter-cable","status":"publish","type":"product","link":"https:\/\/www.fjpremium.com\/fr\/product\/usb-to-db25-parallel-printer-cable-ieee-1284-adapter-converter-cable\/","title":{"rendered":"C\u00e2ble d'imprimante USB vers DB25 parall\u00e8le IEEE 1284"},"content":{"rendered":"<p>Con\u00e7u pour relier des ordinateurs de bureau ou portables \u00e9quip\u00e9s d'un port USB \u00e0 des imprimantes parall\u00e8les, \u00e0 jet d'encre, laser, des machines POS, des imprimantes d'\u00e9tiquettes, des caisses enregistreuses et des scanners dot\u00e9s d'une interface parall\u00e8le DB25, le c\u00e2ble d'imprimante IEEE 1284 est votre porte d'entr\u00e9e pour des op\u00e9rations efficaces.<\/p>\n<p>Avec des vitesses de transfert de donn\u00e9es allant jusqu'\u00e0 12 Mbps, il est enti\u00e8rement conforme aux sp\u00e9cifications USB 1.1\/2.0 et IEEE 1284.<\/p>\n<p>Il est con\u00e7u pour fournir un bus de communication bidirectionnel en duplex int\u00e9gral pour toute application IEEE-1284, garantissant ainsi des performances optimales.<\/p>\n<p>L'installation plug-and-play de notre c\u00e2ble est pratique, tandis que la puce de haute qualit\u00e9 garantit une connectivit\u00e9 fiable.<\/p>\n<p>Ses caract\u00e9ristiques :<\/p>\n<ul>\n<li>Connecteur 1 : USB 2.0 m\u00e2le<\/li>\n<li>Connecteur 2 : IEEE 1284 DB25 m\u00e2le ou femelle<\/li>\n<li>Contact plaqu\u00e9 or, coque plaqu\u00e9e nickel<\/li>\n<li>Bo\u00eetier : Injection plastique<\/li>\n<li>Puce : PL2302TA ou FTDI RL<\/li>\n<li>Gaine : PVC<\/li>\n<\/ul>\n<p>Veuillez noter qu'il n'est pas compatible avec un lecteur Zip ou un port LPT.<\/p>\n<p>De plus, conforme aux normes RoHS et REACH, il s'agit d'un ajout responsable \u00e0 votre ensemble technologique. Par cons\u00e9quent, contactez-nous d\u00e8s aujourd'hui pour l'ajouter \u00e0 votre inventaire.<\/p>","protected":false},"excerpt":{"rendered":"<p>Profitez d'une connectivit\u00e9 transparente avec le c\u00e2ble d'imprimante Farsince USB vers DB25 parall\u00e8le IEEE 1284, con\u00e7u pour un transfert de donn\u00e9es optimal et une large compatibilit\u00e9, rationalisant ainsi vos op\u00e9rations.<\/p>","protected":false},"featured_media":17523,"template":"","meta":{"_acf_changed":false,"_seopress_robots_primary_cat":"","_seopress_titles_title":"","_seopress_titles_desc":"Enjoy seamless connectivity with Farsince USB to DB25 parallel IEEE 1284 printer cable, tailored for optimal data transfer and broad compatibility.","_seopress_robots_index":"","site-sidebar-layout":"default","site-content-layout":"default","ast-site-content-layout":"default","site-content-style":"default","site-sidebar-style":"default","ast-global-header-display":"","ast-banner-title-visibility":"","ast-main-header-display":"","ast-hfb-above-header-display":"","ast-hfb-below-header-display":"","ast-hfb-mobile-header-display":"","site-post-title":"","ast-breadcrumbs-content":"","ast-featured-img":"","footer-sml-layout":"","ast-disable-related-posts":"","theme-transparent-header-meta":"default","adv-header-id-meta":"","stick-header-meta":"","header-above-stick-meta":"","header-main-stick-meta":"","header-below-stick-meta":"","astra-migrate-meta-layouts":"default","ast-page-background-enabled":"default","ast-page-background-meta":{"desktop":{"background-color":"","background-image":"","background-repeat":"repeat","background-position":"center center","background-size":"auto","background-attachment":"scroll","background-type":"","background-media":"","overlay-type":"","overlay-color":"","overlay-opacity":"","overlay-gradient":""},"tablet":{"background-color":"","background-image":"","background-repeat":"repeat","background-position":"center center","background-size":"auto","background-attachment":"scroll","background-type":"","background-media":"","overlay-type":"","overlay-color":"","overlay-opacity":"","overlay-gradient":""},"mobile":{"background-color":"","background-image":"","background-repeat":"repeat","background-position":"center center","background-size":"auto","background-attachment":"scroll","background-type":"","background-media":"","overlay-type":"","overlay-color":"","overlay-opacity":"","overlay-gradient":""}},"ast-content-background-meta":{"desktop":{"background-color":"var(--ast-global-color-5)","background-image":"","background-repeat":"repeat","background-position":"center center","background-size":"auto","background-attachment":"scroll","background-type":"","background-media":"","overlay-type":"","overlay-color":"","overlay-opacity":"","overlay-gradient":""},"tablet":{"background-color":"var(--ast-global-color-5)","background-image":"","background-repeat":"repeat","background-position":"center center","background-size":"auto","background-attachment":"scroll","background-type":"","background-media":"","overlay-type":"","overlay-color":"","overlay-opacity":"","overlay-gradient":""},"mobile":{"background-color":"var(--ast-global-color-5)","background-image":"","background-repeat":"repeat","background-position":"center center","background-size":"auto","background-attachment":"scroll","background-type":"","background-media":"","overlay-type":"","overlay-color":"","overlay-opacity":"","overlay-gradient":""}},"iawp_total_views":10},"product_brand":[],"product_cat":[632,637],"product_tag":[],"class_list":{"0":"post-17522","1":"product","2":"type-product","3":"status-publish","4":"has-post-thumbnail","6":"product_cat-usb","7":"product_cat-usb-converters","8":"desktop-align-left","9":"tablet-align-left","10":"mobile-align-left","12":"first","13":"instock","14":"shipping-taxable","15":"purchasable","16":"product-type-simple"},"acf":[],"_links":{"self":[{"href":"https:\/\/www.fjpremium.com\/fr\/wp-json\/wp\/v2\/product\/17522","targetHints":{"allow":["GET"]}}],"collection":[{"href":"https:\/\/www.fjpremium.com\/fr\/wp-json\/wp\/v2\/product"}],"about":[{"href":"https:\/\/www.fjpremium.com\/fr\/wp-json\/wp\/v2\/types\/product"}],"wp:featuredmedia":[{"embeddable":true,"href":"https:\/\/www.fjpremium.com\/fr\/wp-json\/wp\/v2\/media\/17523"}],"wp:attachment":[{"href":"https:\/\/www.fjpremium.com\/fr\/wp-json\/wp\/v2\/media?parent=17522"}],"wp:term":[{"taxonomy":"product_brand","embeddable":true,"href":"https:\/\/www.fjpremium.com\/fr\/wp-json\/wp\/v2\/product_brand?post=17522"},{"taxonomy":"product_cat","embeddable":true,"href":"https:\/\/www.fjpremium.com\/fr\/wp-json\/wp\/v2\/product_cat?post=17522"},{"taxonomy":"product_tag","embeddable":true,"href":"https:\/\/www.fjpremium.com\/fr\/wp-json\/wp\/v2\/product_tag?post=17522"}],"curies":[{"name":"wp","href":"https:\/\/api.w.org\/{rel}","templated":true}]}}