{"id":17505,"date":"2021-03-10T16:41:21","date_gmt":"2021-03-10T08:41:21","guid":{"rendered":"https:\/\/www.fjpremium.com\/?post_type=product&#038;p=17505"},"modified":"2023-09-26T15:40:57","modified_gmt":"2023-09-26T07:40:57","slug":"usb-2-0-to-rs232-serial-db9-male-adapter-cable-2","status":"publish","type":"product","link":"https:\/\/www.fjpremium.com\/fr\/product\/usb-2-0-to-rs232-serial-db9-male-adapter-cable-2\/","title":{"rendered":"C\u00e2ble adaptateur USB vers RS232 s\u00e9rie DB9"},"content":{"rendered":"<p>Cet outil indispensable permet une connexion rapide entre un p\u00e9riph\u00e9rique s\u00e9rie DB9 (9 PIN), tel qu'un modem, et un port USB de votre ordinateur.<\/p>\n<p>Con\u00e7u avec le chipset de pointe Prolific FTDI232RL ou PL2303TA, il permet un taux de transfert de donn\u00e9es \u00e0 grande vitesse de 1Mbps.<\/p>\n<p>Sa conception plug-and-play garantit une installation sans effort, tandis que sa large compatibilit\u00e9 permet de l'utiliser sur plusieurs syst\u00e8mes d'exploitation.<\/p>\n<p>Veuillez noter que le c\u00e2ble adaptateur USB vers RS232 s\u00e9rie DB9 est incompatible avec le traceur de d\u00e9coupe SCM.<\/p>\n<p>Ses caract\u00e9ristiques :<\/p>\n<ul>\n<li>Connecteur 1 : USB 2.0 m\u00e2le<\/li>\n<li>Connecteur 2 : RS232 DB9 m\u00e2le<\/li>\n<li>Contact plaqu\u00e9 or, coque plaqu\u00e9e nickel<\/li>\n<li>Bo\u00eetier : Injection plastique<\/li>\n<li>Puce : PL2302TA ou FTDIRL<\/li>\n<li>Gaine : PVC<\/li>\n<\/ul>\n<p>De plus, conforme aux normes RoHS et REACH, il constitue un choix durable. En bref, contactez-nous d\u00e8s aujourd'hui et ajoutez notre c\u00e2ble \u00e0 votre inventaire.<\/p>","protected":false},"excerpt":{"rendered":"<p>D\u00e9bloquez une connectivit\u00e9 robuste avec le c\u00e2ble adaptateur Farsince USB vers RS232 s\u00e9rie DB9, promettant un transfert de donn\u00e9es \u00e0 haut d\u00e9bit, une simplicit\u00e9 plug-and-play et une conformit\u00e9 \u00e9cologique avec RoHS et REACH.<\/p>","protected":false},"featured_media":17506,"template":"","meta":{"_acf_changed":false,"_seopress_robots_primary_cat":"","_seopress_titles_title":"USB to RS232 Serial DB9 Adapter Cable - FARSINCE","_seopress_titles_desc":"Unlock robust connectivity with Farsince USB to RS232 serial DB9 adapter cable, promising high-speed data transfer and plug-and-play simplicity.","_seopress_robots_index":"","site-sidebar-layout":"default","site-content-layout":"default","ast-site-content-layout":"default","site-content-style":"default","site-sidebar-style":"default","ast-global-header-display":"","ast-banner-title-visibility":"","ast-main-header-display":"","ast-hfb-above-header-display":"","ast-hfb-below-header-display":"","ast-hfb-mobile-header-display":"","site-post-title":"","ast-breadcrumbs-content":"","ast-featured-img":"","footer-sml-layout":"","ast-disable-related-posts":"","theme-transparent-header-meta":"default","adv-header-id-meta":"","stick-header-meta":"","header-above-stick-meta":"","header-main-stick-meta":"","header-below-stick-meta":"","astra-migrate-meta-layouts":"set","ast-page-background-enabled":"default","ast-page-background-meta":{"desktop":{"background-color":"","background-image":"","background-repeat":"repeat","background-position":"center center","background-size":"auto","background-attachment":"scroll","background-type":"","background-media":"","overlay-type":"","overlay-color":"","overlay-opacity":"","overlay-gradient":""},"tablet":{"background-color":"","background-image":"","background-repeat":"repeat","background-position":"center center","background-size":"auto","background-attachment":"scroll","background-type":"","background-media":"","overlay-type":"","overlay-color":"","overlay-opacity":"","overlay-gradient":""},"mobile":{"background-color":"","background-image":"","background-repeat":"repeat","background-position":"center center","background-size":"auto","background-attachment":"scroll","background-type":"","background-media":"","overlay-type":"","overlay-color":"","overlay-opacity":"","overlay-gradient":""}},"ast-content-background-meta":{"desktop":{"background-color":"var(--ast-global-color-5)","background-image":"","background-repeat":"repeat","background-position":"center center","background-size":"auto","background-attachment":"scroll","background-type":"","background-media":"","overlay-type":"","overlay-color":"","overlay-opacity":"","overlay-gradient":""},"tablet":{"background-color":"var(--ast-global-color-5)","background-image":"","background-repeat":"repeat","background-position":"center center","background-size":"auto","background-attachment":"scroll","background-type":"","background-media":"","overlay-type":"","overlay-color":"","overlay-opacity":"","overlay-gradient":""},"mobile":{"background-color":"var(--ast-global-color-5)","background-image":"","background-repeat":"repeat","background-position":"center center","background-size":"auto","background-attachment":"scroll","background-type":"","background-media":"","overlay-type":"","overlay-color":"","overlay-opacity":"","overlay-gradient":""}},"iawp_total_views":7},"product_brand":[],"product_cat":[632],"product_tag":[],"class_list":{"0":"post-17505","1":"product","2":"type-product","3":"status-publish","4":"has-post-thumbnail","6":"product_cat-usb","7":"desktop-align-left","8":"tablet-align-left","9":"mobile-align-left","11":"first","12":"instock","13":"shipping-taxable","14":"purchasable","15":"product-type-simple"},"acf":[],"_links":{"self":[{"href":"https:\/\/www.fjpremium.com\/fr\/wp-json\/wp\/v2\/product\/17505","targetHints":{"allow":["GET"]}}],"collection":[{"href":"https:\/\/www.fjpremium.com\/fr\/wp-json\/wp\/v2\/product"}],"about":[{"href":"https:\/\/www.fjpremium.com\/fr\/wp-json\/wp\/v2\/types\/product"}],"wp:featuredmedia":[{"embeddable":true,"href":"https:\/\/www.fjpremium.com\/fr\/wp-json\/wp\/v2\/media\/17506"}],"wp:attachment":[{"href":"https:\/\/www.fjpremium.com\/fr\/wp-json\/wp\/v2\/media?parent=17505"}],"wp:term":[{"taxonomy":"product_brand","embeddable":true,"href":"https:\/\/www.fjpremium.com\/fr\/wp-json\/wp\/v2\/product_brand?post=17505"},{"taxonomy":"product_cat","embeddable":true,"href":"https:\/\/www.fjpremium.com\/fr\/wp-json\/wp\/v2\/product_cat?post=17505"},{"taxonomy":"product_tag","embeddable":true,"href":"https:\/\/www.fjpremium.com\/fr\/wp-json\/wp\/v2\/product_tag?post=17505"}],"curies":[{"name":"wp","href":"https:\/\/api.w.org\/{rel}","templated":true}]}}