{"id":17470,"date":"2021-03-10T16:32:56","date_gmt":"2021-03-10T08:32:56","guid":{"rendered":"https:\/\/www.fjpremium.com\/?post_type=product&#038;p=17470"},"modified":"2023-12-14T14:00:23","modified_gmt":"2023-12-14T06:00:23","slug":"usb-to-ethernet-rj45-female-adapter","status":"publish","type":"product","link":"https:\/\/www.fjpremium.com\/fr\/product\/usb-to-ethernet-rj45-female-adapter\/","title":{"rendered":"Adaptateur USB vers Ethernet RJ45"},"content":{"rendered":"<p>Cet outil innovant \u00e9limine la difficult\u00e9 li\u00e9e \u00e0 l'absence de port Ethernet et offre une solution simple pour relier votre p\u00e9riph\u00e9rique USB 3.0 \u00e0 votre r\u00e9seau.<\/p>\n<p>Il vous suffit de brancher son port USB sur votre appareil et de connecter votre c\u00e2ble Ethernet \u00e0 son port Ethernet.<\/p>\n<p>Notre adaptateur USB vers Ethernet RJ45 surpasse les adaptateurs 10\/100 habituels et surpasse m\u00eame la plupart des connexions sans fil, apportant \u00e0 votre r\u00e9seau la vitesse fulgurante de l'Ethernet 10\/100\/1000 aux vitesses de l'USB 3.0.<\/p>\n<p>Il prend en charge les paquets IPv4\/IPv6 Checksum Offload Engine (COE), r\u00e9duisant ainsi la charge du processeur pour des performances optimis\u00e9es.<\/p>\n<p>Ses caract\u00e9ristiques :<\/p>\n<ul>\n<li>Bo\u00eetier : ABS ou aluminium<\/li>\n<li>Puce : SR9800 pour USB 2.0, RTL8153 pour USB 3.0<\/li>\n<li>Gaine : PVC<\/li>\n<li>Diam\u00e8tre ext\u00e9rieur : 4,5\u00b10,2 mm<\/li>\n<li>Conformit\u00e9 : RoHS, REACH<\/li>\n<\/ul>\n<p>En outre, compatible avec un large \u00e9ventail de syst\u00e8mes d'exploitation, de Windows (32\/64 bits) 8\/7\/Vista\/XP \u00e0 Mac OS 10.5 et au-del\u00e0, il offre polyvalence et puissance en un seul outil compact.<\/p>\n<p>Dans l'ensemble, contactez-nous et profitez d\u00e8s aujourd'hui d'une connexion sans entrave gr\u00e2ce \u00e0 cet adaptateur.<\/p>","protected":false},"excerpt":{"rendered":"<p>Faites un bond dans le futur de la connectivit\u00e9 avec l'adaptateur USB vers Ethernet RJ45 de Farsince, qui promet un r\u00e9seau rapide, fluide et efficace comme jamais auparavant.<\/p>","protected":false},"featured_media":17471,"template":"","meta":{"_acf_changed":false,"_seopress_robots_primary_cat":"","_seopress_titles_title":"Best USB to Ethernet RJ45 Adapter - FARSINCE","_seopress_titles_desc":"","_seopress_robots_index":"","site-sidebar-layout":"default","site-content-layout":"default","ast-site-content-layout":"default","site-content-style":"default","site-sidebar-style":"default","ast-global-header-display":"","ast-banner-title-visibility":"","ast-main-header-display":"","ast-hfb-above-header-display":"","ast-hfb-below-header-display":"","ast-hfb-mobile-header-display":"","site-post-title":"","ast-breadcrumbs-content":"","ast-featured-img":"","footer-sml-layout":"","ast-disable-related-posts":"","theme-transparent-header-meta":"default","adv-header-id-meta":"","stick-header-meta":"","header-above-stick-meta":"","header-main-stick-meta":"","header-below-stick-meta":"","astra-migrate-meta-layouts":"set","ast-page-background-enabled":"default","ast-page-background-meta":{"desktop":{"background-color":"","background-image":"","background-repeat":"repeat","background-position":"center center","background-size":"auto","background-attachment":"scroll","background-type":"","background-media":"","overlay-type":"","overlay-color":"","overlay-opacity":"","overlay-gradient":""},"tablet":{"background-color":"","background-image":"","background-repeat":"repeat","background-position":"center center","background-size":"auto","background-attachment":"scroll","background-type":"","background-media":"","overlay-type":"","overlay-color":"","overlay-opacity":"","overlay-gradient":""},"mobile":{"background-color":"","background-image":"","background-repeat":"repeat","background-position":"center center","background-size":"auto","background-attachment":"scroll","background-type":"","background-media":"","overlay-type":"","overlay-color":"","overlay-opacity":"","overlay-gradient":""}},"ast-content-background-meta":{"desktop":{"background-color":"var(--ast-global-color-5)","background-image":"","background-repeat":"repeat","background-position":"center center","background-size":"auto","background-attachment":"scroll","background-type":"","background-media":"","overlay-type":"","overlay-color":"","overlay-opacity":"","overlay-gradient":""},"tablet":{"background-color":"var(--ast-global-color-5)","background-image":"","background-repeat":"repeat","background-position":"center center","background-size":"auto","background-attachment":"scroll","background-type":"","background-media":"","overlay-type":"","overlay-color":"","overlay-opacity":"","overlay-gradient":""},"mobile":{"background-color":"var(--ast-global-color-5)","background-image":"","background-repeat":"repeat","background-position":"center center","background-size":"auto","background-attachment":"scroll","background-type":"","background-media":"","overlay-type":"","overlay-color":"","overlay-opacity":"","overlay-gradient":""}},"iawp_total_views":17},"product_brand":[],"product_cat":[632,637],"product_tag":[],"class_list":{"0":"post-17470","1":"product","2":"type-product","3":"status-publish","4":"has-post-thumbnail","6":"product_cat-usb","7":"product_cat-usb-converters","8":"desktop-align-left","9":"tablet-align-left","10":"mobile-align-left","12":"first","13":"instock","14":"shipping-taxable","15":"purchasable","16":"product-type-simple"},"acf":[],"_links":{"self":[{"href":"https:\/\/www.fjpremium.com\/fr\/wp-json\/wp\/v2\/product\/17470","targetHints":{"allow":["GET"]}}],"collection":[{"href":"https:\/\/www.fjpremium.com\/fr\/wp-json\/wp\/v2\/product"}],"about":[{"href":"https:\/\/www.fjpremium.com\/fr\/wp-json\/wp\/v2\/types\/product"}],"wp:featuredmedia":[{"embeddable":true,"href":"https:\/\/www.fjpremium.com\/fr\/wp-json\/wp\/v2\/media\/17471"}],"wp:attachment":[{"href":"https:\/\/www.fjpremium.com\/fr\/wp-json\/wp\/v2\/media?parent=17470"}],"wp:term":[{"taxonomy":"product_brand","embeddable":true,"href":"https:\/\/www.fjpremium.com\/fr\/wp-json\/wp\/v2\/product_brand?post=17470"},{"taxonomy":"product_cat","embeddable":true,"href":"https:\/\/www.fjpremium.com\/fr\/wp-json\/wp\/v2\/product_cat?post=17470"},{"taxonomy":"product_tag","embeddable":true,"href":"https:\/\/www.fjpremium.com\/fr\/wp-json\/wp\/v2\/product_tag?post=17470"}],"curies":[{"name":"wp","href":"https:\/\/api.w.org\/{rel}","templated":true}]}}