{"id":17445,"date":"2021-03-10T16:09:41","date_gmt":"2021-03-10T08:09:41","guid":{"rendered":"https:\/\/www.fjpremium.com\/?post_type=product&#038;p=17445"},"modified":"2023-12-14T14:00:26","modified_gmt":"2023-12-14T06:00:26","slug":"usb-3-0-to-hdmi-adapter-hd-1080p-video-graphics-converter-cable-adapter-with-audio-output","status":"publish","type":"product","link":"https:\/\/www.fjpremium.com\/fr\/product\/usb-3-0-to-hdmi-adapter-hd-1080p-video-graphics-converter-cable-adapter-with-audio-output\/","title":{"rendered":"Adaptateur HDMI USB 3.0, adaptateur de c\u00e2ble de conversion vid\u00e9o graphique HD 1080P avec sortie audio"},"content":{"rendered":"<p>L'adaptateur comble le foss\u00e9 entre votre ordinateur et votre t\u00e9l\u00e9viseur HD, votre moniteur ou votre projecteur avec HDMI, pour que votre exp\u00e9rience multim\u00e9dia atteigne des sommets.<\/p>\n<p>Con\u00e7u pour la perfection, c'est le compagnon id\u00e9al pour les imprimantes, les scanners, les hubs USB et autres p\u00e9riph\u00e9riques USB \u00e9quip\u00e9s d'un port USB 3.0 B.<\/p>\n<p>Vous pouvez b\u00e9n\u00e9ficier de transferts de donn\u00e9es ultrarapides jusqu'\u00e0 5 Gbps, soit dix fois plus rapides que les c\u00e2bles USB 2.0.<\/p>\n<p>Gr\u00e2ce au blindage par feuille et tresse, notre adaptateur HDMI USB 3.0 garantit une immunit\u00e9 totale aux interf\u00e9rences EMI\/RFI, tandis que la construction \u00e0 paires torsad\u00e9es minimise la diaphonie, garantissant un transfert de donn\u00e9es \u00e0 grande vitesse et sans erreur.<\/p>\n<p>Ses caract\u00e9ristiques :<\/p>\n<ul>\n<li>Contact plaqu\u00e9 or, coque plaqu\u00e9e nickel<\/li>\n<li>Conducteur du c\u00e2ble : Cuivre nu<\/li>\n<li>Isolation : PE SKIN\/HDPE mouss\u00e9<\/li>\n<li>Calibre des fils : 24\/28\/28AWG<\/li>\n<li>Bo\u00eetier : Moule \u00e0 injection<\/li>\n<li>Puce : N\/M<\/li>\n<li>Diam\u00e8tre ext\u00e9rieur : 5,5\u00b10,2 mm<\/li>\n<li>Conformit\u00e9 : RoHS, REACH<\/li>\n<\/ul>\n<p>En outre, sa gaine en PVC flexible ajoute \u00e0 la durabilit\u00e9, ce qui le rend id\u00e9al pour un usage personnel et professionnel. Par cons\u00e9quent, ajoutez-la \u00e0 votre inventaire et constatez la diff\u00e9rence.<\/p>","protected":false},"excerpt":{"rendered":"<p>Faites l'exp\u00e9rience d'une vitesse et d'une efficacit\u00e9 in\u00e9gal\u00e9es avec l'adaptateur HDMI USB 3.0 de Farsince, qui est un adaptateur de c\u00e2ble de conversion graphique vid\u00e9o HD 1080P avec sortie audio.<\/p>","protected":false},"featured_media":17446,"template":"","meta":{"_acf_changed":false,"_seopress_robots_primary_cat":"","_seopress_titles_title":"Best USB 3.0 HDMI Adapter - Farsince","_seopress_titles_desc":"","_seopress_robots_index":"","site-sidebar-layout":"default","site-content-layout":"default","ast-site-content-layout":"default","site-content-style":"default","site-sidebar-style":"default","ast-global-header-display":"","ast-banner-title-visibility":"","ast-main-header-display":"","ast-hfb-above-header-display":"","ast-hfb-below-header-display":"","ast-hfb-mobile-header-display":"","site-post-title":"","ast-breadcrumbs-content":"","ast-featured-img":"","footer-sml-layout":"","ast-disable-related-posts":"","theme-transparent-header-meta":"default","adv-header-id-meta":"","stick-header-meta":"","header-above-stick-meta":"","header-main-stick-meta":"","header-below-stick-meta":"","astra-migrate-meta-layouts":"set","ast-page-background-enabled":"default","ast-page-background-meta":{"desktop":{"background-color":"","background-image":"","background-repeat":"repeat","background-position":"center center","background-size":"auto","background-attachment":"scroll","background-type":"","background-media":"","overlay-type":"","overlay-color":"","overlay-opacity":"","overlay-gradient":""},"tablet":{"background-color":"","background-image":"","background-repeat":"repeat","background-position":"center center","background-size":"auto","background-attachment":"scroll","background-type":"","background-media":"","overlay-type":"","overlay-color":"","overlay-opacity":"","overlay-gradient":""},"mobile":{"background-color":"","background-image":"","background-repeat":"repeat","background-position":"center center","background-size":"auto","background-attachment":"scroll","background-type":"","background-media":"","overlay-type":"","overlay-color":"","overlay-opacity":"","overlay-gradient":""}},"ast-content-background-meta":{"desktop":{"background-color":"var(--ast-global-color-5)","background-image":"","background-repeat":"repeat","background-position":"center center","background-size":"auto","background-attachment":"scroll","background-type":"","background-media":"","overlay-type":"","overlay-color":"","overlay-opacity":"","overlay-gradient":""},"tablet":{"background-color":"var(--ast-global-color-5)","background-image":"","background-repeat":"repeat","background-position":"center center","background-size":"auto","background-attachment":"scroll","background-type":"","background-media":"","overlay-type":"","overlay-color":"","overlay-opacity":"","overlay-gradient":""},"mobile":{"background-color":"var(--ast-global-color-5)","background-image":"","background-repeat":"repeat","background-position":"center center","background-size":"auto","background-attachment":"scroll","background-type":"","background-media":"","overlay-type":"","overlay-color":"","overlay-opacity":"","overlay-gradient":""}},"iawp_total_views":6},"product_brand":[],"product_cat":[632,637],"product_tag":[],"class_list":{"0":"post-17445","1":"product","2":"type-product","3":"status-publish","4":"has-post-thumbnail","6":"product_cat-usb","7":"product_cat-usb-converters","8":"desktop-align-left","9":"tablet-align-left","10":"mobile-align-left","12":"first","13":"instock","14":"shipping-taxable","15":"purchasable","16":"product-type-simple"},"acf":[],"_links":{"self":[{"href":"https:\/\/www.fjpremium.com\/fr\/wp-json\/wp\/v2\/product\/17445","targetHints":{"allow":["GET"]}}],"collection":[{"href":"https:\/\/www.fjpremium.com\/fr\/wp-json\/wp\/v2\/product"}],"about":[{"href":"https:\/\/www.fjpremium.com\/fr\/wp-json\/wp\/v2\/types\/product"}],"wp:featuredmedia":[{"embeddable":true,"href":"https:\/\/www.fjpremium.com\/fr\/wp-json\/wp\/v2\/media\/17446"}],"wp:attachment":[{"href":"https:\/\/www.fjpremium.com\/fr\/wp-json\/wp\/v2\/media?parent=17445"}],"wp:term":[{"taxonomy":"product_brand","embeddable":true,"href":"https:\/\/www.fjpremium.com\/fr\/wp-json\/wp\/v2\/product_brand?post=17445"},{"taxonomy":"product_cat","embeddable":true,"href":"https:\/\/www.fjpremium.com\/fr\/wp-json\/wp\/v2\/product_cat?post=17445"},{"taxonomy":"product_tag","embeddable":true,"href":"https:\/\/www.fjpremium.com\/fr\/wp-json\/wp\/v2\/product_tag?post=17445"}],"curies":[{"name":"wp","href":"https:\/\/api.w.org\/{rel}","templated":true}]}}