{"id":17427,"date":"2021-03-10T16:06:27","date_gmt":"2021-03-10T08:06:27","guid":{"rendered":"https:\/\/www.fjpremium.com\/?post_type=product&#038;p=17427"},"modified":"2023-09-26T16:06:59","modified_gmt":"2023-09-26T08:06:59","slug":"superspeed-usb-3-0-type-a-male-to-type-b-male-printer-cable-5gbps","status":"publish","type":"product","link":"https:\/\/www.fjpremium.com\/fr\/product\/superspeed-usb-3-0-type-a-male-to-type-b-male-printer-cable-5gbps\/","title":{"rendered":"C\u00e2ble d'imprimante SuperSpeed USB 3.0 Type A vers Type B M\u00e2le \u00e0 M\u00e2le, 5Gbps"},"content":{"rendered":"<p>Con\u00e7u pour votre imprimante, votre scanner, votre hub USB et d'autres p\u00e9riph\u00e9riques \u00e9quip\u00e9s d'un port USB 3.0 B, ce c\u00e2ble change la donne en mati\u00e8re de connectivit\u00e9.<\/p>\n<p>Poussant les taux de transfert jusqu'\u00e0 5 Gbps, il est dix fois plus performant que le c\u00e2ble USB 2.0. De plus, il est m\u00e9ticuleusement construit avec un blindage par feuille et tresse, offrant une immunit\u00e9 in\u00e9gal\u00e9e aux interf\u00e9rences EMI\/RFI.<\/p>\n<p>Associ\u00e9 \u00e0 une construction \u00e0 paires torsad\u00e9es, le c\u00e2ble d'imprimante m\u00e2le-m\u00e2le promet une r\u00e9duction de la diaphonie et un transfert de donn\u00e9es \u00e0 grande vitesse et sans erreur.<\/p>\n<p>Envelopp\u00e9 dans une gaine en PVC durable, sa qualit\u00e9 et sa fonctionnalit\u00e9 ont \u00e9t\u00e9 test\u00e9es et \u00e9prouv\u00e9es selon les normes de l'industrie.<\/p>\n<p>Ses caract\u00e9ristiques :<\/p>\n<ul>\n<li>Contact plaqu\u00e9 or, coque plaqu\u00e9e nickel<\/li>\n<li>Conducteur du c\u00e2ble : Cuivre nu<\/li>\n<li>Isolation : PE SKIN\/HDPE mouss\u00e9<\/li>\n<li>Calibre des fils : 24\/28\/28AWG<\/li>\n<li>Bo\u00eetier : Moule \u00e0 injection<\/li>\n<li>Puce : N\/M<\/li>\n<li>Diam\u00e8tre ext\u00e9rieur : 5,5\u00b10,2 mm<\/li>\n<li>Conformit\u00e9 : RoHS, REACH<\/li>\n<\/ul>\n<p>En outre, pour couronner le tout, il est assorti de la garantie de 2 ans de Farsince, qui souligne notre engagement en faveur de l'excellence. Contactez-nous d\u00e8s aujourd'hui et pr\u00e9parez-vous \u00e0 l'avenir de la connectivit\u00e9 avec ce produit.<\/p>","protected":false},"excerpt":{"rendered":"<p>Red\u00e9finissez votre connectivit\u00e9 avec le c\u00e2ble d&#039;imprimante m\u00e2le \u00e0 m\u00e2le de Farsince, offrant un taux de transfert ph\u00e9nom\u00e9nal de 5 Gbit\/s et une construction robuste.<\/p>","protected":false},"featured_media":17428,"template":"","meta":{"_acf_changed":false,"_seopress_robots_primary_cat":"","_seopress_titles_title":"Best Male to Male Printer Cable - Farsince","_seopress_titles_desc":"","_seopress_robots_index":"","site-sidebar-layout":"default","site-content-layout":"default","ast-site-content-layout":"default","site-content-style":"default","site-sidebar-style":"default","ast-global-header-display":"","ast-banner-title-visibility":"","ast-main-header-display":"","ast-hfb-above-header-display":"","ast-hfb-below-header-display":"","ast-hfb-mobile-header-display":"","site-post-title":"","ast-breadcrumbs-content":"","ast-featured-img":"","footer-sml-layout":"","ast-disable-related-posts":"","theme-transparent-header-meta":"default","adv-header-id-meta":"","stick-header-meta":"","header-above-stick-meta":"","header-main-stick-meta":"","header-below-stick-meta":"","astra-migrate-meta-layouts":"set","ast-page-background-enabled":"default","ast-page-background-meta":{"desktop":{"background-color":"","background-image":"","background-repeat":"repeat","background-position":"center center","background-size":"auto","background-attachment":"scroll","background-type":"","background-media":"","overlay-type":"","overlay-color":"","overlay-opacity":"","overlay-gradient":""},"tablet":{"background-color":"","background-image":"","background-repeat":"repeat","background-position":"center center","background-size":"auto","background-attachment":"scroll","background-type":"","background-media":"","overlay-type":"","overlay-color":"","overlay-opacity":"","overlay-gradient":""},"mobile":{"background-color":"","background-image":"","background-repeat":"repeat","background-position":"center center","background-size":"auto","background-attachment":"scroll","background-type":"","background-media":"","overlay-type":"","overlay-color":"","overlay-opacity":"","overlay-gradient":""}},"ast-content-background-meta":{"desktop":{"background-color":"var(--ast-global-color-5)","background-image":"","background-repeat":"repeat","background-position":"center center","background-size":"auto","background-attachment":"scroll","background-type":"","background-media":"","overlay-type":"","overlay-color":"","overlay-opacity":"","overlay-gradient":""},"tablet":{"background-color":"var(--ast-global-color-5)","background-image":"","background-repeat":"repeat","background-position":"center center","background-size":"auto","background-attachment":"scroll","background-type":"","background-media":"","overlay-type":"","overlay-color":"","overlay-opacity":"","overlay-gradient":""},"mobile":{"background-color":"var(--ast-global-color-5)","background-image":"","background-repeat":"repeat","background-position":"center center","background-size":"auto","background-attachment":"scroll","background-type":"","background-media":"","overlay-type":"","overlay-color":"","overlay-opacity":"","overlay-gradient":""}},"iawp_total_views":6},"product_brand":[],"product_cat":[632],"product_tag":[],"class_list":{"0":"post-17427","1":"product","2":"type-product","3":"status-publish","4":"has-post-thumbnail","6":"product_cat-usb","7":"desktop-align-left","8":"tablet-align-left","9":"mobile-align-left","11":"first","12":"instock","13":"shipping-taxable","14":"purchasable","15":"product-type-simple"},"acf":[],"_links":{"self":[{"href":"https:\/\/www.fjpremium.com\/fr\/wp-json\/wp\/v2\/product\/17427","targetHints":{"allow":["GET"]}}],"collection":[{"href":"https:\/\/www.fjpremium.com\/fr\/wp-json\/wp\/v2\/product"}],"about":[{"href":"https:\/\/www.fjpremium.com\/fr\/wp-json\/wp\/v2\/types\/product"}],"wp:featuredmedia":[{"embeddable":true,"href":"https:\/\/www.fjpremium.com\/fr\/wp-json\/wp\/v2\/media\/17428"}],"wp:attachment":[{"href":"https:\/\/www.fjpremium.com\/fr\/wp-json\/wp\/v2\/media?parent=17427"}],"wp:term":[{"taxonomy":"product_brand","embeddable":true,"href":"https:\/\/www.fjpremium.com\/fr\/wp-json\/wp\/v2\/product_brand?post=17427"},{"taxonomy":"product_cat","embeddable":true,"href":"https:\/\/www.fjpremium.com\/fr\/wp-json\/wp\/v2\/product_cat?post=17427"},{"taxonomy":"product_tag","embeddable":true,"href":"https:\/\/www.fjpremium.com\/fr\/wp-json\/wp\/v2\/product_tag?post=17427"}],"curies":[{"name":"wp","href":"https:\/\/api.w.org\/{rel}","templated":true}]}}