{"id":17418,"date":"2021-03-10T16:04:34","date_gmt":"2021-03-10T08:04:34","guid":{"rendered":"https:\/\/www.fjpremium.com\/?post_type=product&#038;p=17418"},"modified":"2023-12-14T13:58:49","modified_gmt":"2023-12-14T05:58:49","slug":"superspeed-usb-3-0-type-a-male-to-type-a-female-repeater-active-extension-cable-5gbps","status":"publish","type":"product","link":"https:\/\/www.fjpremium.com\/fr\/product\/superspeed-usb-3-0-type-a-male-to-type-a-female-repeater-active-extension-cable-5gbps\/","title":{"rendered":"C\u00e2ble d'extension active \u00e0 r\u00e9p\u00e9teur SuperSpeed USB 3.0 Type A m\u00e2le vers Type A femelle, 5Gbps"},"content":{"rendered":"<p>Con\u00e7u pour des applications longue distance de haute qualit\u00e9 jusqu'\u00e0 30 m\u00e8tres, ce c\u00e2ble est id\u00e9al pour \u00e9tendre la port\u00e9e de vos claviers, souris, modems et autres p\u00e9riph\u00e9riques USB \u00e9quip\u00e9s de ports USB 3.0 A.<\/p>\n<p>Dot\u00e9 d'une puce IC active int\u00e9gr\u00e9e, il met en m\u00e9moire tampon les signaux entrants et sortants, respectant et d\u00e9passant les sp\u00e9cifications de l'USB 3.0.<\/p>\n<p>De plus, il offre un taux de transfert in\u00e9gal\u00e9 pouvant atteindre 5 Gbps lorsqu'il est connect\u00e9 \u00e0 un h\u00f4te et \u00e0 un p\u00e9riph\u00e9rique compatibles USB 3.0, soit dix fois plus vite qu'un c\u00e2ble USB 2.0.<\/p>\n<p>Gr\u00e2ce au blindage par feuille et tresse, notre c\u00e2ble d'extension actif rejette les interf\u00e9rences EMI\/RFI, tandis que la construction \u00e0 paires torsad\u00e9es r\u00e9duit la diaphonie, garantissant un transfert de donn\u00e9es \u00e0 grande vitesse et sans erreur.<\/p>\n<p>Ses caract\u00e9ristiques :<\/p>\n<ul>\n<li>Contact plaqu\u00e9 or, coque plaqu\u00e9e nickel<\/li>\n<li>Conducteur du c\u00e2ble : Cuivre nu<\/li>\n<li>Isolation : PE SKIN\/HDPE mouss\u00e9<\/li>\n<li>Calibre des fils : 24\/28\/28AWG<\/li>\n<li>Bo\u00eetier : Moule \u00e0 injection<\/li>\n<li>Puce : N\/M<\/li>\n<li>Gaine : PVC<\/li>\n<li>Diam\u00e8tre ext\u00e9rieur : 5,5\u00b10,2 mm<\/li>\n<li>Conformit\u00e9 : RoHS, REACH<\/li>\n<\/ul>\n<p>Envelopp\u00e9 d'une gaine en PVC flexible, il est conforme aux normes industrielles et b\u00e9n\u00e9ficie de la garantie de 2 ans de Farsince. N'h\u00e9sitez donc pas \u00e0 nous contacter d\u00e8s aujourd'hui et \u00e0 investir dans ce produit.<\/p>","protected":false},"excerpt":{"rendered":"<p>Faites l&#039;exp\u00e9rience d&#039;une extension transparente avec le c\u00e2ble d&#039;extension actif USB 3.0 super rapide de Farsince, offrant des applications longue distance de haute qualit\u00e9, un taux de transfert impressionnant de 5 Gbit\/s et un blindage sup\u00e9rieur.<\/p>","protected":false},"featured_media":17419,"template":"","meta":{"_acf_changed":false,"_seopress_robots_primary_cat":"","_seopress_titles_title":"Best Repeater Active Extension Cable - Farsince","_seopress_titles_desc":"Experience seamless extension with Farsince superspeed USB 3.0 active extension cable, offering high-quality long-distance applications and superior shielding.","_seopress_robots_index":"","site-sidebar-layout":"default","site-content-layout":"default","ast-site-content-layout":"default","site-content-style":"default","site-sidebar-style":"default","ast-global-header-display":"","ast-banner-title-visibility":"","ast-main-header-display":"","ast-hfb-above-header-display":"","ast-hfb-below-header-display":"","ast-hfb-mobile-header-display":"","site-post-title":"","ast-breadcrumbs-content":"","ast-featured-img":"","footer-sml-layout":"","ast-disable-related-posts":"","theme-transparent-header-meta":"default","adv-header-id-meta":"","stick-header-meta":"","header-above-stick-meta":"","header-main-stick-meta":"","header-below-stick-meta":"","astra-migrate-meta-layouts":"set","ast-page-background-enabled":"default","ast-page-background-meta":{"desktop":{"background-color":"","background-image":"","background-repeat":"repeat","background-position":"center center","background-size":"auto","background-attachment":"scroll","background-type":"","background-media":"","overlay-type":"","overlay-color":"","overlay-opacity":"","overlay-gradient":""},"tablet":{"background-color":"","background-image":"","background-repeat":"repeat","background-position":"center center","background-size":"auto","background-attachment":"scroll","background-type":"","background-media":"","overlay-type":"","overlay-color":"","overlay-opacity":"","overlay-gradient":""},"mobile":{"background-color":"","background-image":"","background-repeat":"repeat","background-position":"center center","background-size":"auto","background-attachment":"scroll","background-type":"","background-media":"","overlay-type":"","overlay-color":"","overlay-opacity":"","overlay-gradient":""}},"ast-content-background-meta":{"desktop":{"background-color":"var(--ast-global-color-5)","background-image":"","background-repeat":"repeat","background-position":"center center","background-size":"auto","background-attachment":"scroll","background-type":"","background-media":"","overlay-type":"","overlay-color":"","overlay-opacity":"","overlay-gradient":""},"tablet":{"background-color":"var(--ast-global-color-5)","background-image":"","background-repeat":"repeat","background-position":"center center","background-size":"auto","background-attachment":"scroll","background-type":"","background-media":"","overlay-type":"","overlay-color":"","overlay-opacity":"","overlay-gradient":""},"mobile":{"background-color":"var(--ast-global-color-5)","background-image":"","background-repeat":"repeat","background-position":"center center","background-size":"auto","background-attachment":"scroll","background-type":"","background-media":"","overlay-type":"","overlay-color":"","overlay-opacity":"","overlay-gradient":""}},"iawp_total_views":10},"product_brand":[],"product_cat":[632,636],"product_tag":[],"class_list":{"0":"post-17418","1":"product","2":"type-product","3":"status-publish","4":"has-post-thumbnail","6":"product_cat-usb","7":"product_cat-usb-2-0-cables","8":"desktop-align-left","9":"tablet-align-left","10":"mobile-align-left","12":"first","13":"instock","14":"shipping-taxable","15":"purchasable","16":"product-type-simple"},"acf":[],"_links":{"self":[{"href":"https:\/\/www.fjpremium.com\/fr\/wp-json\/wp\/v2\/product\/17418","targetHints":{"allow":["GET"]}}],"collection":[{"href":"https:\/\/www.fjpremium.com\/fr\/wp-json\/wp\/v2\/product"}],"about":[{"href":"https:\/\/www.fjpremium.com\/fr\/wp-json\/wp\/v2\/types\/product"}],"wp:featuredmedia":[{"embeddable":true,"href":"https:\/\/www.fjpremium.com\/fr\/wp-json\/wp\/v2\/media\/17419"}],"wp:attachment":[{"href":"https:\/\/www.fjpremium.com\/fr\/wp-json\/wp\/v2\/media?parent=17418"}],"wp:term":[{"taxonomy":"product_brand","embeddable":true,"href":"https:\/\/www.fjpremium.com\/fr\/wp-json\/wp\/v2\/product_brand?post=17418"},{"taxonomy":"product_cat","embeddable":true,"href":"https:\/\/www.fjpremium.com\/fr\/wp-json\/wp\/v2\/product_cat?post=17418"},{"taxonomy":"product_tag","embeddable":true,"href":"https:\/\/www.fjpremium.com\/fr\/wp-json\/wp\/v2\/product_tag?post=17418"}],"curies":[{"name":"wp","href":"https:\/\/api.w.org\/{rel}","templated":true}]}}