{"id":17391,"date":"2021-03-10T15:59:34","date_gmt":"2021-03-10T07:59:34","guid":{"rendered":"https:\/\/www.fjpremium.com\/?post_type=product&#038;p=17391"},"modified":"2023-12-14T13:58:50","modified_gmt":"2023-12-14T05:58:50","slug":"usb-2-0-type-a-female-to-micro-b-male-otg-cable-480mbps","status":"publish","type":"product","link":"https:\/\/www.fjpremium.com\/fr\/product\/usb-2-0-type-a-female-to-micro-b-male-otg-cable-480mbps\/","title":{"rendered":"C\u00e2ble USB 2.0 Type A femelle vers Micro B m\u00e2le USB Micro OTG, 480Mbps"},"content":{"rendered":"<p>Con\u00e7u pour apporter une commodit\u00e9 in\u00e9gal\u00e9e, notre c\u00e2ble USB Micro OTG \u00e9tend sans effort les capacit\u00e9s de votre appareil.<\/p>\n<p>Que vous cherchiez \u00e0 amplifier le stockage avec une cl\u00e9 USB ou \u00e0 obtenir un contr\u00f4le in\u00e9gal\u00e9 avec un clavier et une souris USB, c'est votre solution ultime.<\/p>\n<p>La puissance de la technologie USB OTG garantit des connexions fluides sans les inconv\u00e9nients des pilotes ou des configurations. Vous pouvez donc faire l'exp\u00e9rience du \"plug-and-play\".<\/p>\n<p>Avec un taux de transfert impressionnant de 480 Mbps, vos donn\u00e9es voyagent rapidement et sans erreur, gr\u00e2ce \u00e0 la conception sup\u00e9rieure de ce c\u00e2ble qui comprend un blindage par feuille et tresse contre les interf\u00e9rences EMI\/RFI.<\/p>\n<p>Ses caract\u00e9ristiques :<\/p>\n<ul>\n<li>Contact plaqu\u00e9 or, coque plaqu\u00e9e nickel<\/li>\n<li>Conducteur du c\u00e2ble : Cuivre nu<\/li>\n<li>Isolation : PE SKIN\/HDPE mouss\u00e9<\/li>\n<li>Calibre du fil : 28\/28AWG<\/li>\n<li>Blindage : 32#\/0.12mm AL-MG tresse<\/li>\n<li>Bo\u00eetier : Moule \u00e0 injection<\/li>\n<li>Puce : N\/M<\/li>\n<li>Gaine : PVC<\/li>\n<li>Diam\u00e8tre ext\u00e9rieur : 4,2\u00b10,2mm<\/li>\n<li>Conformit\u00e9 : RoHS, REACH<\/li>\n<\/ul>\n<p>De plus, il promet long\u00e9vit\u00e9 et performance, avec la garantie de 2 ans de Farsince. Dans l'ensemble, contactez-nous d\u00e8s aujourd'hui et investissez dans ce produit.<\/p>","protected":false},"excerpt":{"rendered":"<p>Lib\u00e9rez le v\u00e9ritable potentiel des appareils compatibles OTG avec le c\u00e2ble USB Micro OTG de Farsince, qui offre un transfert rapide de 480 Mbps, des donn\u00e9es sans erreur et une garantie de 2 ans.<\/p>","protected":false},"featured_media":17392,"template":"","meta":{"_acf_changed":false,"_seopress_robots_primary_cat":"","_seopress_titles_title":"Best USB Micro OTG Cable, 480Mbps - Farsince","_seopress_titles_desc":"","_seopress_robots_index":"","site-sidebar-layout":"default","site-content-layout":"default","ast-site-content-layout":"default","site-content-style":"default","site-sidebar-style":"default","ast-global-header-display":"","ast-banner-title-visibility":"","ast-main-header-display":"","ast-hfb-above-header-display":"","ast-hfb-below-header-display":"","ast-hfb-mobile-header-display":"","site-post-title":"","ast-breadcrumbs-content":"","ast-featured-img":"","footer-sml-layout":"","ast-disable-related-posts":"","theme-transparent-header-meta":"default","adv-header-id-meta":"","stick-header-meta":"","header-above-stick-meta":"","header-main-stick-meta":"","header-below-stick-meta":"","astra-migrate-meta-layouts":"set","ast-page-background-enabled":"default","ast-page-background-meta":{"desktop":{"background-color":"","background-image":"","background-repeat":"repeat","background-position":"center center","background-size":"auto","background-attachment":"scroll","background-type":"","background-media":"","overlay-type":"","overlay-color":"","overlay-opacity":"","overlay-gradient":""},"tablet":{"background-color":"","background-image":"","background-repeat":"repeat","background-position":"center center","background-size":"auto","background-attachment":"scroll","background-type":"","background-media":"","overlay-type":"","overlay-color":"","overlay-opacity":"","overlay-gradient":""},"mobile":{"background-color":"","background-image":"","background-repeat":"repeat","background-position":"center center","background-size":"auto","background-attachment":"scroll","background-type":"","background-media":"","overlay-type":"","overlay-color":"","overlay-opacity":"","overlay-gradient":""}},"ast-content-background-meta":{"desktop":{"background-color":"var(--ast-global-color-5)","background-image":"","background-repeat":"repeat","background-position":"center center","background-size":"auto","background-attachment":"scroll","background-type":"","background-media":"","overlay-type":"","overlay-color":"","overlay-opacity":"","overlay-gradient":""},"tablet":{"background-color":"var(--ast-global-color-5)","background-image":"","background-repeat":"repeat","background-position":"center center","background-size":"auto","background-attachment":"scroll","background-type":"","background-media":"","overlay-type":"","overlay-color":"","overlay-opacity":"","overlay-gradient":""},"mobile":{"background-color":"var(--ast-global-color-5)","background-image":"","background-repeat":"repeat","background-position":"center center","background-size":"auto","background-attachment":"scroll","background-type":"","background-media":"","overlay-type":"","overlay-color":"","overlay-opacity":"","overlay-gradient":""}},"iawp_total_views":9},"product_brand":[],"product_cat":[632,636],"product_tag":[],"class_list":{"0":"post-17391","1":"product","2":"type-product","3":"status-publish","4":"has-post-thumbnail","6":"product_cat-usb","7":"product_cat-usb-2-0-cables","8":"desktop-align-left","9":"tablet-align-left","10":"mobile-align-left","12":"first","13":"instock","14":"shipping-taxable","15":"purchasable","16":"product-type-simple"},"acf":[],"_links":{"self":[{"href":"https:\/\/www.fjpremium.com\/fr\/wp-json\/wp\/v2\/product\/17391","targetHints":{"allow":["GET"]}}],"collection":[{"href":"https:\/\/www.fjpremium.com\/fr\/wp-json\/wp\/v2\/product"}],"about":[{"href":"https:\/\/www.fjpremium.com\/fr\/wp-json\/wp\/v2\/types\/product"}],"wp:featuredmedia":[{"embeddable":true,"href":"https:\/\/www.fjpremium.com\/fr\/wp-json\/wp\/v2\/media\/17392"}],"wp:attachment":[{"href":"https:\/\/www.fjpremium.com\/fr\/wp-json\/wp\/v2\/media?parent=17391"}],"wp:term":[{"taxonomy":"product_brand","embeddable":true,"href":"https:\/\/www.fjpremium.com\/fr\/wp-json\/wp\/v2\/product_brand?post=17391"},{"taxonomy":"product_cat","embeddable":true,"href":"https:\/\/www.fjpremium.com\/fr\/wp-json\/wp\/v2\/product_cat?post=17391"},{"taxonomy":"product_tag","embeddable":true,"href":"https:\/\/www.fjpremium.com\/fr\/wp-json\/wp\/v2\/product_tag?post=17391"}],"curies":[{"name":"wp","href":"https:\/\/api.w.org\/{rel}","templated":true}]}}