{"id":17370,"date":"2021-03-10T15:51:25","date_gmt":"2021-03-10T07:51:25","guid":{"rendered":"https:\/\/www.fjpremium.com\/?post_type=product&#038;p=17370"},"modified":"2023-12-14T13:58:52","modified_gmt":"2023-12-14T05:58:52","slug":"high-speed-usb-2-0-type-a-male-to-type-b-male-printer-cable-480mbps","status":"publish","type":"product","link":"https:\/\/www.fjpremium.com\/fr\/product\/high-speed-usb-2-0-type-a-male-to-type-b-male-printer-cable-480mbps\/","title":{"rendered":"C\u00e2ble d'imprimante USB 2.0 Type A m\u00e2le vers Type B m\u00e2le haute vitesse, 480Mbps"},"content":{"rendered":"<p>Le c\u00e2ble d'imprimante haute vitesse est le compagnon id\u00e9al de votre imprimante, scanner, hub USB et autres p\u00e9riph\u00e9riques USB dot\u00e9s d'un port USB 2.0 B, \u00e9levant vos interactions num\u00e9riques \u00e0 de nouveaux sommets.<\/p>\n<p>Il vous offre un taux de transfert allant jusqu'\u00e0 480 Mbps, garantissant un transfert de donn\u00e9es rapide et efficace.<\/p>\n<p>De plus, son superbe blindage par feuille et tresse constitue une formidable protection contre les interf\u00e9rences EMI\/RFI.<\/p>\n<p>En m\u00eame temps, la construction \u00e0 paires torsad\u00e9es r\u00e9duit consid\u00e9rablement la diaphonie, vous assurant un \u00e9change de donn\u00e9es \u00e0 grande vitesse et sans erreur.<\/p>\n<p>Envelopp\u00e9 dans une gaine en PVC durable et flexible, notre c\u00e2ble est non seulement fonctionnel mais aussi r\u00e9sistant.<\/p>\n<p>Ses caract\u00e9ristiques :<\/p>\n<ul>\n<li>Contact plaqu\u00e9 or, coque plaqu\u00e9e nickel<\/li>\n<li>Conducteur du c\u00e2ble : Cuivre nu<\/li>\n<li>Isolation : PE SKIN\/HDPE mouss\u00e9<\/li>\n<li>Calibre du fil : 28\/28AWG<\/li>\n<li>Bo\u00eetier : Moule \u00e0 injection<\/li>\n<li>Puce : N\/M<\/li>\n<li>Diam\u00e8tre ext\u00e9rieur : 4,2\u00b10,2mm<\/li>\n<li>Conformit\u00e9 : RoHS, REACH<\/li>\n<\/ul>\n<p>Et vous pouvez faire confiance \u00e0 notre engagement de qualit\u00e9, soulign\u00e9 par une garantie de 2 ans. En conclusion, contactez-nous d\u00e8s aujourd'hui et commandez-la.<\/p>","protected":false},"excerpt":{"rendered":"<p>Revitalisez la connectivit\u00e9 num\u00e9rique avec le c\u00e2ble d&#039;imprimante haute vitesse USB 2.0 Farsince, parfait pour un transfert de donn\u00e9es rapide et sans erreur pour votre imprimante, scanner et autres p\u00e9riph\u00e9riques.<\/p>","protected":false},"featured_media":17371,"template":"","meta":{"_acf_changed":false,"_seopress_robots_primary_cat":"","_seopress_titles_title":"High Speed Printer Cable, 480Mbps - Farsince","_seopress_titles_desc":"Revitalize the digital connectivity with our igh speed printer cable, perfect for high-speed, error-free data transfer for your printer, scanner, and more.","_seopress_robots_index":"","site-sidebar-layout":"default","site-content-layout":"default","ast-site-content-layout":"default","site-content-style":"default","site-sidebar-style":"default","ast-global-header-display":"","ast-banner-title-visibility":"","ast-main-header-display":"","ast-hfb-above-header-display":"","ast-hfb-below-header-display":"","ast-hfb-mobile-header-display":"","site-post-title":"","ast-breadcrumbs-content":"","ast-featured-img":"","footer-sml-layout":"","ast-disable-related-posts":"","theme-transparent-header-meta":"default","adv-header-id-meta":"","stick-header-meta":"","header-above-stick-meta":"","header-main-stick-meta":"","header-below-stick-meta":"","astra-migrate-meta-layouts":"set","ast-page-background-enabled":"default","ast-page-background-meta":{"desktop":{"background-color":"","background-image":"","background-repeat":"repeat","background-position":"center center","background-size":"auto","background-attachment":"scroll","background-type":"","background-media":"","overlay-type":"","overlay-color":"","overlay-opacity":"","overlay-gradient":""},"tablet":{"background-color":"","background-image":"","background-repeat":"repeat","background-position":"center center","background-size":"auto","background-attachment":"scroll","background-type":"","background-media":"","overlay-type":"","overlay-color":"","overlay-opacity":"","overlay-gradient":""},"mobile":{"background-color":"","background-image":"","background-repeat":"repeat","background-position":"center center","background-size":"auto","background-attachment":"scroll","background-type":"","background-media":"","overlay-type":"","overlay-color":"","overlay-opacity":"","overlay-gradient":""}},"ast-content-background-meta":{"desktop":{"background-color":"var(--ast-global-color-5)","background-image":"","background-repeat":"repeat","background-position":"center center","background-size":"auto","background-attachment":"scroll","background-type":"","background-media":"","overlay-type":"","overlay-color":"","overlay-opacity":"","overlay-gradient":""},"tablet":{"background-color":"var(--ast-global-color-5)","background-image":"","background-repeat":"repeat","background-position":"center center","background-size":"auto","background-attachment":"scroll","background-type":"","background-media":"","overlay-type":"","overlay-color":"","overlay-opacity":"","overlay-gradient":""},"mobile":{"background-color":"var(--ast-global-color-5)","background-image":"","background-repeat":"repeat","background-position":"center center","background-size":"auto","background-attachment":"scroll","background-type":"","background-media":"","overlay-type":"","overlay-color":"","overlay-opacity":"","overlay-gradient":""}},"iawp_total_views":3},"product_brand":[],"product_cat":[632,636],"product_tag":[],"class_list":{"0":"post-17370","1":"product","2":"type-product","3":"status-publish","4":"has-post-thumbnail","6":"product_cat-usb","7":"product_cat-usb-2-0-cables","8":"desktop-align-left","9":"tablet-align-left","10":"mobile-align-left","12":"first","13":"instock","14":"shipping-taxable","15":"purchasable","16":"product-type-simple"},"acf":[],"_links":{"self":[{"href":"https:\/\/www.fjpremium.com\/fr\/wp-json\/wp\/v2\/product\/17370","targetHints":{"allow":["GET"]}}],"collection":[{"href":"https:\/\/www.fjpremium.com\/fr\/wp-json\/wp\/v2\/product"}],"about":[{"href":"https:\/\/www.fjpremium.com\/fr\/wp-json\/wp\/v2\/types\/product"}],"wp:featuredmedia":[{"embeddable":true,"href":"https:\/\/www.fjpremium.com\/fr\/wp-json\/wp\/v2\/media\/17371"}],"wp:attachment":[{"href":"https:\/\/www.fjpremium.com\/fr\/wp-json\/wp\/v2\/media?parent=17370"}],"wp:term":[{"taxonomy":"product_brand","embeddable":true,"href":"https:\/\/www.fjpremium.com\/fr\/wp-json\/wp\/v2\/product_brand?post=17370"},{"taxonomy":"product_cat","embeddable":true,"href":"https:\/\/www.fjpremium.com\/fr\/wp-json\/wp\/v2\/product_cat?post=17370"},{"taxonomy":"product_tag","embeddable":true,"href":"https:\/\/www.fjpremium.com\/fr\/wp-json\/wp\/v2\/product_tag?post=17370"}],"curies":[{"name":"wp","href":"https:\/\/api.w.org\/{rel}","templated":true}]}}