{"id":17362,"date":"2021-03-10T15:49:15","date_gmt":"2021-03-10T07:49:15","guid":{"rendered":"https:\/\/www.fjpremium.com\/?post_type=product&#038;p=17362"},"modified":"2023-12-14T13:58:53","modified_gmt":"2023-12-14T05:58:53","slug":"usb-2-0-a-male-to-a-female-repeater-active-extension-cable-up-to-30m-480mbps","status":"publish","type":"product","link":"https:\/\/www.fjpremium.com\/fr\/product\/usb-2-0-a-male-to-a-female-repeater-active-extension-cable-up-to-30m-480mbps\/","title":{"rendered":"C\u00e2ble de rallonge active 30M USB 2.0 A m\u00e2le vers A femelle, 480Mbps"},"content":{"rendered":"<p>Notre c\u00e2ble sort de l'ordinaire gr\u00e2ce \u00e0 une puce int\u00e9gr\u00e9e de haute qualit\u00e9 con\u00e7ue pour des applications longue distance allant jusqu'\u00e0 30 m\u00e8tres.<\/p>\n<p>Parfaitement adapt\u00e9 \u00e0 vos claviers, souris, modems, imprimantes et autres p\u00e9riph\u00e9riques USB \u00e9quip\u00e9s d'un port USB 2.0 A, il \u00e9largit votre champ d'action sans compromettre la qualit\u00e9.<\/p>\n<p>Ce c\u00e2ble d'extension de 30M repousse les limites avec un taux de transfert allant jusqu'\u00e0 480 Mbps, garantissant que la distance n'entrave pas la vitesse ou l'efficacit\u00e9.<\/p>\n<p>Son blindage robuste par feuille et tresse s'oppose aux interf\u00e9rences EMI\/RFI, et sa construction \u00e0 paires torsad\u00e9es diminue la diaphonie, ouvrant la voie \u00e0 un transfert de donn\u00e9es \u00e0 grande vitesse et sans erreur.<\/p>\n<p>Ses caract\u00e9ristiques :<\/p>\n<ul>\n<li>Contact plaqu\u00e9 or, coque plaqu\u00e9e nickel<\/li>\n<li>Conducteur du c\u00e2ble : Cuivre nu<\/li>\n<li>Isolation : PE SKIN\/HDPE mouss\u00e9<\/li>\n<li>Calibre du fil : 28\/28AWG<\/li>\n<li>Bo\u00eetier : Moule \u00e0 injection<\/li>\n<li>Puce : N\/M<\/li>\n<li>Diam\u00e8tre ext\u00e9rieur : 4,2\u00b10,2mm<\/li>\n<li>Conformit\u00e9 : RoHS, REACH<\/li>\n<\/ul>\n<p>De plus, envelopp\u00e9 d'une gaine en PVC flexible, il r\u00e9pond aux normes industrielles et b\u00e9n\u00e9ficie d'une garantie de 2 ans de la part de Farsince. En r\u00e9sum\u00e9, contactez-nous d\u00e8s aujourd'hui et optez pour le c\u00e2ble.<\/p>","protected":false},"excerpt":{"rendered":"<p>\u00c9tendez votre port\u00e9e num\u00e9rique avec le c\u00e2ble d'extension actif 30M Farsince USB 2.0 A m\u00e2le vers A femelle, con\u00e7u pour les applications longue distance.<\/p>","protected":false},"featured_media":17363,"template":"","meta":{"_acf_changed":false,"_seopress_robots_primary_cat":"","_seopress_titles_title":"USB 2.0 A Male to A Female Repeater Active 30m Extension Cable - Farsince","_seopress_titles_desc":"Extend your USB connection with FarSince&#039;s USB 2.0 A Male to A Female Repeater Active 30m Extension Cable. Our cable supports high-speed data transfer up to 480Mbps and can extend your USB connection up to 30m. ","_seopress_robots_index":"","site-sidebar-layout":"default","site-content-layout":"default","ast-site-content-layout":"default","site-content-style":"default","site-sidebar-style":"default","ast-global-header-display":"","ast-banner-title-visibility":"","ast-main-header-display":"","ast-hfb-above-header-display":"","ast-hfb-below-header-display":"","ast-hfb-mobile-header-display":"","site-post-title":"","ast-breadcrumbs-content":"","ast-featured-img":"","footer-sml-layout":"","ast-disable-related-posts":"","theme-transparent-header-meta":"default","adv-header-id-meta":"","stick-header-meta":"","header-above-stick-meta":"","header-main-stick-meta":"","header-below-stick-meta":"","astra-migrate-meta-layouts":"set","ast-page-background-enabled":"default","ast-page-background-meta":{"desktop":{"background-color":"","background-image":"","background-repeat":"repeat","background-position":"center center","background-size":"auto","background-attachment":"scroll","background-type":"","background-media":"","overlay-type":"","overlay-color":"","overlay-opacity":"","overlay-gradient":""},"tablet":{"background-color":"","background-image":"","background-repeat":"repeat","background-position":"center center","background-size":"auto","background-attachment":"scroll","background-type":"","background-media":"","overlay-type":"","overlay-color":"","overlay-opacity":"","overlay-gradient":""},"mobile":{"background-color":"","background-image":"","background-repeat":"repeat","background-position":"center center","background-size":"auto","background-attachment":"scroll","background-type":"","background-media":"","overlay-type":"","overlay-color":"","overlay-opacity":"","overlay-gradient":""}},"ast-content-background-meta":{"desktop":{"background-color":"var(--ast-global-color-5)","background-image":"","background-repeat":"repeat","background-position":"center center","background-size":"auto","background-attachment":"scroll","background-type":"","background-media":"","overlay-type":"","overlay-color":"","overlay-opacity":"","overlay-gradient":""},"tablet":{"background-color":"var(--ast-global-color-5)","background-image":"","background-repeat":"repeat","background-position":"center center","background-size":"auto","background-attachment":"scroll","background-type":"","background-media":"","overlay-type":"","overlay-color":"","overlay-opacity":"","overlay-gradient":""},"mobile":{"background-color":"var(--ast-global-color-5)","background-image":"","background-repeat":"repeat","background-position":"center center","background-size":"auto","background-attachment":"scroll","background-type":"","background-media":"","overlay-type":"","overlay-color":"","overlay-opacity":"","overlay-gradient":""}},"iawp_total_views":4},"product_brand":[],"product_cat":[632,636],"product_tag":[],"class_list":{"0":"post-17362","1":"product","2":"type-product","3":"status-publish","4":"has-post-thumbnail","6":"product_cat-usb","7":"product_cat-usb-2-0-cables","8":"desktop-align-left","9":"tablet-align-left","10":"mobile-align-left","12":"first","13":"instock","14":"shipping-taxable","15":"purchasable","16":"product-type-simple"},"acf":[],"_links":{"self":[{"href":"https:\/\/www.fjpremium.com\/fr\/wp-json\/wp\/v2\/product\/17362","targetHints":{"allow":["GET"]}}],"collection":[{"href":"https:\/\/www.fjpremium.com\/fr\/wp-json\/wp\/v2\/product"}],"about":[{"href":"https:\/\/www.fjpremium.com\/fr\/wp-json\/wp\/v2\/types\/product"}],"wp:featuredmedia":[{"embeddable":true,"href":"https:\/\/www.fjpremium.com\/fr\/wp-json\/wp\/v2\/media\/17363"}],"wp:attachment":[{"href":"https:\/\/www.fjpremium.com\/fr\/wp-json\/wp\/v2\/media?parent=17362"}],"wp:term":[{"taxonomy":"product_brand","embeddable":true,"href":"https:\/\/www.fjpremium.com\/fr\/wp-json\/wp\/v2\/product_brand?post=17362"},{"taxonomy":"product_cat","embeddable":true,"href":"https:\/\/www.fjpremium.com\/fr\/wp-json\/wp\/v2\/product_cat?post=17362"},{"taxonomy":"product_tag","embeddable":true,"href":"https:\/\/www.fjpremium.com\/fr\/wp-json\/wp\/v2\/product_tag?post=17362"}],"curies":[{"name":"wp","href":"https:\/\/api.w.org\/{rel}","templated":true}]}}