{"id":17355,"date":"2021-03-10T15:47:28","date_gmt":"2021-03-10T07:47:28","guid":{"rendered":"https:\/\/www.fjpremium.com\/?post_type=product&#038;p=17355"},"modified":"2023-12-14T13:58:53","modified_gmt":"2023-12-14T05:58:53","slug":"high-speed-usb-2-0-type-a-male-to-type-a-female-extension-cable-480mbps","status":"publish","type":"product","link":"https:\/\/www.fjpremium.com\/fr\/product\/high-speed-usb-2-0-type-a-male-to-type-a-female-extension-cable-480mbps\/","title":{"rendered":"C\u00e2ble d'extension USB 2.0 haute vitesse Type A m\u00e2le vers Type A femelle, 480Mbps"},"content":{"rendered":"<p>Con\u00e7u pour le professionnel moderne, ce c\u00e2ble \u00e0 haut d\u00e9bit garantit que la distance n'est plus un obstacle entre vos appareils.<\/p>\n<p>Que vous travailliez avec des claviers, des souris, des imprimantes ou tout autre p\u00e9riph\u00e9rique \u00e9quip\u00e9 d'un port USB 2.0 A, il offre l'extension dont vous avez besoin sans compromettre la qualit\u00e9 du signal.<\/p>\n<p>De plus, avec un taux de transfert impressionnant de 480 Mbps, les donn\u00e9es se d\u00e9placent rapidement et sans erreur.<\/p>\n<p>Gr\u00e2ce \u00e0 la conception m\u00e9ticuleuse du c\u00e2ble USB 2.0 \u00e0 haut d\u00e9bit, avec blindage par feuille et tresse, vous \u00eates assur\u00e9 d'\u00eatre immunis\u00e9 contre les interf\u00e9rences EMI\/RFI.<\/p>\n<p>La construction \u00e0 paires torsad\u00e9es r\u00e9duit encore la diaphonie, assurant un transfert de donn\u00e9es sans faille.<\/p>\n<p>Ses caract\u00e9ristiques :<\/p>\n<ul>\n<li>Contact plaqu\u00e9 or, coque plaqu\u00e9e nickel<\/li>\n<li>Conducteur du c\u00e2ble : Cuivre nu<\/li>\n<li>Isolation : PE SKIN\/HDPE mouss\u00e9<\/li>\n<li>Calibre du fil : 28\/28AWG<\/li>\n<li>Blindage : 32#\/0.12mm AL-MG tresse<\/li>\n<li>Bo\u00eetier : Moule \u00e0 injection<\/li>\n<li>Puce : N\/M<\/li>\n<li>Gaine : PVC<\/li>\n<li>Diam\u00e8tre ext\u00e9rieur : 4,2\u00b10,2mm<\/li>\n<li>Conformit\u00e9 : RoHS, REACH<\/li>\n<\/ul>\n<p>Il n'est pas seulement fonctionnel, il est aussi tr\u00e8s durable et b\u00e9n\u00e9ficie de la confiance et de la promesse de la garantie de 2 ans de Farsince. N'h\u00e9sitez donc pas \u00e0 nous contacter d\u00e8s aujourd'hui pour le commander.<\/p>","protected":false},"excerpt":{"rendered":"<p>D\u00e9couvrez une connectivit\u00e9 sans pr\u00e9c\u00e9dent avec le c\u00e2ble USB 2.0 haute vitesse de Farsince, qui permet des transferts rapides de 480 Mbps et une int\u00e9grit\u00e9 de signal exceptionnelle.<\/p>","protected":false},"featured_media":17356,"template":"","meta":{"_acf_changed":false,"_seopress_robots_primary_cat":"","_seopress_titles_title":"Best High Speed USB 2.0 Cable - Farsince","_seopress_titles_desc":"","_seopress_robots_index":"","site-sidebar-layout":"default","site-content-layout":"default","ast-site-content-layout":"default","site-content-style":"default","site-sidebar-style":"default","ast-global-header-display":"","ast-banner-title-visibility":"","ast-main-header-display":"","ast-hfb-above-header-display":"","ast-hfb-below-header-display":"","ast-hfb-mobile-header-display":"","site-post-title":"","ast-breadcrumbs-content":"","ast-featured-img":"","footer-sml-layout":"","ast-disable-related-posts":"","theme-transparent-header-meta":"default","adv-header-id-meta":"","stick-header-meta":"","header-above-stick-meta":"","header-main-stick-meta":"","header-below-stick-meta":"","astra-migrate-meta-layouts":"set","ast-page-background-enabled":"default","ast-page-background-meta":{"desktop":{"background-color":"","background-image":"","background-repeat":"repeat","background-position":"center center","background-size":"auto","background-attachment":"scroll","background-type":"","background-media":"","overlay-type":"","overlay-color":"","overlay-opacity":"","overlay-gradient":""},"tablet":{"background-color":"","background-image":"","background-repeat":"repeat","background-position":"center center","background-size":"auto","background-attachment":"scroll","background-type":"","background-media":"","overlay-type":"","overlay-color":"","overlay-opacity":"","overlay-gradient":""},"mobile":{"background-color":"","background-image":"","background-repeat":"repeat","background-position":"center center","background-size":"auto","background-attachment":"scroll","background-type":"","background-media":"","overlay-type":"","overlay-color":"","overlay-opacity":"","overlay-gradient":""}},"ast-content-background-meta":{"desktop":{"background-color":"var(--ast-global-color-5)","background-image":"","background-repeat":"repeat","background-position":"center center","background-size":"auto","background-attachment":"scroll","background-type":"","background-media":"","overlay-type":"","overlay-color":"","overlay-opacity":"","overlay-gradient":""},"tablet":{"background-color":"var(--ast-global-color-5)","background-image":"","background-repeat":"repeat","background-position":"center center","background-size":"auto","background-attachment":"scroll","background-type":"","background-media":"","overlay-type":"","overlay-color":"","overlay-opacity":"","overlay-gradient":""},"mobile":{"background-color":"var(--ast-global-color-5)","background-image":"","background-repeat":"repeat","background-position":"center center","background-size":"auto","background-attachment":"scroll","background-type":"","background-media":"","overlay-type":"","overlay-color":"","overlay-opacity":"","overlay-gradient":""}},"iawp_total_views":7},"product_brand":[],"product_cat":[632,636],"product_tag":[],"class_list":{"0":"post-17355","1":"product","2":"type-product","3":"status-publish","4":"has-post-thumbnail","6":"product_cat-usb","7":"product_cat-usb-2-0-cables","8":"desktop-align-left","9":"tablet-align-left","10":"mobile-align-left","12":"first","13":"instock","14":"shipping-taxable","15":"purchasable","16":"product-type-simple"},"acf":[],"_links":{"self":[{"href":"https:\/\/www.fjpremium.com\/fr\/wp-json\/wp\/v2\/product\/17355","targetHints":{"allow":["GET"]}}],"collection":[{"href":"https:\/\/www.fjpremium.com\/fr\/wp-json\/wp\/v2\/product"}],"about":[{"href":"https:\/\/www.fjpremium.com\/fr\/wp-json\/wp\/v2\/types\/product"}],"wp:featuredmedia":[{"embeddable":true,"href":"https:\/\/www.fjpremium.com\/fr\/wp-json\/wp\/v2\/media\/17356"}],"wp:attachment":[{"href":"https:\/\/www.fjpremium.com\/fr\/wp-json\/wp\/v2\/media?parent=17355"}],"wp:term":[{"taxonomy":"product_brand","embeddable":true,"href":"https:\/\/www.fjpremium.com\/fr\/wp-json\/wp\/v2\/product_brand?post=17355"},{"taxonomy":"product_cat","embeddable":true,"href":"https:\/\/www.fjpremium.com\/fr\/wp-json\/wp\/v2\/product_cat?post=17355"},{"taxonomy":"product_tag","embeddable":true,"href":"https:\/\/www.fjpremium.com\/fr\/wp-json\/wp\/v2\/product_tag?post=17355"}],"curies":[{"name":"wp","href":"https:\/\/api.w.org\/{rel}","templated":true}]}}