{"id":17324,"date":"2021-03-10T15:37:10","date_gmt":"2021-03-10T07:37:10","guid":{"rendered":"https:\/\/www.fjpremium.com\/?post_type=product&#038;p=17324"},"modified":"2023-06-27T10:55:29","modified_gmt":"2023-06-27T02:55:29","slug":"usb-3-1-type-c-male-to-female-extension-cable-3","status":"publish","type":"product","link":"https:\/\/www.fjpremium.com\/fr\/product\/usb-3-1-type-c-male-to-female-extension-cable-3\/","title":{"rendered":"C\u00e2ble d'extension USB de type C m\u00e2le-femelle"},"content":{"rendered":"<p>Que vous utilisiez un smartphone, un ordinateur, une tablette, un appareil photo num\u00e9rique ou tout autre appareil USB-C, le c\u00e2ble d'extension offre le confort n\u00e9cessaire.<\/p>\n<p>Con\u00e7u avec un taux de transfert de donn\u00e9es super rapide allant jusqu'\u00e0 10Gbps, il est dot\u00e9 d'un connecteur USB-C polyvalent et r\u00e9versible, garantissant la facilit\u00e9 de branchement dans n'importe quelle orientation.<\/p>\n<p>De plus, il prend en charge la r\u00e9solution vid\u00e9o 4Kx2K \u00e0 60 Hz, ce qui le rend id\u00e9al pour le streaming vid\u00e9o et les configurations de jeu.<\/p>\n<p>Outre le transfert de donn\u00e9es, ce c\u00e2ble d'extension USB m\u00e2le-femelle fournit une puissance de 60 W et prend en charge la charge rapide \u00e0 20 V et 3 A. Il garantit une charge rapide et s\u00fbre de vos appareils. Cela garantit une charge rapide et s\u00fbre de vos appareils.<\/p>\n<p>Et gr\u00e2ce \u00e0 un chipset \u00e0 marquage \u00e9lectronique (E-Marker), il garantit une alimentation stable, pr\u00e9servant ainsi la s\u00e9curit\u00e9 et l'efficacit\u00e9 de l'appareil.<\/p>\n<p>Con\u00e7u pour offrir d'excellentes performances, notre c\u00e2ble est dot\u00e9 d'un triple blindage et d'une paire torsad\u00e9e, ce qui lui conf\u00e8re une immunit\u00e9 totale aux interf\u00e9rences EMI\/RFI et garantit un transfert de donn\u00e9es sans erreur.<\/p>\n<p>Il est \u00e9galement dot\u00e9 d'une gaine en PVC flexible pour une plus grande long\u00e9vit\u00e9.<\/p>\n<p>Ses caract\u00e9ristiques :<\/p>\n<ul>\n<li>Connecteur 1 : USB Type-C m\u00e2le<\/li>\n<li>Connecteur 2 : USB Type-C femelle<\/li>\n<li>Contact plaqu\u00e9 or, coque plaqu\u00e9e nickel<\/li>\n<li>Conducteur du c\u00e2ble : Cuivre \u00e9tam\u00e9<\/li>\n<li>Isolation : PE SKIN\/HDPE mouss\u00e9<\/li>\n<li>Calibre des fils : 32\/32\/26AWG<\/li>\n<li>Bo\u00eetier : Moulage par injection<\/li>\n<li>Diam\u00e8tre ext\u00e9rieur : 4,5\u00b10,2mm<\/li>\n<\/ul>\n<p>De plus, certifi\u00e9 par RoHS, REACH et CE, vous pouvez \u00eatre assur\u00e9 de la qualit\u00e9 du produit et des normes de s\u00e9curit\u00e9. Et nous vous offrons une garantie de 2 ans.<\/p>\n<p>En r\u00e9sum\u00e9, contactez-nous d\u00e8s aujourd'hui et investissez dans notre c\u00e2ble d'extension USB m\u00e2le-femelle.<\/p>","protected":false},"excerpt":{"rendered":"<p>Ce c\u00e2ble d'extension USB m\u00e2le-femelle de Farsince constitue un moyen fiable et efficace d'\u00e9tendre vos connexions USB de type C.<\/p>","protected":false},"featured_media":17343,"template":"","meta":{"_acf_changed":false,"_seopress_robots_primary_cat":"","_seopress_titles_title":"Best Type C USB Extension Cable Male to Female - FARSINCE","_seopress_titles_desc":"This Farsince USB extension cable male to female provides a reliable and efficient way to extend your USB Type C connections.","_seopress_robots_index":"","site-sidebar-layout":"default","site-content-layout":"default","ast-site-content-layout":"default","site-content-style":"default","site-sidebar-style":"default","ast-global-header-display":"","ast-banner-title-visibility":"","ast-main-header-display":"","ast-hfb-above-header-display":"","ast-hfb-below-header-display":"","ast-hfb-mobile-header-display":"","site-post-title":"","ast-breadcrumbs-content":"","ast-featured-img":"","footer-sml-layout":"","ast-disable-related-posts":"","theme-transparent-header-meta":"default","adv-header-id-meta":"","stick-header-meta":"","header-above-stick-meta":"","header-main-stick-meta":"","header-below-stick-meta":"","astra-migrate-meta-layouts":"default","ast-page-background-enabled":"default","ast-page-background-meta":{"desktop":{"background-color":"","background-image":"","background-repeat":"repeat","background-position":"center center","background-size":"auto","background-attachment":"scroll","background-type":"","background-media":"","overlay-type":"","overlay-color":"","overlay-opacity":"","overlay-gradient":""},"tablet":{"background-color":"","background-image":"","background-repeat":"repeat","background-position":"center center","background-size":"auto","background-attachment":"scroll","background-type":"","background-media":"","overlay-type":"","overlay-color":"","overlay-opacity":"","overlay-gradient":""},"mobile":{"background-color":"","background-image":"","background-repeat":"repeat","background-position":"center center","background-size":"auto","background-attachment":"scroll","background-type":"","background-media":"","overlay-type":"","overlay-color":"","overlay-opacity":"","overlay-gradient":""}},"ast-content-background-meta":{"desktop":{"background-color":"var(--ast-global-color-5)","background-image":"","background-repeat":"repeat","background-position":"center center","background-size":"auto","background-attachment":"scroll","background-type":"","background-media":"","overlay-type":"","overlay-color":"","overlay-opacity":"","overlay-gradient":""},"tablet":{"background-color":"var(--ast-global-color-5)","background-image":"","background-repeat":"repeat","background-position":"center center","background-size":"auto","background-attachment":"scroll","background-type":"","background-media":"","overlay-type":"","overlay-color":"","overlay-opacity":"","overlay-gradient":""},"mobile":{"background-color":"var(--ast-global-color-5)","background-image":"","background-repeat":"repeat","background-position":"center center","background-size":"auto","background-attachment":"scroll","background-type":"","background-media":"","overlay-type":"","overlay-color":"","overlay-opacity":"","overlay-gradient":""}},"iawp_total_views":6},"product_brand":[],"product_cat":[222],"product_tag":[],"class_list":{"0":"post-17324","1":"product","2":"type-product","3":"status-publish","4":"has-post-thumbnail","6":"product_cat-usb-c-cables","7":"desktop-align-left","8":"tablet-align-left","9":"mobile-align-left","11":"first","12":"instock","13":"shipping-taxable","14":"purchasable","15":"product-type-simple"},"acf":[],"_links":{"self":[{"href":"https:\/\/www.fjpremium.com\/fr\/wp-json\/wp\/v2\/product\/17324","targetHints":{"allow":["GET"]}}],"collection":[{"href":"https:\/\/www.fjpremium.com\/fr\/wp-json\/wp\/v2\/product"}],"about":[{"href":"https:\/\/www.fjpremium.com\/fr\/wp-json\/wp\/v2\/types\/product"}],"wp:featuredmedia":[{"embeddable":true,"href":"https:\/\/www.fjpremium.com\/fr\/wp-json\/wp\/v2\/media\/17343"}],"wp:attachment":[{"href":"https:\/\/www.fjpremium.com\/fr\/wp-json\/wp\/v2\/media?parent=17324"}],"wp:term":[{"taxonomy":"product_brand","embeddable":true,"href":"https:\/\/www.fjpremium.com\/fr\/wp-json\/wp\/v2\/product_brand?post=17324"},{"taxonomy":"product_cat","embeddable":true,"href":"https:\/\/www.fjpremium.com\/fr\/wp-json\/wp\/v2\/product_cat?post=17324"},{"taxonomy":"product_tag","embeddable":true,"href":"https:\/\/www.fjpremium.com\/fr\/wp-json\/wp\/v2\/product_tag?post=17324"}],"curies":[{"name":"wp","href":"https:\/\/api.w.org\/{rel}","templated":true}]}}