{"id":17323,"date":"2021-03-10T15:37:09","date_gmt":"2021-03-10T07:37:09","guid":{"rendered":"https:\/\/www.fjpremium.com\/?post_type=product&#038;p=17323"},"modified":"2023-06-27T10:56:36","modified_gmt":"2023-06-27T02:56:36","slug":"usb-3-1-type-c-male-to-female-extension-cable-2","status":"publish","type":"product","link":"https:\/\/www.fjpremium.com\/fr\/product\/usb-3-1-type-c-male-to-female-extension-cable-2\/","title":{"rendered":"C\u00e2ble d'extension USB 3.1 m\u00e2le-femelle de type C"},"content":{"rendered":"<p>Ce c\u00e2ble prend en charge le transfert de donn\u00e9es \u00e0 grande vitesse (jusqu'\u00e0 10 Gbps), ce qui permet un partage rapide et efficace des fichiers.<\/p>\n<p>Ses connecteurs USB-C r\u00e9versibles permettent un branchement facile dans n'importe quelle orientation.<\/p>\n<p>Il prend \u00e9galement en charge la r\u00e9solution vid\u00e9o 4Kx2K \u00e0 60 Hz, ce qui en fait un choix pratique pour les configurations multim\u00e9dias.<\/p>\n<p>Notre c\u00e2ble d'extension USB 3.1 m\u00e2le-femelle prend en charge la charge rapide \u00e0 20 V et 3 A, ce qui garantit que vos appareils se chargent rapidement et en toute s\u00e9curit\u00e9.<\/p>\n<p>Son chipset \u00e0 marquage \u00e9lectronique (E-Marker) facilite une alimentation stable.<\/p>\n<p>Ses caract\u00e9ristiques :<\/p>\n<ul>\n<li>Connecteur 1 : USB Type-C m\u00e2le<\/li>\n<li>Connecteur 2 : USB Type-C femelle<\/li>\n<li>Contact plaqu\u00e9 or, coque plaqu\u00e9e nickel<\/li>\n<li>Conducteur du c\u00e2ble : Cuivre \u00e9tam\u00e9<\/li>\n<li>Isolation : PE SKIN\/HDPE mouss\u00e9<\/li>\n<li>Calibre des fils : 32\/32\/26AWG<\/li>\n<li>Bo\u00eetier : Moulage par injection<\/li>\n<li>Diam\u00e8tre ext\u00e9rieur : 4,5\u00b10,2mm<\/li>\n<\/ul>\n<p>De plus, la conception robuste du c\u00e2ble comprend une gaine en PVC flexible, un blindage par feuille et tresse, et une construction \u00e0 paires torsad\u00e9es pour des performances et une durabilit\u00e9 sup\u00e9rieures.<\/p>\n<p>Il est conforme aux normes RoHS, REACH et CE et b\u00e9n\u00e9ficie d'une garantie de 2 ans, gage de qualit\u00e9 et de tranquillit\u00e9 d'esprit.<\/p>\n<p>Contactez-nous donc d\u00e8s aujourd'hui et investissez dans notre c\u00e2ble d'extension USB 3.1 m\u00e2le-femelle.<\/p>","protected":false},"excerpt":{"rendered":"<p>\u00c9tendez vos connexions USB Type C avec le c\u00e2ble d&#039;extension USB 3.1 m\u00e2le \u00e0 femelle de type C haute vitesse de Farsince. B\u00e9n\u00e9ficiez d&#039;un transfert de donn\u00e9es rapide, d&#039;une r\u00e9solution vid\u00e9o 4K et d&#039;une prise en charge rapide.<\/p>","protected":false},"featured_media":17339,"template":"","meta":{"_acf_changed":false,"_seopress_robots_primary_cat":"","_seopress_titles_title":"Type C USB 3.1 Male to Female Extension Cable - FARSINCE","_seopress_titles_desc":"Extend your USB Type C connections with Farsince&#039;s high-speed Type C USB 3.1  male to female extension cable. Experience swift data transfer.","_seopress_robots_index":"","site-sidebar-layout":"default","site-content-layout":"default","ast-site-content-layout":"default","site-content-style":"default","site-sidebar-style":"default","ast-global-header-display":"","ast-banner-title-visibility":"","ast-main-header-display":"","ast-hfb-above-header-display":"","ast-hfb-below-header-display":"","ast-hfb-mobile-header-display":"","site-post-title":"","ast-breadcrumbs-content":"","ast-featured-img":"","footer-sml-layout":"","ast-disable-related-posts":"","theme-transparent-header-meta":"default","adv-header-id-meta":"","stick-header-meta":"","header-above-stick-meta":"","header-main-stick-meta":"","header-below-stick-meta":"","astra-migrate-meta-layouts":"default","ast-page-background-enabled":"default","ast-page-background-meta":{"desktop":{"background-color":"","background-image":"","background-repeat":"repeat","background-position":"center center","background-size":"auto","background-attachment":"scroll","background-type":"","background-media":"","overlay-type":"","overlay-color":"","overlay-opacity":"","overlay-gradient":""},"tablet":{"background-color":"","background-image":"","background-repeat":"repeat","background-position":"center center","background-size":"auto","background-attachment":"scroll","background-type":"","background-media":"","overlay-type":"","overlay-color":"","overlay-opacity":"","overlay-gradient":""},"mobile":{"background-color":"","background-image":"","background-repeat":"repeat","background-position":"center center","background-size":"auto","background-attachment":"scroll","background-type":"","background-media":"","overlay-type":"","overlay-color":"","overlay-opacity":"","overlay-gradient":""}},"ast-content-background-meta":{"desktop":{"background-color":"var(--ast-global-color-5)","background-image":"","background-repeat":"repeat","background-position":"center center","background-size":"auto","background-attachment":"scroll","background-type":"","background-media":"","overlay-type":"","overlay-color":"","overlay-opacity":"","overlay-gradient":""},"tablet":{"background-color":"var(--ast-global-color-5)","background-image":"","background-repeat":"repeat","background-position":"center center","background-size":"auto","background-attachment":"scroll","background-type":"","background-media":"","overlay-type":"","overlay-color":"","overlay-opacity":"","overlay-gradient":""},"mobile":{"background-color":"var(--ast-global-color-5)","background-image":"","background-repeat":"repeat","background-position":"center center","background-size":"auto","background-attachment":"scroll","background-type":"","background-media":"","overlay-type":"","overlay-color":"","overlay-opacity":"","overlay-gradient":""}},"iawp_total_views":5},"product_brand":[],"product_cat":[222],"product_tag":[],"class_list":{"0":"post-17323","1":"product","2":"type-product","3":"status-publish","4":"has-post-thumbnail","6":"product_cat-usb-c-cables","7":"desktop-align-left","8":"tablet-align-left","9":"mobile-align-left","11":"first","12":"instock","13":"shipping-taxable","14":"purchasable","15":"product-type-simple"},"acf":[],"_links":{"self":[{"href":"https:\/\/www.fjpremium.com\/fr\/wp-json\/wp\/v2\/product\/17323","targetHints":{"allow":["GET"]}}],"collection":[{"href":"https:\/\/www.fjpremium.com\/fr\/wp-json\/wp\/v2\/product"}],"about":[{"href":"https:\/\/www.fjpremium.com\/fr\/wp-json\/wp\/v2\/types\/product"}],"wp:featuredmedia":[{"embeddable":true,"href":"https:\/\/www.fjpremium.com\/fr\/wp-json\/wp\/v2\/media\/17339"}],"wp:attachment":[{"href":"https:\/\/www.fjpremium.com\/fr\/wp-json\/wp\/v2\/media?parent=17323"}],"wp:term":[{"taxonomy":"product_brand","embeddable":true,"href":"https:\/\/www.fjpremium.com\/fr\/wp-json\/wp\/v2\/product_brand?post=17323"},{"taxonomy":"product_cat","embeddable":true,"href":"https:\/\/www.fjpremium.com\/fr\/wp-json\/wp\/v2\/product_cat?post=17323"},{"taxonomy":"product_tag","embeddable":true,"href":"https:\/\/www.fjpremium.com\/fr\/wp-json\/wp\/v2\/product_tag?post=17323"}],"curies":[{"name":"wp","href":"https:\/\/api.w.org\/{rel}","templated":true}]}}