{"id":17322,"date":"2021-03-10T15:36:55","date_gmt":"2021-03-10T07:36:55","guid":{"rendered":"https:\/\/www.fjpremium.com\/?post_type=product&#038;p=17322"},"modified":"2023-06-27T10:58:58","modified_gmt":"2023-06-27T02:58:58","slug":"usb-3-0-type-c-male-to-type-a-female-adapter-cable-2","status":"publish","type":"product","link":"https:\/\/www.fjpremium.com\/fr\/product\/usb-3-0-type-c-male-to-type-a-female-adapter-cable-2\/","title":{"rendered":"C\u00e2ble adaptateur USB 3.0 Type C m\u00e2le vers Type A femelle"},"content":{"rendered":"<p>Ce c\u00e2ble adaptateur USB 3.0 offre un taux de transfert de donn\u00e9es allant jusqu'\u00e0 5 Gbps, ce qui permet un partage rapide et fluide des fichiers.<\/p>\n<p>Le connecteur USB-C sym\u00e9trique permet de se brancher dans n'importe quel sens pour un maximum de commodit\u00e9.<\/p>\n<p>Il prend en charge la technologie de charge rapide avec un d\u00e9bit allant jusqu'\u00e0 5 V et 2,4 A, ce qui permet de recharger vos appareils rapidement et en toute s\u00e9curit\u00e9.<\/p>\n<p>Le c\u00e2ble est dot\u00e9 d'un bo\u00eetier ABS de haute qualit\u00e9 pour une meilleure durabilit\u00e9.<\/p>\n<p>Une gaine en PVC souple, un blindage par feuille et tresse, et une construction en paires torsad\u00e9es garantissent des performances optimales et une r\u00e9duction des interf\u00e9rences.<\/p>\n<p>Ses caract\u00e9ristiques :<\/p>\n<ul>\n<li>Connecteur 1 : USB Type-C m\u00e2le<\/li>\n<li>Connecteur 2 : USB Type-A femelle<\/li>\n<li>Contact plaqu\u00e9 or, coque plaqu\u00e9e nickel<\/li>\n<li>Conducteur du c\u00e2ble : Cuivre \u00e9tam\u00e9<\/li>\n<li>Isolation : PE SKIN\/HDPE mouss\u00e9<\/li>\n<li>Calibre des fils : 30\/24AWG<\/li>\n<li>Bo\u00eetier : Moulage par injection<\/li>\n<li>Diam\u00e8tre ext\u00e9rieur : 4,5\u00b10,2mm<\/li>\n<\/ul>\n<p>De plus, conforme aux normes RoHS, REACH et CE, il b\u00e9n\u00e9ficie d'une garantie de 2 ans de la part de Farsince pour l'assurance de la qualit\u00e9.<\/p>\n<p>En conclusion, contactez-nous d\u00e8s aujourd'hui et commandez le c\u00e2ble adaptateur USB 3.0.<\/p>","protected":false},"excerpt":{"rendered":"<p>Boostez les connexions de vos appareils USB de type C et de type A avec notre c\u00e2ble adaptateur USB 3.0 \u00e0 grande vitesse, dot\u00e9 d'une prise en charge de la charge rapide et de performances sup\u00e9rieures.<\/p>","protected":false},"featured_media":17333,"template":"","meta":{"_acf_changed":false,"_seopress_robots_primary_cat":"","_seopress_titles_title":"Best USB 3.0 Adapter Cable - FARSINCE","_seopress_titles_desc":"","_seopress_robots_index":"","site-sidebar-layout":"default","site-content-layout":"default","ast-site-content-layout":"default","site-content-style":"default","site-sidebar-style":"default","ast-global-header-display":"","ast-banner-title-visibility":"","ast-main-header-display":"","ast-hfb-above-header-display":"","ast-hfb-below-header-display":"","ast-hfb-mobile-header-display":"","site-post-title":"","ast-breadcrumbs-content":"","ast-featured-img":"","footer-sml-layout":"","ast-disable-related-posts":"","theme-transparent-header-meta":"default","adv-header-id-meta":"","stick-header-meta":"","header-above-stick-meta":"","header-main-stick-meta":"","header-below-stick-meta":"","astra-migrate-meta-layouts":"default","ast-page-background-enabled":"default","ast-page-background-meta":{"desktop":{"background-color":"","background-image":"","background-repeat":"repeat","background-position":"center center","background-size":"auto","background-attachment":"scroll","background-type":"","background-media":"","overlay-type":"","overlay-color":"","overlay-opacity":"","overlay-gradient":""},"tablet":{"background-color":"","background-image":"","background-repeat":"repeat","background-position":"center center","background-size":"auto","background-attachment":"scroll","background-type":"","background-media":"","overlay-type":"","overlay-color":"","overlay-opacity":"","overlay-gradient":""},"mobile":{"background-color":"","background-image":"","background-repeat":"repeat","background-position":"center center","background-size":"auto","background-attachment":"scroll","background-type":"","background-media":"","overlay-type":"","overlay-color":"","overlay-opacity":"","overlay-gradient":""}},"ast-content-background-meta":{"desktop":{"background-color":"var(--ast-global-color-5)","background-image":"","background-repeat":"repeat","background-position":"center center","background-size":"auto","background-attachment":"scroll","background-type":"","background-media":"","overlay-type":"","overlay-color":"","overlay-opacity":"","overlay-gradient":""},"tablet":{"background-color":"var(--ast-global-color-5)","background-image":"","background-repeat":"repeat","background-position":"center center","background-size":"auto","background-attachment":"scroll","background-type":"","background-media":"","overlay-type":"","overlay-color":"","overlay-opacity":"","overlay-gradient":""},"mobile":{"background-color":"var(--ast-global-color-5)","background-image":"","background-repeat":"repeat","background-position":"center center","background-size":"auto","background-attachment":"scroll","background-type":"","background-media":"","overlay-type":"","overlay-color":"","overlay-opacity":"","overlay-gradient":""}},"iawp_total_views":5},"product_brand":[],"product_cat":[222],"product_tag":[],"class_list":{"0":"post-17322","1":"product","2":"type-product","3":"status-publish","4":"has-post-thumbnail","6":"product_cat-usb-c-cables","7":"desktop-align-left","8":"tablet-align-left","9":"mobile-align-left","11":"first","12":"instock","13":"shipping-taxable","14":"purchasable","15":"product-type-simple"},"acf":[],"_links":{"self":[{"href":"https:\/\/www.fjpremium.com\/fr\/wp-json\/wp\/v2\/product\/17322","targetHints":{"allow":["GET"]}}],"collection":[{"href":"https:\/\/www.fjpremium.com\/fr\/wp-json\/wp\/v2\/product"}],"about":[{"href":"https:\/\/www.fjpremium.com\/fr\/wp-json\/wp\/v2\/types\/product"}],"wp:featuredmedia":[{"embeddable":true,"href":"https:\/\/www.fjpremium.com\/fr\/wp-json\/wp\/v2\/media\/17333"}],"wp:attachment":[{"href":"https:\/\/www.fjpremium.com\/fr\/wp-json\/wp\/v2\/media?parent=17322"}],"wp:term":[{"taxonomy":"product_brand","embeddable":true,"href":"https:\/\/www.fjpremium.com\/fr\/wp-json\/wp\/v2\/product_brand?post=17322"},{"taxonomy":"product_cat","embeddable":true,"href":"https:\/\/www.fjpremium.com\/fr\/wp-json\/wp\/v2\/product_cat?post=17322"},{"taxonomy":"product_tag","embeddable":true,"href":"https:\/\/www.fjpremium.com\/fr\/wp-json\/wp\/v2\/product_tag?post=17322"}],"curies":[{"name":"wp","href":"https:\/\/api.w.org\/{rel}","templated":true}]}}