{"id":17321,"date":"2021-03-10T15:36:50","date_gmt":"2021-03-10T07:36:50","guid":{"rendered":"https:\/\/www.fjpremium.com\/?post_type=product&#038;p=17321"},"modified":"2023-06-27T11:00:35","modified_gmt":"2023-06-27T03:00:35","slug":"usb-3-0-type-c-male-to-type-a-female-adapter-cable","status":"publish","type":"product","link":"https:\/\/www.fjpremium.com\/fr\/product\/usb-3-0-type-c-male-to-type-a-female-adapter-cable\/","title":{"rendered":"USB 3.0 Male to Female Ethernet Cable Adapter For Laptop (Adaptateur de c\u00e2ble Ethernet USB 3.0 m\u00e2le \u00e0 femelle pour ordinateur portable)"},"content":{"rendered":"<p>Notre c\u00e2ble adaptateur USB 3.0 Type C vers Type A est une solution robuste et performante pour connecter vos appareils USB-C, comme les smartphones ou les tablettes, \u00e0 des p\u00e9riph\u00e9riques USB Type A tels que des hubs USB, des cl\u00e9s USB, des claviers ou des souris.<\/p>\n<p>Avec un taux de transfert allant jusqu'\u00e0 5 Gbps, il assure une transmission de donn\u00e9es rapide et sans erreur.<\/p>\n<p>Le c\u00e2ble prend en charge la technologie de charge rapide, d\u00e9livrant jusqu'\u00e0 5 V et 2,4 A. Son connecteur USB-C sym\u00e9trique et r\u00e9versible permet de l'utiliser sans probl\u00e8me.<\/p>\n<p>Pour des performances sup\u00e9rieures et des interf\u00e9rences minimis\u00e9es, il est dot\u00e9 d'une gaine flexible en PVC, d'un blindage par feuille et tresse, et d'une construction en paires torsad\u00e9es.<\/p>\n<p>Ses caract\u00e9ristiques :<\/p>\n<ul>\n<li>Connecteur 1 : USB Type-C m\u00e2le<\/li>\n<li>Connecteur 2 : USB Type-A femelle<\/li>\n<li>Conducteur du c\u00e2ble : Cuivre \u00e9tam\u00e9<\/li>\n<li>Isolation : PE SKIN\/HDPE mouss\u00e9<\/li>\n<li>Calibre des fils : 30\/24AWG<\/li>\n<li>Triple blindage : paire torsad\u00e9e Feuille d'aluminium, feuille d'aluminium globale, tresse<\/li>\n<li>Bo\u00eetier : Moulage par injection<\/li>\n<li>Gaine : PVC<\/li>\n<li>Diam\u00e8tre ext\u00e9rieur : 4,5\u00b10,2mm<\/li>\n<\/ul>\n<p>En outre, les contacts plaqu\u00e9s or et nickel de ce c\u00e2ble de haute qualit\u00e9 garantissent une durabilit\u00e9 et un transfert de signal optimal.<\/p>\n<p>Il est conforme aux normes RoHS, REACH et CE et b\u00e9n\u00e9ficie d'une garantie Farsince de 2 ans. Dans l'ensemble, contactez-nous d\u00e8s aujourd'hui et commandez l'adaptateur de c\u00e2ble Ethernet pour ordinateur portable.<\/p>","protected":false},"excerpt":{"rendered":"<p>Am\u00e9liorez la connectivit\u00e9 de votre appareil avec l'adaptateur de c\u00e2ble Ethernet pour ordinateur portable de Farsince, qui offre un transfert de donn\u00e9es \u00e0 grande vitesse et une technologie de charge rapide.<\/p>","protected":false},"featured_media":17325,"template":"","meta":{"_acf_changed":false,"_seopress_robots_primary_cat":"","_seopress_titles_title":"Best Ethernet Cable Adapter For Laptop - FARSINCE","_seopress_titles_desc":"","_seopress_robots_index":"","site-sidebar-layout":"default","site-content-layout":"default","ast-site-content-layout":"default","site-content-style":"default","site-sidebar-style":"default","ast-global-header-display":"","ast-banner-title-visibility":"","ast-main-header-display":"","ast-hfb-above-header-display":"","ast-hfb-below-header-display":"","ast-hfb-mobile-header-display":"","site-post-title":"","ast-breadcrumbs-content":"","ast-featured-img":"","footer-sml-layout":"","ast-disable-related-posts":"","theme-transparent-header-meta":"default","adv-header-id-meta":"","stick-header-meta":"","header-above-stick-meta":"","header-main-stick-meta":"","header-below-stick-meta":"","astra-migrate-meta-layouts":"default","ast-page-background-enabled":"default","ast-page-background-meta":{"desktop":{"background-color":"","background-image":"","background-repeat":"repeat","background-position":"center center","background-size":"auto","background-attachment":"scroll","background-type":"","background-media":"","overlay-type":"","overlay-color":"","overlay-opacity":"","overlay-gradient":""},"tablet":{"background-color":"","background-image":"","background-repeat":"repeat","background-position":"center center","background-size":"auto","background-attachment":"scroll","background-type":"","background-media":"","overlay-type":"","overlay-color":"","overlay-opacity":"","overlay-gradient":""},"mobile":{"background-color":"","background-image":"","background-repeat":"repeat","background-position":"center center","background-size":"auto","background-attachment":"scroll","background-type":"","background-media":"","overlay-type":"","overlay-color":"","overlay-opacity":"","overlay-gradient":""}},"ast-content-background-meta":{"desktop":{"background-color":"var(--ast-global-color-5)","background-image":"","background-repeat":"repeat","background-position":"center center","background-size":"auto","background-attachment":"scroll","background-type":"","background-media":"","overlay-type":"","overlay-color":"","overlay-opacity":"","overlay-gradient":""},"tablet":{"background-color":"var(--ast-global-color-5)","background-image":"","background-repeat":"repeat","background-position":"center center","background-size":"auto","background-attachment":"scroll","background-type":"","background-media":"","overlay-type":"","overlay-color":"","overlay-opacity":"","overlay-gradient":""},"mobile":{"background-color":"var(--ast-global-color-5)","background-image":"","background-repeat":"repeat","background-position":"center center","background-size":"auto","background-attachment":"scroll","background-type":"","background-media":"","overlay-type":"","overlay-color":"","overlay-opacity":"","overlay-gradient":""}},"iawp_total_views":5},"product_brand":[],"product_cat":[222],"product_tag":[],"class_list":{"0":"post-17321","1":"product","2":"type-product","3":"status-publish","4":"has-post-thumbnail","6":"product_cat-usb-c-cables","7":"desktop-align-left","8":"tablet-align-left","9":"mobile-align-left","11":"first","12":"instock","13":"shipping-taxable","14":"purchasable","15":"product-type-simple"},"acf":[],"_links":{"self":[{"href":"https:\/\/www.fjpremium.com\/fr\/wp-json\/wp\/v2\/product\/17321","targetHints":{"allow":["GET"]}}],"collection":[{"href":"https:\/\/www.fjpremium.com\/fr\/wp-json\/wp\/v2\/product"}],"about":[{"href":"https:\/\/www.fjpremium.com\/fr\/wp-json\/wp\/v2\/types\/product"}],"wp:featuredmedia":[{"embeddable":true,"href":"https:\/\/www.fjpremium.com\/fr\/wp-json\/wp\/v2\/media\/17325"}],"wp:attachment":[{"href":"https:\/\/www.fjpremium.com\/fr\/wp-json\/wp\/v2\/media?parent=17321"}],"wp:term":[{"taxonomy":"product_brand","embeddable":true,"href":"https:\/\/www.fjpremium.com\/fr\/wp-json\/wp\/v2\/product_brand?post=17321"},{"taxonomy":"product_cat","embeddable":true,"href":"https:\/\/www.fjpremium.com\/fr\/wp-json\/wp\/v2\/product_cat?post=17321"},{"taxonomy":"product_tag","embeddable":true,"href":"https:\/\/www.fjpremium.com\/fr\/wp-json\/wp\/v2\/product_tag?post=17321"}],"curies":[{"name":"wp","href":"https:\/\/api.w.org\/{rel}","templated":true}]}}