{"id":17318,"date":"2021-03-10T15:33:20","date_gmt":"2021-03-10T07:33:20","guid":{"rendered":"https:\/\/www.fjpremium.com\/?post_type=product&#038;p=17318"},"modified":"2023-06-16T15:38:34","modified_gmt":"2023-06-16T07:38:34","slug":"usb-c-to-dual-hdmi-displayport-mst-ssl-hub-2-in-1-4k-adapter-3","status":"publish","type":"product","link":"https:\/\/www.fjpremium.com\/fr\/product\/usb-c-to-dual-hdmi-displayport-mst-ssl-hub-2-in-1-4k-adapter-3\/","title":{"rendered":"MST SSL Hub 2 en 1 Adaptateur Displayport 4K vers HDMI"},"content":{"rendered":"<p>Notre adaptateur USB 3.1 Type C vers double HDMI\/DisplayPort permet de partager votre \u00e9cran sans effort, en projetant du contenu UHD depuis votre p\u00e9riph\u00e9rique USB-C vers des \u00e9crans \u00e9quip\u00e9s de HDMI ou DisplayPort, comme des t\u00e9l\u00e9viseurs HD ou des projecteurs.<\/p>\n<p>Gr\u00e2ce \u00e0 la prise en charge de la r\u00e9solution 4K (3840\u00d72160 @ 60Hz), la qualit\u00e9 de vos vid\u00e9os reste exceptionnelle.<\/p>\n<p>Cet adaptateur DisplayPort 4K vers HDMI compact est pr\u00eat \u00e0 l'emploi et ne n\u00e9cessite aucun pilote suppl\u00e9mentaire. Compatible avec MAC OS, Windows, Android et Linux, il prend en charge les modes miroir (SST) et extension (MST, Windows uniquement).<\/p>\n<p>Cependant, il est essentiel de v\u00e9rifier la sortie vid\u00e9o de votre appareil ou la compatibilit\u00e9 avec le mode DP Alt avant l'achat.<\/p>\n<p>Ses caract\u00e9ristiques :<\/p>\n<ul>\n<li>Connecteur 1 : USB Type-C m\u00e2le<\/li>\n<li>Connecteur 2 : 2xHDMI femelle\/ 2xDisplayPort femelle\/ HDMI femelle+DisplayPort femelle<\/li>\n<li>Conducteur du c\u00e2ble : Cuivre \u00e9tam\u00e9<\/li>\n<li>Isolation : PE SKIN\/HDPE mouss\u00e9<\/li>\n<li>Calibre des fils : 32\/32\/26AWG<\/li>\n<li>Bo\u00eetier : Coque en aluminium<\/li>\n<li>Puce : LT8712EXI ou STDP4320+VL100+SN75149<\/li>\n<li>Gaine : PVC<\/li>\n<li>Diam\u00e8tre ext\u00e9rieur : 4,2\u00b10,2mm<\/li>\n<li>Conformit\u00e9 : RoHS, REACH, CE<\/li>\n<\/ul>\n<p>De plus, la conception robuste de l'adaptateur comporte des contacts plaqu\u00e9s or, une coque en aluminium et un triple c\u00e2blage blind\u00e9 pour des performances optimales.<\/p>\n<p>Contactez-nous d\u00e8s aujourd'hui pour commander cet adaptateur DisplayPort 4K vers HDMI.<\/p>","protected":false},"excerpt":{"rendered":"<p>D\u00e9couvrez l'adaptateur MST SSL hub 2 en 1 4K displayport vers HDMI de Farsince, compact, plug-and-play et polyvalent sur tous les syst\u00e8mes d'exploitation.<\/p>","protected":false},"featured_media":0,"template":"","meta":{"_acf_changed":false,"_seopress_robots_primary_cat":"","_seopress_titles_title":"","_seopress_titles_desc":"","_seopress_robots_index":"","site-sidebar-layout":"default","site-content-layout":"default","ast-site-content-layout":"default","site-content-style":"default","site-sidebar-style":"default","ast-global-header-display":"","ast-banner-title-visibility":"","ast-main-header-display":"","ast-hfb-above-header-display":"","ast-hfb-below-header-display":"","ast-hfb-mobile-header-display":"","site-post-title":"","ast-breadcrumbs-content":"","ast-featured-img":"","footer-sml-layout":"","ast-disable-related-posts":"","theme-transparent-header-meta":"default","adv-header-id-meta":"","stick-header-meta":"","header-above-stick-meta":"","header-main-stick-meta":"","header-below-stick-meta":"","astra-migrate-meta-layouts":"default","ast-page-background-enabled":"default","ast-page-background-meta":{"desktop":{"background-color":"","background-image":"","background-repeat":"repeat","background-position":"center center","background-size":"auto","background-attachment":"scroll","background-type":"","background-media":"","overlay-type":"","overlay-color":"","overlay-opacity":"","overlay-gradient":""},"tablet":{"background-color":"","background-image":"","background-repeat":"repeat","background-position":"center center","background-size":"auto","background-attachment":"scroll","background-type":"","background-media":"","overlay-type":"","overlay-color":"","overlay-opacity":"","overlay-gradient":""},"mobile":{"background-color":"","background-image":"","background-repeat":"repeat","background-position":"center center","background-size":"auto","background-attachment":"scroll","background-type":"","background-media":"","overlay-type":"","overlay-color":"","overlay-opacity":"","overlay-gradient":""}},"ast-content-background-meta":{"desktop":{"background-color":"var(--ast-global-color-5)","background-image":"","background-repeat":"repeat","background-position":"center center","background-size":"auto","background-attachment":"scroll","background-type":"","background-media":"","overlay-type":"","overlay-color":"","overlay-opacity":"","overlay-gradient":""},"tablet":{"background-color":"var(--ast-global-color-5)","background-image":"","background-repeat":"repeat","background-position":"center center","background-size":"auto","background-attachment":"scroll","background-type":"","background-media":"","overlay-type":"","overlay-color":"","overlay-opacity":"","overlay-gradient":""},"mobile":{"background-color":"var(--ast-global-color-5)","background-image":"","background-repeat":"repeat","background-position":"center center","background-size":"auto","background-attachment":"scroll","background-type":"","background-media":"","overlay-type":"","overlay-color":"","overlay-opacity":"","overlay-gradient":""}},"iawp_total_views":5},"product_brand":[],"product_cat":[222],"product_tag":[],"class_list":{"0":"post-17318","1":"product","2":"type-product","3":"status-publish","5":"product_cat-usb-c-cables","6":"desktop-align-left","7":"tablet-align-left","8":"mobile-align-left","10":"first","11":"instock","12":"shipping-taxable","13":"purchasable","14":"product-type-simple"},"acf":[],"_links":{"self":[{"href":"https:\/\/www.fjpremium.com\/fr\/wp-json\/wp\/v2\/product\/17318","targetHints":{"allow":["GET"]}}],"collection":[{"href":"https:\/\/www.fjpremium.com\/fr\/wp-json\/wp\/v2\/product"}],"about":[{"href":"https:\/\/www.fjpremium.com\/fr\/wp-json\/wp\/v2\/types\/product"}],"wp:attachment":[{"href":"https:\/\/www.fjpremium.com\/fr\/wp-json\/wp\/v2\/media?parent=17318"}],"wp:term":[{"taxonomy":"product_brand","embeddable":true,"href":"https:\/\/www.fjpremium.com\/fr\/wp-json\/wp\/v2\/product_brand?post=17318"},{"taxonomy":"product_cat","embeddable":true,"href":"https:\/\/www.fjpremium.com\/fr\/wp-json\/wp\/v2\/product_cat?post=17318"},{"taxonomy":"product_tag","embeddable":true,"href":"https:\/\/www.fjpremium.com\/fr\/wp-json\/wp\/v2\/product_tag?post=17318"}],"curies":[{"name":"wp","href":"https:\/\/api.w.org\/{rel}","templated":true}]}}