{"id":17317,"date":"2021-03-10T15:33:19","date_gmt":"2021-03-10T07:33:19","guid":{"rendered":"https:\/\/www.fjpremium.com\/?post_type=product&#038;p=17317"},"modified":"2023-06-27T11:04:11","modified_gmt":"2023-06-27T03:04:11","slug":"usb-c-to-dual-hdmi-displayport-mst-ssl-hub-2-in-1-4k-adapter-2","status":"publish","type":"product","link":"https:\/\/www.fjpremium.com\/fr\/product\/usb-c-to-dual-hdmi-displayport-mst-ssl-hub-2-in-1-4k-adapter-2\/","title":{"rendered":"MST SSL hub 2 en 1 USB C vers adaptateur HDMI double 4K"},"content":{"rendered":"<p>L'adaptateur USB 3.1 Type C vers double HDMI permet de projeter en toute transparence le contenu de votre ordinateur portable sur des appareils HDMI tels que des t\u00e9l\u00e9viseurs HD ou des projecteurs.<\/p>\n<p>Parfait pour profiter de vid\u00e9os ou d'images UHD sur un \u00e9cran plus grand, il prend en charge la r\u00e9solution jusqu'\u00e0 4K (3840\u00d72160 @ 60Hz) pour un port HDMI unique et 4K@30Hz pour les ports doubles, promettant ainsi une sortie vid\u00e9o de haute qualit\u00e9.<\/p>\n<p>Il est compatible avec MAC OS, Windows, Android et Linux, et prend en charge les modes miroir et extension (Windows uniquement).<\/p>\n<p>Cet adaptateur USB C vers double HDMI 4K plug-and-play ne n\u00e9cessite aucun pilote suppl\u00e9mentaire, mais assurez-vous que votre appareil prend en charge la sortie vid\u00e9o ou le mode DP Alt avant de l'acheter.<\/p>\n<p>Ses caract\u00e9ristiques :<\/p>\n<ul>\n<li>Connecteur 1 : USB Type-C m\u00e2le<\/li>\n<li>Connecteur 2 : 2xHDMI femelle\/ 2xDisplayPort femelle\/ HDMI femelle+DisplayPort femelle<\/li>\n<li>Contact plaqu\u00e9 or, coque plaqu\u00e9e or<\/li>\n<li>Conducteur du c\u00e2ble : Cuivre \u00e9tam\u00e9<\/li>\n<li>Isolation : PE SKIN\/HDPE mouss\u00e9<\/li>\n<li>Calibre des fils : 32\/32\/26AWG<\/li>\n<li>Puce : LT8712EXI ou STDP4320+VL100+SN75149<\/li>\n<li>Gaine : PVC<\/li>\n<li>Diam\u00e8tre ext\u00e9rieur : 4,2\u00b10,2mm<\/li>\n<li>Conformit\u00e9 : RoHS, REACH, CE<\/li>\n<\/ul>\n<p>De plus, sa conception robuste comprend des contacts plaqu\u00e9s or, une coque en aluminium et un c\u00e2ble \u00e0 triple blindage pour des performances optimales. Par cons\u00e9quent, contactez-nous d\u00e8s aujourd'hui et commandez notre adaptateur USB C vers double HDMI 4K.<\/p>","protected":false},"excerpt":{"rendered":"<p>Am\u00e9liorez votre exp\u00e9rience visuelle avec l&#039;adaptateur Farsince USB C vers double HDMI 4K. Assurant une sortie 4K exceptionnelle, c&#039;est votre solution plug-and-play pour les \u00e9crans plus grands.<\/p>","protected":false},"featured_media":0,"template":"","meta":{"_acf_changed":false,"_seopress_robots_primary_cat":"","_seopress_titles_title":" Best 2 in 1 USB C to Dual HDMI Adapter 4K - FARSINCE","_seopress_titles_desc":"Elevate your visual experience with Farsince USB C to dual HDMI adapter 4K. Ensuring exceptional 4K output, it&#039;s your plug-and-play solution for larger screens.","_seopress_robots_index":"","site-sidebar-layout":"default","site-content-layout":"default","ast-site-content-layout":"default","site-content-style":"default","site-sidebar-style":"default","ast-global-header-display":"","ast-banner-title-visibility":"","ast-main-header-display":"","ast-hfb-above-header-display":"","ast-hfb-below-header-display":"","ast-hfb-mobile-header-display":"","site-post-title":"","ast-breadcrumbs-content":"","ast-featured-img":"","footer-sml-layout":"","ast-disable-related-posts":"","theme-transparent-header-meta":"default","adv-header-id-meta":"","stick-header-meta":"","header-above-stick-meta":"","header-main-stick-meta":"","header-below-stick-meta":"","astra-migrate-meta-layouts":"default","ast-page-background-enabled":"default","ast-page-background-meta":{"desktop":{"background-color":"","background-image":"","background-repeat":"repeat","background-position":"center center","background-size":"auto","background-attachment":"scroll","background-type":"","background-media":"","overlay-type":"","overlay-color":"","overlay-opacity":"","overlay-gradient":""},"tablet":{"background-color":"","background-image":"","background-repeat":"repeat","background-position":"center center","background-size":"auto","background-attachment":"scroll","background-type":"","background-media":"","overlay-type":"","overlay-color":"","overlay-opacity":"","overlay-gradient":""},"mobile":{"background-color":"","background-image":"","background-repeat":"repeat","background-position":"center center","background-size":"auto","background-attachment":"scroll","background-type":"","background-media":"","overlay-type":"","overlay-color":"","overlay-opacity":"","overlay-gradient":""}},"ast-content-background-meta":{"desktop":{"background-color":"var(--ast-global-color-5)","background-image":"","background-repeat":"repeat","background-position":"center center","background-size":"auto","background-attachment":"scroll","background-type":"","background-media":"","overlay-type":"","overlay-color":"","overlay-opacity":"","overlay-gradient":""},"tablet":{"background-color":"var(--ast-global-color-5)","background-image":"","background-repeat":"repeat","background-position":"center center","background-size":"auto","background-attachment":"scroll","background-type":"","background-media":"","overlay-type":"","overlay-color":"","overlay-opacity":"","overlay-gradient":""},"mobile":{"background-color":"var(--ast-global-color-5)","background-image":"","background-repeat":"repeat","background-position":"center center","background-size":"auto","background-attachment":"scroll","background-type":"","background-media":"","overlay-type":"","overlay-color":"","overlay-opacity":"","overlay-gradient":""}},"iawp_total_views":7},"product_brand":[],"product_cat":[222],"product_tag":[],"class_list":{"0":"post-17317","1":"product","2":"type-product","3":"status-publish","5":"product_cat-usb-c-cables","6":"desktop-align-left","7":"tablet-align-left","8":"mobile-align-left","10":"first","11":"instock","12":"shipping-taxable","13":"purchasable","14":"product-type-simple"},"acf":[],"_links":{"self":[{"href":"https:\/\/www.fjpremium.com\/fr\/wp-json\/wp\/v2\/product\/17317","targetHints":{"allow":["GET"]}}],"collection":[{"href":"https:\/\/www.fjpremium.com\/fr\/wp-json\/wp\/v2\/product"}],"about":[{"href":"https:\/\/www.fjpremium.com\/fr\/wp-json\/wp\/v2\/types\/product"}],"wp:attachment":[{"href":"https:\/\/www.fjpremium.com\/fr\/wp-json\/wp\/v2\/media?parent=17317"}],"wp:term":[{"taxonomy":"product_brand","embeddable":true,"href":"https:\/\/www.fjpremium.com\/fr\/wp-json\/wp\/v2\/product_brand?post=17317"},{"taxonomy":"product_cat","embeddable":true,"href":"https:\/\/www.fjpremium.com\/fr\/wp-json\/wp\/v2\/product_cat?post=17317"},{"taxonomy":"product_tag","embeddable":true,"href":"https:\/\/www.fjpremium.com\/fr\/wp-json\/wp\/v2\/product_tag?post=17317"}],"curies":[{"name":"wp","href":"https:\/\/api.w.org\/{rel}","templated":true}]}}