{"id":17308,"date":"2021-03-10T15:31:34","date_gmt":"2021-03-10T07:31:34","guid":{"rendered":"https:\/\/www.fjpremium.com\/?post_type=product&#038;p=17308"},"modified":"2023-06-27T11:05:31","modified_gmt":"2023-06-27T03:05:31","slug":"usb-c-to-hdmi-vga-2-in-1-hub-adapter","status":"publish","type":"product","link":"https:\/\/www.fjpremium.com\/fr\/product\/usb-c-to-hdmi-vga-2-in-1-hub-adapter\/","title":{"rendered":"Adaptateur 2 en 1 VGA HDMI vers Hub USB C"},"content":{"rendered":"<p>Notre adaptateur hub 2-en-1 HDMI VGA USB C utilise une connexion USB 3.1 Type C pour permettre aux appareils tels que les smartphones, les tablettes ou les ordinateurs de s'interfacer avec un t\u00e9l\u00e9viseur HD, un projecteur ou un moniteur.<\/p>\n<p>La sortie HDMI prend en charge la r\u00e9solution 4K (3840\u00d72160 @ 30Hz), tandis que la sortie VGA peut g\u00e9rer jusqu'\u00e0 1080P (1920\u00d71080 @ 60Hz), garantissant ainsi des images de haute qualit\u00e9 sur votre \u00e9cran.<\/p>\n<p>Le format compact de l'adaptateur et le connecteur USB Type-C sym\u00e9trique en font une solution id\u00e9ale et facile \u00e0 utiliser pour les environnements \" Apportez votre propre appareil \" dans l'enseignement ou les entreprises.<\/p>\n<p>Il s'agit d'un appareil pr\u00eat \u00e0 l'emploi qui ne n\u00e9cessite aucun pilote suppl\u00e9mentaire et qui b\u00e9n\u00e9ficie d'une garantie de deux ans de la part de Farsince.<\/p>\n<p>Ses caract\u00e9ristiques :<\/p>\n<ul>\n<li>Connecteur 1 : USB Type-C m\u00e2le<\/li>\n<li>Connecteur 2 : HDMI 19 broches femelle\/ VGA HD15 femelle<\/li>\n<li>Conducteur du c\u00e2ble : Cuivre \u00e9tam\u00e9<\/li>\n<li>Isolation : PE SKIN\/HDPE mouss\u00e9<\/li>\n<li>Calibre des fils : 34\/32\/26AWG<\/li>\n<li>Bo\u00eetier : Coque en ABS ou en aluminium<\/li>\n<li>Jeu de puces : AG9320 ou IET6562<\/li>\n<li>Gaine : PVC<\/li>\n<li>Diam\u00e8tre ext\u00e9rieur : 4,2\u00b10,2mm<\/li>\n<li>Conformit\u00e9 : RoHS, REACH, CE<\/li>\n<\/ul>\n<p>De plus, fabriqu\u00e9 avec pr\u00e9cision, notre adaptateur hub USB C est dot\u00e9 de contacts plaqu\u00e9s or et d'un c\u00e2ble \u00e0 triple blindage pour garantir des performances optimales. Par cons\u00e9quent, contactez-nous d\u00e8s aujourd'hui et investissez dans ce produit.<\/p>","protected":false},"excerpt":{"rendered":"<p>Profitez de l&#039;adaptateur hub VGA HDMI vers USB C 2-en-1 de Farsince pour une superbe sortie vid\u00e9o 4K et 1080P. Sa conception conviviale et ses solides performances en font un choix privil\u00e9gi\u00e9 pour les applications BYOD.<\/p>","protected":false},"featured_media":17309,"template":"","meta":{"_acf_changed":false,"_seopress_robots_primary_cat":"","_seopress_titles_title":"Best 2 in 1 VGA HDMI To USB C Hub Adapter - FARSINCE","_seopress_titles_desc":"Leverage Farsince&#039;s 2-in-1  VGA HDMI to USB C hub adapter for stunning 4K and 1080P video output, a prime choice for BYOD applications.","_seopress_robots_index":"","_seopress_analysis_target_kw":"USB C Hub Adapter","site-sidebar-layout":"default","site-content-layout":"default","ast-site-content-layout":"default","site-content-style":"default","site-sidebar-style":"default","ast-global-header-display":"","ast-banner-title-visibility":"","ast-main-header-display":"","ast-hfb-above-header-display":"","ast-hfb-below-header-display":"","ast-hfb-mobile-header-display":"","site-post-title":"","ast-breadcrumbs-content":"","ast-featured-img":"","footer-sml-layout":"","ast-disable-related-posts":"","theme-transparent-header-meta":"default","adv-header-id-meta":"","stick-header-meta":"","header-above-stick-meta":"","header-main-stick-meta":"","header-below-stick-meta":"","astra-migrate-meta-layouts":"default","ast-page-background-enabled":"default","ast-page-background-meta":{"desktop":{"background-color":"","background-image":"","background-repeat":"repeat","background-position":"center center","background-size":"auto","background-attachment":"scroll","background-type":"","background-media":"","overlay-type":"","overlay-color":"","overlay-opacity":"","overlay-gradient":""},"tablet":{"background-color":"","background-image":"","background-repeat":"repeat","background-position":"center center","background-size":"auto","background-attachment":"scroll","background-type":"","background-media":"","overlay-type":"","overlay-color":"","overlay-opacity":"","overlay-gradient":""},"mobile":{"background-color":"","background-image":"","background-repeat":"repeat","background-position":"center center","background-size":"auto","background-attachment":"scroll","background-type":"","background-media":"","overlay-type":"","overlay-color":"","overlay-opacity":"","overlay-gradient":""}},"ast-content-background-meta":{"desktop":{"background-color":"var(--ast-global-color-5)","background-image":"","background-repeat":"repeat","background-position":"center center","background-size":"auto","background-attachment":"scroll","background-type":"","background-media":"","overlay-type":"","overlay-color":"","overlay-opacity":"","overlay-gradient":""},"tablet":{"background-color":"var(--ast-global-color-5)","background-image":"","background-repeat":"repeat","background-position":"center center","background-size":"auto","background-attachment":"scroll","background-type":"","background-media":"","overlay-type":"","overlay-color":"","overlay-opacity":"","overlay-gradient":""},"mobile":{"background-color":"var(--ast-global-color-5)","background-image":"","background-repeat":"repeat","background-position":"center center","background-size":"auto","background-attachment":"scroll","background-type":"","background-media":"","overlay-type":"","overlay-color":"","overlay-opacity":"","overlay-gradient":""}},"iawp_total_views":9},"product_brand":[],"product_cat":[222],"product_tag":[],"class_list":{"0":"post-17308","1":"product","2":"type-product","3":"status-publish","4":"has-post-thumbnail","6":"product_cat-usb-c-cables","7":"desktop-align-left","8":"tablet-align-left","9":"mobile-align-left","11":"first","12":"instock","13":"shipping-taxable","14":"purchasable","15":"product-type-simple"},"acf":[],"_links":{"self":[{"href":"https:\/\/www.fjpremium.com\/fr\/wp-json\/wp\/v2\/product\/17308","targetHints":{"allow":["GET"]}}],"collection":[{"href":"https:\/\/www.fjpremium.com\/fr\/wp-json\/wp\/v2\/product"}],"about":[{"href":"https:\/\/www.fjpremium.com\/fr\/wp-json\/wp\/v2\/types\/product"}],"wp:featuredmedia":[{"embeddable":true,"href":"https:\/\/www.fjpremium.com\/fr\/wp-json\/wp\/v2\/media\/17309"}],"wp:attachment":[{"href":"https:\/\/www.fjpremium.com\/fr\/wp-json\/wp\/v2\/media?parent=17308"}],"wp:term":[{"taxonomy":"product_brand","embeddable":true,"href":"https:\/\/www.fjpremium.com\/fr\/wp-json\/wp\/v2\/product_brand?post=17308"},{"taxonomy":"product_cat","embeddable":true,"href":"https:\/\/www.fjpremium.com\/fr\/wp-json\/wp\/v2\/product_cat?post=17308"},{"taxonomy":"product_tag","embeddable":true,"href":"https:\/\/www.fjpremium.com\/fr\/wp-json\/wp\/v2\/product_tag?post=17308"}],"curies":[{"name":"wp","href":"https:\/\/api.w.org\/{rel}","templated":true}]}}