{"id":17299,"date":"2021-03-10T15:30:30","date_gmt":"2021-03-10T07:30:30","guid":{"rendered":"https:\/\/www.fjpremium.com\/?post_type=product&#038;p=17299"},"modified":"2023-06-27T11:09:13","modified_gmt":"2023-06-27T03:09:13","slug":"usb-c-to-3-port-usb-3-0-with-power-delivery-4-in-1-hub","status":"publish","type":"product","link":"https:\/\/www.fjpremium.com\/fr\/product\/usb-c-to-3-port-usb-3-0-with-power-delivery-4-in-1-hub\/","title":{"rendered":"Hub 4 en 1 USB-C vers USB 3.0 \u00e0 3 ports avec Power Delivery"},"content":{"rendered":"<p>Ce hub USB-C vers 3 ports USB 3.0 4 en 1 est un appareil de haute qualit\u00e9 qui permet une connectivit\u00e9 efficace et une charge simultan\u00e9e.<\/p>\n<p>Il \u00e9tend les capacit\u00e9s USB en offrant trois ports USB-A, ce qui permet de connecter plusieurs p\u00e9riph\u00e9riques \u00e0 un seul port USB-C.<\/p>\n<p>L'appareil prend en charge des taux de transfert de donn\u00e9es allant jusqu'\u00e0 5 Gbps tout en fournissant jusqu'\u00e0 60 watts de puissance de charge \u00e0 l'appareil connect\u00e9.<\/p>\n<p>Le connecteur USB-C r\u00e9versible et le design compact le rendent facile et pratique.<\/p>\n<p>De plus, son blindage int\u00e9gr\u00e9 par feuille et tresse offre une immunit\u00e9 aux interf\u00e9rences EMI\/RFI, garantissant une vitesse \u00e9lev\u00e9e et un transfert de donn\u00e9es sans erreur.<\/p>\n<p>Ses caract\u00e9ristiques :<\/p>\n<ul>\n<li>Connecteur 1 : USB Type-C m\u00e2le<\/li>\n<li>Connecteur 2 : USB 3.0 femelle x 3\/ USB Type C femelle<\/li>\n<li>Contact plaqu\u00e9 or, coque plaqu\u00e9e nickel<\/li>\n<li>Conducteur du c\u00e2ble : Cuivre \u00e9tam\u00e9<\/li>\n<li>Isolation : PE SKIN\/HDPE mouss\u00e9<\/li>\n<li>Calibre des fils : 32\/32\/26AWG<\/li>\n<li>Triple blindage : paire torsad\u00e9e de feuilles d'aluminium, feuilles d'aluminium globales, tresse.<\/li>\n<li>Bo\u00eetier : Coque en ABS<\/li>\n<li>Gaine : PVC<\/li>\n<li>Diam\u00e8tre ext\u00e9rieur : 4,2\u00b10,2mm<\/li>\n<li>Conformit\u00e9 : RoHS, REACH, CE<\/li>\n<\/ul>\n<p>En outre, couvert par la garantie de 2 ans de Farsince, notre concentrateur 4 en 1 est con\u00e7u pour durer et test\u00e9 pour r\u00e9pondre aux normes de l'industrie. En bref, contactez-nous d\u00e8s aujourd'hui et commandez le concentrateur.<\/p>","protected":false},"excerpt":{"rendered":"<p>Pr\u00e9sentation du hub Farsince USB-C vers 3 ports USB 3.0 4 en 1, parfait pour \u00e9tendre les capacit\u00e9s USB, offrant un transfert de donn\u00e9es \u00e0 grande vitesse et une puissance de charge robuste.<\/p>","protected":false},"featured_media":17300,"template":"","meta":{"_acf_changed":false,"_seopress_robots_primary_cat":"","_seopress_titles_title":"USB 3.0 with Power Delivery 4 in 1 Hub - FARSINCE","_seopress_titles_desc":"","_seopress_robots_index":"","site-sidebar-layout":"default","site-content-layout":"default","ast-site-content-layout":"default","site-content-style":"default","site-sidebar-style":"default","ast-global-header-display":"","ast-banner-title-visibility":"","ast-main-header-display":"","ast-hfb-above-header-display":"","ast-hfb-below-header-display":"","ast-hfb-mobile-header-display":"","site-post-title":"","ast-breadcrumbs-content":"","ast-featured-img":"","footer-sml-layout":"","ast-disable-related-posts":"","theme-transparent-header-meta":"default","adv-header-id-meta":"","stick-header-meta":"","header-above-stick-meta":"","header-main-stick-meta":"","header-below-stick-meta":"","astra-migrate-meta-layouts":"default","ast-page-background-enabled":"default","ast-page-background-meta":{"desktop":{"background-color":"","background-image":"","background-repeat":"repeat","background-position":"center center","background-size":"auto","background-attachment":"scroll","background-type":"","background-media":"","overlay-type":"","overlay-color":"","overlay-opacity":"","overlay-gradient":""},"tablet":{"background-color":"","background-image":"","background-repeat":"repeat","background-position":"center center","background-size":"auto","background-attachment":"scroll","background-type":"","background-media":"","overlay-type":"","overlay-color":"","overlay-opacity":"","overlay-gradient":""},"mobile":{"background-color":"","background-image":"","background-repeat":"repeat","background-position":"center center","background-size":"auto","background-attachment":"scroll","background-type":"","background-media":"","overlay-type":"","overlay-color":"","overlay-opacity":"","overlay-gradient":""}},"ast-content-background-meta":{"desktop":{"background-color":"var(--ast-global-color-5)","background-image":"","background-repeat":"repeat","background-position":"center center","background-size":"auto","background-attachment":"scroll","background-type":"","background-media":"","overlay-type":"","overlay-color":"","overlay-opacity":"","overlay-gradient":""},"tablet":{"background-color":"var(--ast-global-color-5)","background-image":"","background-repeat":"repeat","background-position":"center center","background-size":"auto","background-attachment":"scroll","background-type":"","background-media":"","overlay-type":"","overlay-color":"","overlay-opacity":"","overlay-gradient":""},"mobile":{"background-color":"var(--ast-global-color-5)","background-image":"","background-repeat":"repeat","background-position":"center center","background-size":"auto","background-attachment":"scroll","background-type":"","background-media":"","overlay-type":"","overlay-color":"","overlay-opacity":"","overlay-gradient":""}},"iawp_total_views":3},"product_brand":[],"product_cat":[222],"product_tag":[],"class_list":{"0":"post-17299","1":"product","2":"type-product","3":"status-publish","4":"has-post-thumbnail","6":"product_cat-usb-c-cables","7":"desktop-align-left","8":"tablet-align-left","9":"mobile-align-left","11":"first","12":"instock","13":"shipping-taxable","14":"purchasable","15":"product-type-simple"},"acf":[],"_links":{"self":[{"href":"https:\/\/www.fjpremium.com\/fr\/wp-json\/wp\/v2\/product\/17299","targetHints":{"allow":["GET"]}}],"collection":[{"href":"https:\/\/www.fjpremium.com\/fr\/wp-json\/wp\/v2\/product"}],"about":[{"href":"https:\/\/www.fjpremium.com\/fr\/wp-json\/wp\/v2\/types\/product"}],"wp:featuredmedia":[{"embeddable":true,"href":"https:\/\/www.fjpremium.com\/fr\/wp-json\/wp\/v2\/media\/17300"}],"wp:attachment":[{"href":"https:\/\/www.fjpremium.com\/fr\/wp-json\/wp\/v2\/media?parent=17299"}],"wp:term":[{"taxonomy":"product_brand","embeddable":true,"href":"https:\/\/www.fjpremium.com\/fr\/wp-json\/wp\/v2\/product_brand?post=17299"},{"taxonomy":"product_cat","embeddable":true,"href":"https:\/\/www.fjpremium.com\/fr\/wp-json\/wp\/v2\/product_cat?post=17299"},{"taxonomy":"product_tag","embeddable":true,"href":"https:\/\/www.fjpremium.com\/fr\/wp-json\/wp\/v2\/product_tag?post=17299"}],"curies":[{"name":"wp","href":"https:\/\/api.w.org\/{rel}","templated":true}]}}