{"id":17282,"date":"2021-03-10T15:28:28","date_gmt":"2021-03-10T07:28:28","guid":{"rendered":"https:\/\/www.fjpremium.com\/?post_type=product&#038;p=17282"},"modified":"2023-06-27T13:25:26","modified_gmt":"2023-06-27T05:25:26","slug":"usb-c-male-to-vga-usb3-0-pd-3-in-1-multi-port-hub-adapter","status":"publish","type":"product","link":"https:\/\/www.fjpremium.com\/fr\/product\/usb-c-male-to-vga-usb3-0-pd-3-in-1-multi-port-hub-adapter\/","title":{"rendered":"Adaptateur multiport USB-C m\u00e2le vers VGA USB3.0 PD 3 en 1"},"content":{"rendered":"<p>Notre adaptateur multiport est dot\u00e9 d'une connectivit\u00e9 USB 3.1 Type-C, USB 3.0 et VGA.<\/p>\n<p>Con\u00e7u pour les environnements personnels et professionnels, il prend en charge une r\u00e9solution allant jusqu'\u00e0 1080P pour des vid\u00e9os de haute qualit\u00e9 et permet une transmission de donn\u00e9es USB 3.0 \u00e0 tr\u00e8s grande vitesse.<\/p>\n<p>Cet adaptateur compact comprend \u00e9galement un port USB Type-C pour la charge simultan\u00e9e des appareils, prenant en charge une alimentation jusqu'\u00e0 60 W.<\/p>\n<p>Vous pouvez profiter de son fonctionnement simple et pr\u00eat \u00e0 l'emploi, sans pilote.<\/p>\n<p>Ses caract\u00e9ristiques :<\/p>\n<ul>\n<li>Connecteur 1 : USB Type-C m\u00e2le<\/li>\n<li>Connecteur 2 : VGA HD15 femelle\/ USB 3.0 femelle\/ USB Type C femelle<\/li>\n<li>Contact plaqu\u00e9 or, coque plaqu\u00e9e nickel<\/li>\n<li>Conducteur du c\u00e2ble : Cuivre \u00e9tam\u00e9<\/li>\n<li>Isolation : PE SKIN\/HDPE mouss\u00e9<\/li>\n<li>Calibre des fils : 34\/32\/22AWG<\/li>\n<li>Triple blindage : paire torsad\u00e9e Feuille d'aluminium, feuille d'aluminium globale, tresse<\/li>\n<li>Bo\u00eetier : Coque en ABS<\/li>\n<li>Chipset : FL7102+IT6516<\/li>\n<li>Gaine : PVC<\/li>\n<li>Diam\u00e8tre ext\u00e9rieur : 4,2\u00b10,2mm<\/li>\n<li>Conformit\u00e9 : RoHS, REACH, CE<\/li>\n<\/ul>\n<p>De plus, il est m\u00e9ticuleusement con\u00e7u pour des performances fiables et b\u00e9n\u00e9ficie d'une garantie de 2 ans. En conclusion, contactez-nous d\u00e8s aujourd'hui et commandez cet adaptateur multiport.<\/p>","protected":false},"excerpt":{"rendered":"<p>D\u00e9couvrez l'adaptateur multiport 3 en 1 de Farsince, offrant des connexions USB 3.1 Type-C, USB 3.0 et VGA, supportant une r\u00e9solution jusqu'\u00e0 1080P.<\/p>","protected":false},"featured_media":17291,"template":"","meta":{"_acf_changed":false,"_seopress_robots_primary_cat":"","_seopress_titles_title":"Best 3 in 1 Multi Port Adapter - FARSINCE","_seopress_titles_desc":"","_seopress_robots_index":"","site-sidebar-layout":"default","site-content-layout":"default","ast-site-content-layout":"default","site-content-style":"default","site-sidebar-style":"default","ast-global-header-display":"","ast-banner-title-visibility":"","ast-main-header-display":"","ast-hfb-above-header-display":"","ast-hfb-below-header-display":"","ast-hfb-mobile-header-display":"","site-post-title":"","ast-breadcrumbs-content":"","ast-featured-img":"","footer-sml-layout":"","ast-disable-related-posts":"","theme-transparent-header-meta":"default","adv-header-id-meta":"","stick-header-meta":"","header-above-stick-meta":"","header-main-stick-meta":"","header-below-stick-meta":"","astra-migrate-meta-layouts":"default","ast-page-background-enabled":"default","ast-page-background-meta":{"desktop":{"background-color":"","background-image":"","background-repeat":"repeat","background-position":"center center","background-size":"auto","background-attachment":"scroll","background-type":"","background-media":"","overlay-type":"","overlay-color":"","overlay-opacity":"","overlay-gradient":""},"tablet":{"background-color":"","background-image":"","background-repeat":"repeat","background-position":"center center","background-size":"auto","background-attachment":"scroll","background-type":"","background-media":"","overlay-type":"","overlay-color":"","overlay-opacity":"","overlay-gradient":""},"mobile":{"background-color":"","background-image":"","background-repeat":"repeat","background-position":"center center","background-size":"auto","background-attachment":"scroll","background-type":"","background-media":"","overlay-type":"","overlay-color":"","overlay-opacity":"","overlay-gradient":""}},"ast-content-background-meta":{"desktop":{"background-color":"var(--ast-global-color-5)","background-image":"","background-repeat":"repeat","background-position":"center center","background-size":"auto","background-attachment":"scroll","background-type":"","background-media":"","overlay-type":"","overlay-color":"","overlay-opacity":"","overlay-gradient":""},"tablet":{"background-color":"var(--ast-global-color-5)","background-image":"","background-repeat":"repeat","background-position":"center center","background-size":"auto","background-attachment":"scroll","background-type":"","background-media":"","overlay-type":"","overlay-color":"","overlay-opacity":"","overlay-gradient":""},"mobile":{"background-color":"var(--ast-global-color-5)","background-image":"","background-repeat":"repeat","background-position":"center center","background-size":"auto","background-attachment":"scroll","background-type":"","background-media":"","overlay-type":"","overlay-color":"","overlay-opacity":"","overlay-gradient":""}},"iawp_total_views":5},"product_brand":[],"product_cat":[222],"product_tag":[],"class_list":{"0":"post-17282","1":"product","2":"type-product","3":"status-publish","4":"has-post-thumbnail","6":"product_cat-usb-c-cables","7":"desktop-align-left","8":"tablet-align-left","9":"mobile-align-left","11":"first","12":"instock","13":"shipping-taxable","14":"purchasable","15":"product-type-simple"},"acf":[],"_links":{"self":[{"href":"https:\/\/www.fjpremium.com\/fr\/wp-json\/wp\/v2\/product\/17282","targetHints":{"allow":["GET"]}}],"collection":[{"href":"https:\/\/www.fjpremium.com\/fr\/wp-json\/wp\/v2\/product"}],"about":[{"href":"https:\/\/www.fjpremium.com\/fr\/wp-json\/wp\/v2\/types\/product"}],"wp:featuredmedia":[{"embeddable":true,"href":"https:\/\/www.fjpremium.com\/fr\/wp-json\/wp\/v2\/media\/17291"}],"wp:attachment":[{"href":"https:\/\/www.fjpremium.com\/fr\/wp-json\/wp\/v2\/media?parent=17282"}],"wp:term":[{"taxonomy":"product_brand","embeddable":true,"href":"https:\/\/www.fjpremium.com\/fr\/wp-json\/wp\/v2\/product_brand?post=17282"},{"taxonomy":"product_cat","embeddable":true,"href":"https:\/\/www.fjpremium.com\/fr\/wp-json\/wp\/v2\/product_cat?post=17282"},{"taxonomy":"product_tag","embeddable":true,"href":"https:\/\/www.fjpremium.com\/fr\/wp-json\/wp\/v2\/product_tag?post=17282"}],"curies":[{"name":"wp","href":"https:\/\/api.w.org\/{rel}","templated":true}]}}