{"id":17245,"date":"2021-03-10T15:21:13","date_gmt":"2021-03-10T07:21:13","guid":{"rendered":"https:\/\/www.fjpremium.com\/?post_type=product&#038;p=17245"},"modified":"2023-06-27T14:00:13","modified_gmt":"2023-06-27T06:00:13","slug":"usb-c-male-to-displayport-female-adapter-8k-ready-2","status":"publish","type":"product","link":"https:\/\/www.fjpremium.com\/fr\/product\/usb-c-male-to-displayport-female-adapter-8k-ready-2\/","title":{"rendered":"Adaptateur USB 3.1 Type C vers DisplayPort, compatible 8K"},"content":{"rendered":"<p>Notre adaptateur est con\u00e7u pour connecter n'importe quel appareil compatible USB-C, comme les smartphones, les tablettes ou les ordinateurs, \u00e0 des t\u00e9l\u00e9viseurs HD, des moniteurs, des projecteurs ou toute autre unit\u00e9 d'affichage dot\u00e9e d'une entr\u00e9e DisplayPort.<\/p>\n<p>Il prend en charge la r\u00e9solution sup\u00e9rieure 8K@60Hz et garantit des images vid\u00e9o de haute qualit\u00e9 pour une exp\u00e9rience de visionnage optimale.<\/p>\n<p>Cet adaptateur exploite la prise en charge audio\/vid\u00e9o des ports USB-C int\u00e9gr\u00e9s pour offrir un affichage riche et \u00e9clatant sur votre t\u00e9l\u00e9viseur HD ou projecteur compatible DisplayPort.<\/p>\n<p>Avec son design compact et l\u00e9ger, il est parfait pour les applications BYOD dans les \u00e9tablissements d'enseignement ou les entreprises.<\/p>\n<p>De plus, il s'agit d'un appareil pr\u00eat \u00e0 l'emploi qui ne n\u00e9cessite aucun pilote suppl\u00e9mentaire, ce qui est synonyme de simplicit\u00e9 et de commodit\u00e9.<\/p>\n<p>Ses caract\u00e9ristiques :<\/p>\n<ul>\n<li>Connecteur 1 : USB Type-C m\u00e2le<\/li>\n<li>Connecteur 2 : DisplayPort (DP) femelle<\/li>\n<li>Contact plaqu\u00e9 or, coque plaqu\u00e9e or<\/li>\n<li>Conducteur du c\u00e2ble : Cuivre \u00e9tam\u00e9<\/li>\n<li>Isolation : PE SKIN\/HDPE mouss\u00e9<\/li>\n<li>Calibre des fils : 32\/32\/26AWG<\/li>\n<li>Triple blindage : paire torsad\u00e9e de feuilles d'aluminium, feuilles d'aluminium globales, tresse.<\/li>\n<li>Bo\u00eetier : Coque en ABS<\/li>\n<li>Jeu de puces : CYPD2119\/ENE363<\/li>\n<li>Gaine : PVC<\/li>\n<li>Diam\u00e8tre ext\u00e9rieur : 4,5\u00b10,2 mm<\/li>\n<li>Conformit\u00e9 : RoHS, REACH, CE<\/li>\n<\/ul>\n<p>De plus, construit selon les normes industrielles les plus strictes, l'adaptateur Type C vers DisplayPort de haute qualit\u00e9 est assorti d'une garantie de 2 ans de Farsince, validant sa fiabilit\u00e9 et ses performances. Dans l'ensemble, contactez-nous d\u00e8s aujourd'hui et investissez dans cet adaptateur.<\/p>","protected":false},"excerpt":{"rendered":"<p>Faites un bond en avant vers une meilleure qualit\u00e9 d'affichage avec l'adaptateur USB 3.1 Type C vers DisplayPort de Farsince, qui offre une qualit\u00e9 d'image sup\u00e9rieure.<\/p>","protected":false},"featured_media":17254,"template":"","meta":{"_acf_changed":false,"_seopress_robots_primary_cat":"","_seopress_titles_title":"Best USB 3.1 Type C to DisplayPort Adapter - FARSINCE ","_seopress_titles_desc":"","_seopress_robots_index":"","site-sidebar-layout":"default","site-content-layout":"default","ast-site-content-layout":"default","site-content-style":"default","site-sidebar-style":"default","ast-global-header-display":"","ast-banner-title-visibility":"","ast-main-header-display":"","ast-hfb-above-header-display":"","ast-hfb-below-header-display":"","ast-hfb-mobile-header-display":"","site-post-title":"","ast-breadcrumbs-content":"","ast-featured-img":"","footer-sml-layout":"","ast-disable-related-posts":"","theme-transparent-header-meta":"default","adv-header-id-meta":"","stick-header-meta":"","header-above-stick-meta":"","header-main-stick-meta":"","header-below-stick-meta":"","astra-migrate-meta-layouts":"default","ast-page-background-enabled":"default","ast-page-background-meta":{"desktop":{"background-color":"","background-image":"","background-repeat":"repeat","background-position":"center center","background-size":"auto","background-attachment":"scroll","background-type":"","background-media":"","overlay-type":"","overlay-color":"","overlay-opacity":"","overlay-gradient":""},"tablet":{"background-color":"","background-image":"","background-repeat":"repeat","background-position":"center center","background-size":"auto","background-attachment":"scroll","background-type":"","background-media":"","overlay-type":"","overlay-color":"","overlay-opacity":"","overlay-gradient":""},"mobile":{"background-color":"","background-image":"","background-repeat":"repeat","background-position":"center center","background-size":"auto","background-attachment":"scroll","background-type":"","background-media":"","overlay-type":"","overlay-color":"","overlay-opacity":"","overlay-gradient":""}},"ast-content-background-meta":{"desktop":{"background-color":"var(--ast-global-color-5)","background-image":"","background-repeat":"repeat","background-position":"center center","background-size":"auto","background-attachment":"scroll","background-type":"","background-media":"","overlay-type":"","overlay-color":"","overlay-opacity":"","overlay-gradient":""},"tablet":{"background-color":"var(--ast-global-color-5)","background-image":"","background-repeat":"repeat","background-position":"center center","background-size":"auto","background-attachment":"scroll","background-type":"","background-media":"","overlay-type":"","overlay-color":"","overlay-opacity":"","overlay-gradient":""},"mobile":{"background-color":"var(--ast-global-color-5)","background-image":"","background-repeat":"repeat","background-position":"center center","background-size":"auto","background-attachment":"scroll","background-type":"","background-media":"","overlay-type":"","overlay-color":"","overlay-opacity":"","overlay-gradient":""}},"iawp_total_views":3},"product_brand":[],"product_cat":[222],"product_tag":[],"class_list":{"0":"post-17245","1":"product","2":"type-product","3":"status-publish","4":"has-post-thumbnail","6":"product_cat-usb-c-cables","7":"desktop-align-left","8":"tablet-align-left","9":"mobile-align-left","11":"first","12":"instock","13":"shipping-taxable","14":"purchasable","15":"product-type-simple"},"acf":[],"_links":{"self":[{"href":"https:\/\/www.fjpremium.com\/fr\/wp-json\/wp\/v2\/product\/17245","targetHints":{"allow":["GET"]}}],"collection":[{"href":"https:\/\/www.fjpremium.com\/fr\/wp-json\/wp\/v2\/product"}],"about":[{"href":"https:\/\/www.fjpremium.com\/fr\/wp-json\/wp\/v2\/types\/product"}],"wp:featuredmedia":[{"embeddable":true,"href":"https:\/\/www.fjpremium.com\/fr\/wp-json\/wp\/v2\/media\/17254"}],"wp:attachment":[{"href":"https:\/\/www.fjpremium.com\/fr\/wp-json\/wp\/v2\/media?parent=17245"}],"wp:term":[{"taxonomy":"product_brand","embeddable":true,"href":"https:\/\/www.fjpremium.com\/fr\/wp-json\/wp\/v2\/product_brand?post=17245"},{"taxonomy":"product_cat","embeddable":true,"href":"https:\/\/www.fjpremium.com\/fr\/wp-json\/wp\/v2\/product_cat?post=17245"},{"taxonomy":"product_tag","embeddable":true,"href":"https:\/\/www.fjpremium.com\/fr\/wp-json\/wp\/v2\/product_tag?post=17245"}],"curies":[{"name":"wp","href":"https:\/\/api.w.org\/{rel}","templated":true}]}}