{"id":17244,"date":"2021-03-10T15:21:12","date_gmt":"2021-03-10T07:21:12","guid":{"rendered":"https:\/\/www.fjpremium.com\/?post_type=product&#038;p=17244"},"modified":"2023-06-27T14:15:28","modified_gmt":"2023-06-27T06:15:28","slug":"usb-c-male-to-displayport-female-adapter-8k-ready","status":"publish","type":"product","link":"https:\/\/www.fjpremium.com\/fr\/product\/usb-c-male-to-displayport-female-adapter-8k-ready\/","title":{"rendered":"Adaptateur USB-C m\u00e2le vers DisplayPort femelle 8K"},"content":{"rendered":"<p>Cet adaptateur est sp\u00e9cialement con\u00e7u pour connecter vos appareils USB de type C, tels que les smartphones, les tablettes ou les ordinateurs, \u00e0 tout t\u00e9l\u00e9viseur HD, moniteur, projecteur ou autre dispositif d'affichage \u00e9quip\u00e9 de DisplayPort.<\/p>\n<p>Il offre un support audio\/vid\u00e9o complet, d\u00e9livrant un signal exceptionnel \u00e0 un t\u00e9l\u00e9viseur ou projecteur HD DisplayPort.<\/p>\n<p>Prenant en charge des r\u00e9solutions allant jusqu'\u00e0 8K@60Hz, notre adaptateur 8K garantit une exp\u00e9rience visuelle de haute qualit\u00e9.<\/p>\n<p>Sa conception compacte et sa fonctionnalit\u00e9 plug-and-play en font un accessoire pratique pour les applications BYOD dans les \u00e9tablissements d'enseignement et les entreprises.<\/p>\n<p>Sa sp\u00e9cification :<\/p>\n<ul>\n<li>Connecteur 1 : USB Type-C m\u00e2le<\/li>\n<li>Connecteur 2 : DisplayPort (DP) femelle<\/li>\n<li>Contact plaqu\u00e9 or, coque plaqu\u00e9e or<\/li>\n<li>Conducteur du c\u00e2ble : Cuivre \u00e9tam\u00e9<\/li>\n<li>Isolation : PE SKIN\/HDPE mouss\u00e9<\/li>\n<li>Calibre des fils : 32\/32\/26AWG<\/li>\n<li>Triple blindage : paire torsad\u00e9e Feuille d'aluminium, feuille d'aluminium globale, tresse<\/li>\n<li>Bo\u00eetier : Coque en ABS<\/li>\n<li>Jeu de puces : CYPD2119\/ENE363<\/li>\n<li>Gaine : PVC<\/li>\n<li>Diam\u00e8tre ext\u00e9rieur : 4,5\u00b10,2 mm<\/li>\n<li>Conformit\u00e9 : RoHS, REACH, CE<\/li>\n<\/ul>\n<p>En outre, l'adaptateur garantit la compatibilit\u00e9 avec le connecteur USB r\u00e9versible de type C, ce qui rend les connexions sans probl\u00e8me.<\/p>\n<p>Construit selon les normes industrielles, il est assorti d'une garantie de 2 ans, ce qui en fait une solution fiable pour vos besoins de connexion.<\/p>\n<p>Contactez-nous d\u00e8s aujourd'hui pour obtenir des performances d'affichage sup\u00e9rieures gr\u00e2ce \u00e0 nos produits.<\/p>","protected":false},"excerpt":{"rendered":"<p>D\u00e9couvrez l&#039;affichage ultra haute r\u00e9solution avec notre adaptateur USB-C m\u00e2le vers DisplayPort femelle 8K, compact, facile \u00e0 utiliser et de qualit\u00e9 assur\u00e9e avec une garantie de 2 ans.<\/p>","protected":false},"featured_media":17246,"template":"","meta":{"_acf_changed":false,"_seopress_robots_primary_cat":"","_seopress_titles_title":"USB-C Male to DisplayPort Female 8K Adapter - FARSINCE","_seopress_titles_desc":"Discover ultra-high resolution display with our USB-C male to DisplayPort female 8K adapter, which is compact, easy to use, and of assured quality.","_seopress_robots_index":"","site-sidebar-layout":"default","site-content-layout":"default","ast-site-content-layout":"default","site-content-style":"default","site-sidebar-style":"default","ast-global-header-display":"","ast-banner-title-visibility":"","ast-main-header-display":"","ast-hfb-above-header-display":"","ast-hfb-below-header-display":"","ast-hfb-mobile-header-display":"","site-post-title":"","ast-breadcrumbs-content":"","ast-featured-img":"","footer-sml-layout":"","ast-disable-related-posts":"","theme-transparent-header-meta":"default","adv-header-id-meta":"","stick-header-meta":"","header-above-stick-meta":"","header-main-stick-meta":"","header-below-stick-meta":"","astra-migrate-meta-layouts":"default","ast-page-background-enabled":"default","ast-page-background-meta":{"desktop":{"background-color":"","background-image":"","background-repeat":"repeat","background-position":"center center","background-size":"auto","background-attachment":"scroll","background-type":"","background-media":"","overlay-type":"","overlay-color":"","overlay-opacity":"","overlay-gradient":""},"tablet":{"background-color":"","background-image":"","background-repeat":"repeat","background-position":"center center","background-size":"auto","background-attachment":"scroll","background-type":"","background-media":"","overlay-type":"","overlay-color":"","overlay-opacity":"","overlay-gradient":""},"mobile":{"background-color":"","background-image":"","background-repeat":"repeat","background-position":"center center","background-size":"auto","background-attachment":"scroll","background-type":"","background-media":"","overlay-type":"","overlay-color":"","overlay-opacity":"","overlay-gradient":""}},"ast-content-background-meta":{"desktop":{"background-color":"var(--ast-global-color-5)","background-image":"","background-repeat":"repeat","background-position":"center center","background-size":"auto","background-attachment":"scroll","background-type":"","background-media":"","overlay-type":"","overlay-color":"","overlay-opacity":"","overlay-gradient":""},"tablet":{"background-color":"var(--ast-global-color-5)","background-image":"","background-repeat":"repeat","background-position":"center center","background-size":"auto","background-attachment":"scroll","background-type":"","background-media":"","overlay-type":"","overlay-color":"","overlay-opacity":"","overlay-gradient":""},"mobile":{"background-color":"var(--ast-global-color-5)","background-image":"","background-repeat":"repeat","background-position":"center center","background-size":"auto","background-attachment":"scroll","background-type":"","background-media":"","overlay-type":"","overlay-color":"","overlay-opacity":"","overlay-gradient":""}},"iawp_total_views":3},"product_brand":[],"product_cat":[222],"product_tag":[],"class_list":{"0":"post-17244","1":"product","2":"type-product","3":"status-publish","4":"has-post-thumbnail","6":"product_cat-usb-c-cables","7":"desktop-align-left","8":"tablet-align-left","9":"mobile-align-left","11":"first","12":"instock","13":"shipping-taxable","14":"purchasable","15":"product-type-simple"},"acf":[],"_links":{"self":[{"href":"https:\/\/www.fjpremium.com\/fr\/wp-json\/wp\/v2\/product\/17244","targetHints":{"allow":["GET"]}}],"collection":[{"href":"https:\/\/www.fjpremium.com\/fr\/wp-json\/wp\/v2\/product"}],"about":[{"href":"https:\/\/www.fjpremium.com\/fr\/wp-json\/wp\/v2\/types\/product"}],"wp:featuredmedia":[{"embeddable":true,"href":"https:\/\/www.fjpremium.com\/fr\/wp-json\/wp\/v2\/media\/17246"}],"wp:attachment":[{"href":"https:\/\/www.fjpremium.com\/fr\/wp-json\/wp\/v2\/media?parent=17244"}],"wp:term":[{"taxonomy":"product_brand","embeddable":true,"href":"https:\/\/www.fjpremium.com\/fr\/wp-json\/wp\/v2\/product_brand?post=17244"},{"taxonomy":"product_cat","embeddable":true,"href":"https:\/\/www.fjpremium.com\/fr\/wp-json\/wp\/v2\/product_cat?post=17244"},{"taxonomy":"product_tag","embeddable":true,"href":"https:\/\/www.fjpremium.com\/fr\/wp-json\/wp\/v2\/product_tag?post=17244"}],"curies":[{"name":"wp","href":"https:\/\/api.w.org\/{rel}","templated":true}]}}