{"id":17227,"date":"2021-03-10T15:14:11","date_gmt":"2021-03-10T07:14:11","guid":{"rendered":"https:\/\/www.fjpremium.com\/?post_type=product&#038;p=17227"},"modified":"2023-09-20T10:56:33","modified_gmt":"2023-09-20T02:56:33","slug":"usb-c-male-to-displayport-male-adapter-cable","status":"publish","type":"product","link":"https:\/\/www.fjpremium.com\/fr\/product\/usb-c-male-to-displayport-male-adapter-cable\/","title":{"rendered":"C\u00e2ble adaptateur USB C vers DisplayPort enfichable"},"content":{"rendered":"<p>Con\u00e7u pour prendre en charge les images haute r\u00e9solution jusqu'\u00e0 8K@60Hz, le c\u00e2ble adaptateur est le choix id\u00e9al pour connecter des appareils compatibles USB Type C tels que des smartphones, des tablettes ou des ordinateurs \u00e0 des t\u00e9l\u00e9viseurs HD, des moniteurs ou des projecteurs \u00e9quip\u00e9s de DisplayPort.<\/p>\n<p>Il tire parti de la prise en charge audio\/vid\u00e9o inh\u00e9rente aux ports USB Type-C, d\u00e9livrant des signaux audio et vid\u00e9o de haute qualit\u00e9 \u00e0 votre \u00e9cran compatible DisplayPort.<\/p>\n<p>De plus, il offre une interaction multim\u00e9dia immersive, transformant la lecture vid\u00e9o ordinaire ou les pr\u00e9sentations en exp\u00e9riences visuelles richement d\u00e9taill\u00e9es.<\/p>\n<p>Con\u00e7u pour la portabilit\u00e9, ce c\u00e2ble adaptateur USB C vers DisplayPort, compact et l\u00e9ger, est parfait pour les sc\u00e9narios BYOD, convenant \u00e0 la fois aux milieux \u00e9ducatifs et aux environnements d'entreprise.<\/p>\n<p>Le connecteur USB sym\u00e9trique de type C ajoute au confort d'utilisation, permettant un branchement facile sans souci d'orientation. De plus, la nature \"plug-and-play\" \u00e9limine le besoin de pilotes suppl\u00e9mentaires, ce qui garantit une installation sans effort.<\/p>\n<p>Ses caract\u00e9ristiques :<\/p>\n<ul>\n<li>Connecteur 1 : USB Type-C m\u00e2le<\/li>\n<li>Connecteur 2 : DisplayPort (DP) m\u00e2le<\/li>\n<li>Conducteur du c\u00e2ble : Cuivre \u00e9tam\u00e9<\/li>\n<li>Isolation : PE SKIN\/HDPE mouss\u00e9<\/li>\n<li>Calibre des fils : 32\/32\/26AWG<\/li>\n<li>Triple blindage : paire torsad\u00e9e de feuilles d'aluminium, feuilles d'aluminium globales, tresse.<\/li>\n<li>Jeu de puces : CYPD2119 ou ENE363<\/li>\n<li>Diam\u00e8tre ext\u00e9rieur : 4,5\u00b10,2 mm<\/li>\n<li>Conformit\u00e9 : RoHS, REACH, CE, UL<\/li>\n<\/ul>\n<p>En outre, la garantie de deux ans de Farsince et le respect rigoureux des normes industrielles garantissent la fiabilit\u00e9 de notre adaptateur.<\/p>\n<p>Il est dot\u00e9 d'une robuste gaine en PVC et d'une coque en ABS, de connecteurs plaqu\u00e9s or et de composants internes dont la qualit\u00e9 a \u00e9t\u00e9 test\u00e9e, ce qui promet des performances durables et constantes.<\/p>\n<p>Contactez-nous d\u00e8s aujourd'hui pour commander ce c\u00e2ble adaptateur USB C vers DisplayPort.<\/p>","protected":false},"excerpt":{"rendered":"<p>Activez la r\u00e9solution 8K avec le c\u00e2ble adaptateur USB C vers DisplayPort de Farsince ; des visuels de haute qualit\u00e9 sont assur\u00e9s sans n\u00e9cessiter de pilotes suppl\u00e9mentaires.<\/p>","protected":false},"featured_media":17228,"template":"","meta":{"_acf_changed":false,"_seopress_robots_primary_cat":"","_seopress_titles_title":"Plugable USB C to DisplayPort Adapter Cable - FARSINCE","_seopress_titles_desc":"","_seopress_robots_index":"","site-sidebar-layout":"default","site-content-layout":"default","ast-site-content-layout":"default","site-content-style":"default","site-sidebar-style":"default","ast-global-header-display":"","ast-banner-title-visibility":"","ast-main-header-display":"","ast-hfb-above-header-display":"","ast-hfb-below-header-display":"","ast-hfb-mobile-header-display":"","site-post-title":"","ast-breadcrumbs-content":"","ast-featured-img":"","footer-sml-layout":"","ast-disable-related-posts":"","theme-transparent-header-meta":"default","adv-header-id-meta":"","stick-header-meta":"","header-above-stick-meta":"","header-main-stick-meta":"","header-below-stick-meta":"","astra-migrate-meta-layouts":"set","ast-page-background-enabled":"default","ast-page-background-meta":{"desktop":{"background-color":"","background-image":"","background-repeat":"repeat","background-position":"center center","background-size":"auto","background-attachment":"scroll","background-type":"","background-media":"","overlay-type":"","overlay-color":"","overlay-opacity":"","overlay-gradient":""},"tablet":{"background-color":"","background-image":"","background-repeat":"repeat","background-position":"center center","background-size":"auto","background-attachment":"scroll","background-type":"","background-media":"","overlay-type":"","overlay-color":"","overlay-opacity":"","overlay-gradient":""},"mobile":{"background-color":"","background-image":"","background-repeat":"repeat","background-position":"center center","background-size":"auto","background-attachment":"scroll","background-type":"","background-media":"","overlay-type":"","overlay-color":"","overlay-opacity":"","overlay-gradient":""}},"ast-content-background-meta":{"desktop":{"background-color":"var(--ast-global-color-5)","background-image":"","background-repeat":"repeat","background-position":"center center","background-size":"auto","background-attachment":"scroll","background-type":"","background-media":"","overlay-type":"","overlay-color":"","overlay-opacity":"","overlay-gradient":""},"tablet":{"background-color":"var(--ast-global-color-5)","background-image":"","background-repeat":"repeat","background-position":"center center","background-size":"auto","background-attachment":"scroll","background-type":"","background-media":"","overlay-type":"","overlay-color":"","overlay-opacity":"","overlay-gradient":""},"mobile":{"background-color":"var(--ast-global-color-5)","background-image":"","background-repeat":"repeat","background-position":"center center","background-size":"auto","background-attachment":"scroll","background-type":"","background-media":"","overlay-type":"","overlay-color":"","overlay-opacity":"","overlay-gradient":""}},"iawp_total_views":3},"product_brand":[],"product_cat":[222],"product_tag":[],"class_list":{"0":"post-17227","1":"product","2":"type-product","3":"status-publish","4":"has-post-thumbnail","6":"product_cat-usb-c-cables","7":"desktop-align-left","8":"tablet-align-left","9":"mobile-align-left","11":"first","12":"instock","13":"shipping-taxable","14":"purchasable","15":"product-type-simple"},"acf":[],"_links":{"self":[{"href":"https:\/\/www.fjpremium.com\/fr\/wp-json\/wp\/v2\/product\/17227","targetHints":{"allow":["GET"]}}],"collection":[{"href":"https:\/\/www.fjpremium.com\/fr\/wp-json\/wp\/v2\/product"}],"about":[{"href":"https:\/\/www.fjpremium.com\/fr\/wp-json\/wp\/v2\/types\/product"}],"wp:featuredmedia":[{"embeddable":true,"href":"https:\/\/www.fjpremium.com\/fr\/wp-json\/wp\/v2\/media\/17228"}],"wp:attachment":[{"href":"https:\/\/www.fjpremium.com\/fr\/wp-json\/wp\/v2\/media?parent=17227"}],"wp:term":[{"taxonomy":"product_brand","embeddable":true,"href":"https:\/\/www.fjpremium.com\/fr\/wp-json\/wp\/v2\/product_brand?post=17227"},{"taxonomy":"product_cat","embeddable":true,"href":"https:\/\/www.fjpremium.com\/fr\/wp-json\/wp\/v2\/product_cat?post=17227"},{"taxonomy":"product_tag","embeddable":true,"href":"https:\/\/www.fjpremium.com\/fr\/wp-json\/wp\/v2\/product_tag?post=17227"}],"curies":[{"name":"wp","href":"https:\/\/api.w.org\/{rel}","templated":true}]}}