{"id":17226,"date":"2021-03-10T15:14:10","date_gmt":"2021-03-10T07:14:10","guid":{"rendered":"https:\/\/www.fjpremium.com\/?post_type=product&#038;p=17226"},"modified":"2023-09-20T10:55:04","modified_gmt":"2023-09-20T02:55:04","slug":"usb-c-male-to-displayport-male-adapter-cable-2","status":"publish","type":"product","link":"https:\/\/www.fjpremium.com\/fr\/product\/usb-c-male-to-displayport-male-adapter-cable-2\/","title":{"rendered":"Meilleur c\u00e2ble adaptateur USB C vers DisplayPort"},"content":{"rendered":"<p>Con\u00e7u pour faciliter les connexions sup\u00e9rieures entre les appareils compatibles USB-C tels que les smartphones, les tablettes ou les ordinateurs et les \u00e9crans compatibles DisplayPort, le meilleur c\u00e2ble adaptateur USB C vers DisplayPort se distingue par des performances in\u00e9gal\u00e9es.<\/p>\n<p>Il canalise efficacement le support audio\/vid\u00e9o int\u00e9gr\u00e9 des ports USB Type-C, produisant un signal de sortie de haute qualit\u00e9 pour un t\u00e9l\u00e9viseur HD, un moniteur ou un projecteur.<\/p>\n<p>En outre, il prend en charge des r\u00e9solutions allant jusqu'\u00e0 4K@60Hz ou 8K@60Hz, garantissant ainsi une qualit\u00e9 vid\u00e9o optimale sur votre \u00e9cran connect\u00e9.<\/p>\n<p>La convivialit\u00e9 est inh\u00e9rente \u00e0 la conception r\u00e9versible et sym\u00e9trique du connecteur USB de type C, qui permet des connexions sans probl\u00e8me.<\/p>\n<p>La compacit\u00e9 et la l\u00e9g\u00e8ret\u00e9 de ce c\u00e2ble adaptateur en font un accessoire facile \u00e0 transporter.<\/p>\n<p>Il n'est pas n\u00e9cessaire d'installer des pilotes suppl\u00e9mentaires ; son attribut \"plug-and-play\" garantit une installation rapide et facile.<\/p>\n<p>Ses caract\u00e9ristiques :<\/p>\n<ul>\n<li>Connecteur 1 : USB Type-C m\u00e2le<\/li>\n<li>Connecteur 2 : DisplayPort (DP) m\u00e2le<\/li>\n<li>Conducteur du c\u00e2ble : Cuivre \u00e9tam\u00e9<\/li>\n<li>Isolation : PE SKIN\/HDPE mouss\u00e9<\/li>\n<li>Calibre des fils : 32\/32\/26AWG<\/li>\n<li>Triple blindage : paire torsad\u00e9e Feuille d'aluminium, feuille d'aluminium globale, tresse<\/li>\n<li>Bo\u00eetier : Coque en ABS<\/li>\n<li>Jeu de puces : CYPD2119 ou ENE363<\/li>\n<li>Diam\u00e8tre ext\u00e9rieur : 4,5\u00b10,2 mm<\/li>\n<\/ul>\n<p>De plus, gr\u00e2ce \u00e0 la garantie de deux ans de Farsince, notre c\u00e2ble adaptateur robuste est fiable et vous offre une grande tranquillit\u00e9 d'esprit. La conformit\u00e9 aux normes RoHS, REACH, CE et UL t\u00e9moigne de sa qualit\u00e9.<\/p>\n<p>Ses connecteurs plaqu\u00e9s or, sa gaine en PVC durable et son c\u00e2ble bien isol\u00e9 compl\u00e8tent ses caract\u00e9ristiques sup\u00e9rieures. Par cons\u00e9quent, contactez-nous d\u00e8s aujourd'hui et investissez dans notre meilleur c\u00e2ble adaptateur USB C vers DisplayPort.<\/p>","protected":false},"excerpt":{"rendered":"<p>Am\u00e9liorez vos solutions de connectivit\u00e9 avec le meilleur c\u00e2ble adaptateur USB C vers DisplayPort, id\u00e9al pour les smartphones, les tablettes ou les ordinateurs vers les \u00e9crans compatibles DisplayPort.<\/p>","protected":false},"featured_media":17236,"template":"","meta":{"_acf_changed":false,"_seopress_robots_primary_cat":"","_seopress_titles_title":"Best USB C to DisplayPort Adapter Cable - FARSINCE","_seopress_titles_desc":"","_seopress_robots_index":"","site-sidebar-layout":"default","site-content-layout":"default","ast-site-content-layout":"default","site-content-style":"default","site-sidebar-style":"default","ast-global-header-display":"","ast-banner-title-visibility":"","ast-main-header-display":"","ast-hfb-above-header-display":"","ast-hfb-below-header-display":"","ast-hfb-mobile-header-display":"","site-post-title":"","ast-breadcrumbs-content":"","ast-featured-img":"","footer-sml-layout":"","ast-disable-related-posts":"","theme-transparent-header-meta":"default","adv-header-id-meta":"","stick-header-meta":"","header-above-stick-meta":"","header-main-stick-meta":"","header-below-stick-meta":"","astra-migrate-meta-layouts":"set","ast-page-background-enabled":"default","ast-page-background-meta":{"desktop":{"background-color":"","background-image":"","background-repeat":"repeat","background-position":"center center","background-size":"auto","background-attachment":"scroll","background-type":"","background-media":"","overlay-type":"","overlay-color":"","overlay-opacity":"","overlay-gradient":""},"tablet":{"background-color":"","background-image":"","background-repeat":"repeat","background-position":"center center","background-size":"auto","background-attachment":"scroll","background-type":"","background-media":"","overlay-type":"","overlay-color":"","overlay-opacity":"","overlay-gradient":""},"mobile":{"background-color":"","background-image":"","background-repeat":"repeat","background-position":"center center","background-size":"auto","background-attachment":"scroll","background-type":"","background-media":"","overlay-type":"","overlay-color":"","overlay-opacity":"","overlay-gradient":""}},"ast-content-background-meta":{"desktop":{"background-color":"var(--ast-global-color-5)","background-image":"","background-repeat":"repeat","background-position":"center center","background-size":"auto","background-attachment":"scroll","background-type":"","background-media":"","overlay-type":"","overlay-color":"","overlay-opacity":"","overlay-gradient":""},"tablet":{"background-color":"var(--ast-global-color-5)","background-image":"","background-repeat":"repeat","background-position":"center center","background-size":"auto","background-attachment":"scroll","background-type":"","background-media":"","overlay-type":"","overlay-color":"","overlay-opacity":"","overlay-gradient":""},"mobile":{"background-color":"var(--ast-global-color-5)","background-image":"","background-repeat":"repeat","background-position":"center center","background-size":"auto","background-attachment":"scroll","background-type":"","background-media":"","overlay-type":"","overlay-color":"","overlay-opacity":"","overlay-gradient":""}},"iawp_total_views":7},"product_brand":[],"product_cat":[222],"product_tag":[],"class_list":{"0":"post-17226","1":"product","2":"type-product","3":"status-publish","4":"has-post-thumbnail","6":"product_cat-usb-c-cables","7":"desktop-align-left","8":"tablet-align-left","9":"mobile-align-left","11":"first","12":"instock","13":"shipping-taxable","14":"purchasable","15":"product-type-simple"},"acf":[],"_links":{"self":[{"href":"https:\/\/www.fjpremium.com\/fr\/wp-json\/wp\/v2\/product\/17226","targetHints":{"allow":["GET"]}}],"collection":[{"href":"https:\/\/www.fjpremium.com\/fr\/wp-json\/wp\/v2\/product"}],"about":[{"href":"https:\/\/www.fjpremium.com\/fr\/wp-json\/wp\/v2\/types\/product"}],"wp:featuredmedia":[{"embeddable":true,"href":"https:\/\/www.fjpremium.com\/fr\/wp-json\/wp\/v2\/media\/17236"}],"wp:attachment":[{"href":"https:\/\/www.fjpremium.com\/fr\/wp-json\/wp\/v2\/media?parent=17226"}],"wp:term":[{"taxonomy":"product_brand","embeddable":true,"href":"https:\/\/www.fjpremium.com\/fr\/wp-json\/wp\/v2\/product_brand?post=17226"},{"taxonomy":"product_cat","embeddable":true,"href":"https:\/\/www.fjpremium.com\/fr\/wp-json\/wp\/v2\/product_cat?post=17226"},{"taxonomy":"product_tag","embeddable":true,"href":"https:\/\/www.fjpremium.com\/fr\/wp-json\/wp\/v2\/product_tag?post=17226"}],"curies":[{"name":"wp","href":"https:\/\/api.w.org\/{rel}","templated":true}]}}