{"id":17216,"date":"2021-03-10T15:11:38","date_gmt":"2021-03-10T07:11:38","guid":{"rendered":"https:\/\/www.fjpremium.com\/?post_type=product&#038;p=17216"},"modified":"2023-09-20T10:53:06","modified_gmt":"2023-09-20T02:53:06","slug":"usb-c-male-to-hdmi-male-adapter-cable-up-to-8k60hz-3","status":"publish","type":"product","link":"https:\/\/www.fjpremium.com\/fr\/product\/usb-c-male-to-hdmi-male-adapter-cable-up-to-8k60hz-3\/","title":{"rendered":"Adaptateur USB Type C vers c\u00e2ble HDMI, jusqu'\u00e0 8K@60Hz"},"content":{"rendered":"<p>Con\u00e7u pour l'utilisateur moderne, notre c\u00e2ble adaptateur haut de gamme relie les appareils compatibles USB-C tels que les smartphones, les tablettes ou les ordinateurs aux \u00e9crans HDMI tels que les t\u00e9l\u00e9viseurs HD, les moniteurs ou les projecteurs avec une facilit\u00e9 absolue.<\/p>\n<p>Exploitant les fonctionnalit\u00e9s audio\/vid\u00e9o int\u00e9gr\u00e9es des ports USB Type-C, il d\u00e9livre des signaux audio\/vid\u00e9o exceptionnels aux p\u00e9riph\u00e9riques HDMI. Et avec la prise en charge d'une r\u00e9solution allant jusqu'\u00e0 8K (3840\u00d72160@60Hz), vous pouvez vous attendre \u00e0 une qualit\u00e9 vid\u00e9o sup\u00e9rieure sur votre \u00e9cran.<\/p>\n<p>Le c\u00e2ble USB Type C vers HDMI est dot\u00e9 d'un connecteur USB Type C r\u00e9versible et sym\u00e9trique pour une connectivit\u00e9 transparente, tandis que les contacts et la coque plaqu\u00e9s or garantissent des performances durables.<\/p>\n<p>De plus, le conducteur du c\u00e2ble en cuivre \u00e9tam\u00e9 et le triple blindage garantissent une transmission ininterrompue du signal.<\/p>\n<p>Ses caract\u00e9ristiques :<\/p>\n<ul>\n<li>Connecteur 1 : USB Type-C m\u00e2le<\/li>\n<li>Connecteur 2 : HDMI 19 broches m\u00e2le<\/li>\n<li>Isolation : PE SKIN\/HDPE mouss\u00e9<\/li>\n<li>Calibre des fils : 32\/32\/26AWG<\/li>\n<li>Bo\u00eetier : ABS\/coquille en aluminium<\/li>\n<li>Chipset : RTD2171U ou AG9310 ou RTD2172U<\/li>\n<li>Gaine : PVC<\/li>\n<li>Diam\u00e8tre ext\u00e9rieur : 4,5\u00b10,2 mm<\/li>\n<\/ul>\n<p>De plus, test\u00e9 selon les normes de l'industrie et couvert par une garantie Farsince de deux ans, ce c\u00e2ble USB Type C vers HDMI est con\u00e7u pour \u00eatre fiable, durable et conforme aux normes RoHS, REACH et CE.<\/p>\n<p>En bref, contactez-nous aujourd'hui et investissez dans le c\u00e2ble.<\/p>","protected":false},"excerpt":{"rendered":"<p>D\u00e9couvrez le summum de la connectivit\u00e9 haute d\u00e9finition avec le c\u00e2ble USB Type C vers HDMI de Farsince, parfait pour connecter des smartphones, des tablettes ou d'autres appareils.<\/p>","protected":false},"featured_media":17217,"template":"","meta":{"_acf_changed":false,"_seopress_robots_primary_cat":"","_seopress_titles_title":"Adapter USB Type C to HDMI Cable, up to 8K@60Hz - FARSINCE","_seopress_titles_desc":"","_seopress_robots_index":"","site-sidebar-layout":"default","site-content-layout":"default","ast-site-content-layout":"default","site-content-style":"default","site-sidebar-style":"default","ast-global-header-display":"","ast-banner-title-visibility":"","ast-main-header-display":"","ast-hfb-above-header-display":"","ast-hfb-below-header-display":"","ast-hfb-mobile-header-display":"","site-post-title":"","ast-breadcrumbs-content":"","ast-featured-img":"","footer-sml-layout":"","ast-disable-related-posts":"","theme-transparent-header-meta":"default","adv-header-id-meta":"","stick-header-meta":"","header-above-stick-meta":"","header-main-stick-meta":"","header-below-stick-meta":"","astra-migrate-meta-layouts":"set","ast-page-background-enabled":"default","ast-page-background-meta":{"desktop":{"background-color":"","background-image":"","background-repeat":"repeat","background-position":"center center","background-size":"auto","background-attachment":"scroll","background-type":"","background-media":"","overlay-type":"","overlay-color":"","overlay-opacity":"","overlay-gradient":""},"tablet":{"background-color":"","background-image":"","background-repeat":"repeat","background-position":"center center","background-size":"auto","background-attachment":"scroll","background-type":"","background-media":"","overlay-type":"","overlay-color":"","overlay-opacity":"","overlay-gradient":""},"mobile":{"background-color":"","background-image":"","background-repeat":"repeat","background-position":"center center","background-size":"auto","background-attachment":"scroll","background-type":"","background-media":"","overlay-type":"","overlay-color":"","overlay-opacity":"","overlay-gradient":""}},"ast-content-background-meta":{"desktop":{"background-color":"var(--ast-global-color-5)","background-image":"","background-repeat":"repeat","background-position":"center center","background-size":"auto","background-attachment":"scroll","background-type":"","background-media":"","overlay-type":"","overlay-color":"","overlay-opacity":"","overlay-gradient":""},"tablet":{"background-color":"var(--ast-global-color-5)","background-image":"","background-repeat":"repeat","background-position":"center center","background-size":"auto","background-attachment":"scroll","background-type":"","background-media":"","overlay-type":"","overlay-color":"","overlay-opacity":"","overlay-gradient":""},"mobile":{"background-color":"var(--ast-global-color-5)","background-image":"","background-repeat":"repeat","background-position":"center center","background-size":"auto","background-attachment":"scroll","background-type":"","background-media":"","overlay-type":"","overlay-color":"","overlay-opacity":"","overlay-gradient":""}},"iawp_total_views":6},"product_brand":[],"product_cat":[222],"product_tag":[],"class_list":{"0":"post-17216","1":"product","2":"type-product","3":"status-publish","4":"has-post-thumbnail","6":"product_cat-usb-c-cables","7":"desktop-align-left","8":"tablet-align-left","9":"mobile-align-left","11":"first","12":"instock","13":"shipping-taxable","14":"purchasable","15":"product-type-simple"},"acf":[],"_links":{"self":[{"href":"https:\/\/www.fjpremium.com\/fr\/wp-json\/wp\/v2\/product\/17216","targetHints":{"allow":["GET"]}}],"collection":[{"href":"https:\/\/www.fjpremium.com\/fr\/wp-json\/wp\/v2\/product"}],"about":[{"href":"https:\/\/www.fjpremium.com\/fr\/wp-json\/wp\/v2\/types\/product"}],"wp:featuredmedia":[{"embeddable":true,"href":"https:\/\/www.fjpremium.com\/fr\/wp-json\/wp\/v2\/media\/17217"}],"wp:attachment":[{"href":"https:\/\/www.fjpremium.com\/fr\/wp-json\/wp\/v2\/media?parent=17216"}],"wp:term":[{"taxonomy":"product_brand","embeddable":true,"href":"https:\/\/www.fjpremium.com\/fr\/wp-json\/wp\/v2\/product_brand?post=17216"},{"taxonomy":"product_cat","embeddable":true,"href":"https:\/\/www.fjpremium.com\/fr\/wp-json\/wp\/v2\/product_cat?post=17216"},{"taxonomy":"product_tag","embeddable":true,"href":"https:\/\/www.fjpremium.com\/fr\/wp-json\/wp\/v2\/product_tag?post=17216"}],"curies":[{"name":"wp","href":"https:\/\/api.w.org\/{rel}","templated":true}]}}