{"id":17191,"date":"2021-03-10T15:05:46","date_gmt":"2021-03-10T07:05:46","guid":{"rendered":"https:\/\/www.fjpremium.com\/?post_type=product&#038;p=17191"},"modified":"2023-09-20T10:54:18","modified_gmt":"2023-09-20T02:54:18","slug":"usb-c-male-to-hdmi-female-adapter4k-ready","status":"publish","type":"product","link":"https:\/\/www.fjpremium.com\/fr\/product\/usb-c-male-to-hdmi-female-adapter4k-ready\/","title":{"rendered":"Adaptateur USB C vers HDMI 4K"},"content":{"rendered":"<p>Notre adaptateur haut de gamme relie efficacement les appareils \u00e9quip\u00e9s de la technologie USB-C, tels que les smartphones, les tablettes ou les ordinateurs, aux \u00e9crans compatibles HDMI, tels que les t\u00e9l\u00e9viseurs HD, les moniteurs ou les projecteurs.<\/p>\n<p>Exploitant les capacit\u00e9s audio\/vid\u00e9o inh\u00e9rentes aux ports USB Type-C, il d\u00e9livre un signal audio\/vid\u00e9o impressionnant aux \u00e9crans \u00e9quip\u00e9s de HDMI.<\/p>\n<p>De plus, la prise en charge de la r\u00e9solution 4K (3840\u00d72160 @ 60Hz) garantit une qualit\u00e9 vid\u00e9o exceptionnelle sur l'\u00e9cran de votre choix.<\/p>\n<p>La compacit\u00e9 de l'adaptateur compl\u00e8te les applications BYOD dans les milieux de l'\u00e9ducation et de l'entreprise, tandis que son design l\u00e9ger am\u00e9liore la portabilit\u00e9.<\/p>\n<p>Son connecteur USB Type C sym\u00e9trique et r\u00e9versible garantit une utilisation sans souci, et avec une fonction plug-and-play, aucun pilote suppl\u00e9mentaire n'est n\u00e9cessaire.<\/p>\n<p>Ses caract\u00e9ristiques :<\/p>\n<ul>\n<li>Connecteur 1 : USB Type-C m\u00e2le<\/li>\n<li>Connecteur 2 : HDMI 19 broches femelle<\/li>\n<li>Conducteur du c\u00e2ble : Cuivre \u00e9tam\u00e9<\/li>\n<li>Isolation : PE SKIN\/HDPE mouss\u00e9<\/li>\n<li>Calibre des fils : 32\/32\/26AWG<\/li>\n<li>Chipset : RTD2171U\/RTD2172U\/AG9310\/LT8711EH<\/li>\n<li>Diam\u00e8tre ext\u00e9rieur : 4,5\u00b10,2 mm<\/li>\n<\/ul>\n<p>En outre, couvert par une garantie Farsince de deux ans, cet adaptateur USB C vers HDMI 4K r\u00e9pond aux normes de l'industrie et respecte les normes RoHS, REACH et CE.<\/p>\n<p>De plus, il est dot\u00e9 de connecteurs plaqu\u00e9s or, d'un triple blindage, d'une gaine en PVC et d'une coque en ABS, autant d'\u00e9l\u00e9ments qui t\u00e9moignent de sa qualit\u00e9 sup\u00e9rieure et de sa durabilit\u00e9. Par cons\u00e9quent, contactez-nous d\u00e8s aujourd'hui et commandez notre adaptateur USB C vers HDMI 4K.<\/p>","protected":false},"excerpt":{"rendered":"<p>Tirez le meilleur parti de vos appareils avec l'adaptateur USB C vers HDMI 4K de haute qualit\u00e9 de Farsince, parfait pour relier les appareils \u00e9quip\u00e9s de l'USB-C.<\/p>","protected":false},"featured_media":17192,"template":"","meta":{"_acf_changed":false,"_seopress_robots_primary_cat":"","_seopress_titles_title":"Best USB C to 4K HDMI Adapter - FARSINCE","_seopress_titles_desc":"","_seopress_robots_index":"","site-sidebar-layout":"default","site-content-layout":"default","ast-site-content-layout":"default","site-content-style":"default","site-sidebar-style":"default","ast-global-header-display":"","ast-banner-title-visibility":"","ast-main-header-display":"","ast-hfb-above-header-display":"","ast-hfb-below-header-display":"","ast-hfb-mobile-header-display":"","site-post-title":"","ast-breadcrumbs-content":"","ast-featured-img":"","footer-sml-layout":"","ast-disable-related-posts":"","theme-transparent-header-meta":"default","adv-header-id-meta":"","stick-header-meta":"","header-above-stick-meta":"","header-main-stick-meta":"","header-below-stick-meta":"","astra-migrate-meta-layouts":"set","ast-page-background-enabled":"default","ast-page-background-meta":{"desktop":{"background-color":"","background-image":"","background-repeat":"repeat","background-position":"center center","background-size":"auto","background-attachment":"scroll","background-type":"","background-media":"","overlay-type":"","overlay-color":"","overlay-opacity":"","overlay-gradient":""},"tablet":{"background-color":"","background-image":"","background-repeat":"repeat","background-position":"center center","background-size":"auto","background-attachment":"scroll","background-type":"","background-media":"","overlay-type":"","overlay-color":"","overlay-opacity":"","overlay-gradient":""},"mobile":{"background-color":"","background-image":"","background-repeat":"repeat","background-position":"center center","background-size":"auto","background-attachment":"scroll","background-type":"","background-media":"","overlay-type":"","overlay-color":"","overlay-opacity":"","overlay-gradient":""}},"ast-content-background-meta":{"desktop":{"background-color":"var(--ast-global-color-5)","background-image":"","background-repeat":"repeat","background-position":"center center","background-size":"auto","background-attachment":"scroll","background-type":"","background-media":"","overlay-type":"","overlay-color":"","overlay-opacity":"","overlay-gradient":""},"tablet":{"background-color":"var(--ast-global-color-5)","background-image":"","background-repeat":"repeat","background-position":"center center","background-size":"auto","background-attachment":"scroll","background-type":"","background-media":"","overlay-type":"","overlay-color":"","overlay-opacity":"","overlay-gradient":""},"mobile":{"background-color":"var(--ast-global-color-5)","background-image":"","background-repeat":"repeat","background-position":"center center","background-size":"auto","background-attachment":"scroll","background-type":"","background-media":"","overlay-type":"","overlay-color":"","overlay-opacity":"","overlay-gradient":""}},"iawp_total_views":7},"product_brand":[],"product_cat":[222],"product_tag":[],"class_list":{"0":"post-17191","1":"product","2":"type-product","3":"status-publish","4":"has-post-thumbnail","6":"product_cat-usb-c-cables","7":"desktop-align-left","8":"tablet-align-left","9":"mobile-align-left","11":"first","12":"instock","13":"shipping-taxable","14":"purchasable","15":"product-type-simple"},"acf":[],"_links":{"self":[{"href":"https:\/\/www.fjpremium.com\/fr\/wp-json\/wp\/v2\/product\/17191","targetHints":{"allow":["GET"]}}],"collection":[{"href":"https:\/\/www.fjpremium.com\/fr\/wp-json\/wp\/v2\/product"}],"about":[{"href":"https:\/\/www.fjpremium.com\/fr\/wp-json\/wp\/v2\/types\/product"}],"wp:featuredmedia":[{"embeddable":true,"href":"https:\/\/www.fjpremium.com\/fr\/wp-json\/wp\/v2\/media\/17192"}],"wp:attachment":[{"href":"https:\/\/www.fjpremium.com\/fr\/wp-json\/wp\/v2\/media?parent=17191"}],"wp:term":[{"taxonomy":"product_brand","embeddable":true,"href":"https:\/\/www.fjpremium.com\/fr\/wp-json\/wp\/v2\/product_brand?post=17191"},{"taxonomy":"product_cat","embeddable":true,"href":"https:\/\/www.fjpremium.com\/fr\/wp-json\/wp\/v2\/product_cat?post=17191"},{"taxonomy":"product_tag","embeddable":true,"href":"https:\/\/www.fjpremium.com\/fr\/wp-json\/wp\/v2\/product_tag?post=17191"}],"curies":[{"name":"wp","href":"https:\/\/api.w.org\/{rel}","templated":true}]}}