{"id":17190,"date":"2021-03-10T15:05:45","date_gmt":"2021-03-10T07:05:45","guid":{"rendered":"https:\/\/www.fjpremium.com\/?post_type=product&#038;p=17190"},"modified":"2023-09-20T10:51:41","modified_gmt":"2023-09-20T02:51:41","slug":"usb-c-male-to-hdmi-female-adapter4k-ready-2","status":"publish","type":"product","link":"https:\/\/www.fjpremium.com\/fr\/product\/usb-c-male-to-hdmi-female-adapter4k-ready-2\/","title":{"rendered":"Adaptateur USB C m\u00e2le-femelle HDMI, compatible 4K"},"content":{"rendered":"<p>Cet adaptateur USB 3.1 Type C m\u00e2le vers HDMI femelle est con\u00e7u pour une connectivit\u00e9 transparente entre les appareils USB-C, notamment les smartphones, les tablettes et les ordinateurs, et les \u00e9crans compatibles HDMI tels que les t\u00e9l\u00e9viseurs HD, les moniteurs et les projecteurs.<\/p>\n<p>Vous pouvez profiter des capacit\u00e9s audio\/vid\u00e9o inh\u00e9rentes aux ports USB Type-C, et il d\u00e9livre un signal HDMI exceptionnel qui prend en charge la r\u00e9solution 4K (3840\u00d72160 @ 60Hz).<\/p>\n<p>La conception compacte de notre adaptateur convient aux installations BYOD dans les entreprises et les \u00e9tablissements d'enseignement. Avec des contacts plaqu\u00e9s or, un triple blindage et une coque en ABS durable, il garantit une connexion robuste et fiable.<\/p>\n<p>Ses caract\u00e9ristiques :<\/p>\n<ul>\n<li>Connecteur 1 : USB Type-C m\u00e2le<\/li>\n<li>Connecteur 2 : HDMI 19 broches femelle<\/li>\n<li>Conducteur du c\u00e2ble : Cuivre \u00e9tam\u00e9<\/li>\n<li>Isolation : PE SKIN\/HDPE mouss\u00e9<\/li>\n<li>Calibre des fils : 32\/32\/26AWG<\/li>\n<li>Chipset : RTD2171U\/RTD2172U\/AG9310\/LT8711EH<\/li>\n<li>Gaine : PVC<\/li>\n<li>Diam\u00e8tre ext\u00e9rieur : 4,5\u00b10,2 mm<\/li>\n<\/ul>\n<p>En outre, couvert par la garantie de deux ans de Farsince et conforme aux normes de l'industrie, cet adaptateur USB C HDMI de haute qualit\u00e9 ne n\u00e9cessite aucun pilote et est simplement pr\u00eat \u00e0 l'emploi. En r\u00e9sum\u00e9, contactez-nous d\u00e8s aujourd'hui et commandez notre produit.<\/p>","protected":false},"excerpt":{"rendered":"<p>Am\u00e9liorez vos m\u00e9dias avec l'adaptateur USB C HDMI de Farsince. Profitez de la r\u00e9solution 4K sur les \u00e9crans compatibles HDMI depuis n'importe quel p\u00e9riph\u00e9rique USB-C, sans pilote ni configuration complexe.<\/p>","protected":false},"featured_media":17200,"template":"","meta":{"_acf_changed":false,"_seopress_robots_primary_cat":"","_seopress_titles_title":"Best Male to Female USB C Adapter HDMI,4K Ready - FARSINCE","_seopress_titles_desc":"","_seopress_robots_index":"","site-sidebar-layout":"default","site-content-layout":"default","ast-site-content-layout":"default","site-content-style":"default","site-sidebar-style":"default","ast-global-header-display":"","ast-banner-title-visibility":"","ast-main-header-display":"","ast-hfb-above-header-display":"","ast-hfb-below-header-display":"","ast-hfb-mobile-header-display":"","site-post-title":"","ast-breadcrumbs-content":"","ast-featured-img":"","footer-sml-layout":"","ast-disable-related-posts":"","theme-transparent-header-meta":"default","adv-header-id-meta":"","stick-header-meta":"","header-above-stick-meta":"","header-main-stick-meta":"","header-below-stick-meta":"","astra-migrate-meta-layouts":"set","ast-page-background-enabled":"default","ast-page-background-meta":{"desktop":{"background-color":"","background-image":"","background-repeat":"repeat","background-position":"center center","background-size":"auto","background-attachment":"scroll","background-type":"","background-media":"","overlay-type":"","overlay-color":"","overlay-opacity":"","overlay-gradient":""},"tablet":{"background-color":"","background-image":"","background-repeat":"repeat","background-position":"center center","background-size":"auto","background-attachment":"scroll","background-type":"","background-media":"","overlay-type":"","overlay-color":"","overlay-opacity":"","overlay-gradient":""},"mobile":{"background-color":"","background-image":"","background-repeat":"repeat","background-position":"center center","background-size":"auto","background-attachment":"scroll","background-type":"","background-media":"","overlay-type":"","overlay-color":"","overlay-opacity":"","overlay-gradient":""}},"ast-content-background-meta":{"desktop":{"background-color":"var(--ast-global-color-5)","background-image":"","background-repeat":"repeat","background-position":"center center","background-size":"auto","background-attachment":"scroll","background-type":"","background-media":"","overlay-type":"","overlay-color":"","overlay-opacity":"","overlay-gradient":""},"tablet":{"background-color":"var(--ast-global-color-5)","background-image":"","background-repeat":"repeat","background-position":"center center","background-size":"auto","background-attachment":"scroll","background-type":"","background-media":"","overlay-type":"","overlay-color":"","overlay-opacity":"","overlay-gradient":""},"mobile":{"background-color":"var(--ast-global-color-5)","background-image":"","background-repeat":"repeat","background-position":"center center","background-size":"auto","background-attachment":"scroll","background-type":"","background-media":"","overlay-type":"","overlay-color":"","overlay-opacity":"","overlay-gradient":""}},"iawp_total_views":5},"product_brand":[],"product_cat":[222],"product_tag":[],"class_list":{"0":"post-17190","1":"product","2":"type-product","3":"status-publish","4":"has-post-thumbnail","6":"product_cat-usb-c-cables","7":"desktop-align-left","8":"tablet-align-left","9":"mobile-align-left","11":"first","12":"instock","13":"shipping-taxable","14":"purchasable","15":"product-type-simple"},"acf":[],"_links":{"self":[{"href":"https:\/\/www.fjpremium.com\/fr\/wp-json\/wp\/v2\/product\/17190","targetHints":{"allow":["GET"]}}],"collection":[{"href":"https:\/\/www.fjpremium.com\/fr\/wp-json\/wp\/v2\/product"}],"about":[{"href":"https:\/\/www.fjpremium.com\/fr\/wp-json\/wp\/v2\/types\/product"}],"wp:featuredmedia":[{"embeddable":true,"href":"https:\/\/www.fjpremium.com\/fr\/wp-json\/wp\/v2\/media\/17200"}],"wp:attachment":[{"href":"https:\/\/www.fjpremium.com\/fr\/wp-json\/wp\/v2\/media?parent=17190"}],"wp:term":[{"taxonomy":"product_brand","embeddable":true,"href":"https:\/\/www.fjpremium.com\/fr\/wp-json\/wp\/v2\/product_brand?post=17190"},{"taxonomy":"product_cat","embeddable":true,"href":"https:\/\/www.fjpremium.com\/fr\/wp-json\/wp\/v2\/product_cat?post=17190"},{"taxonomy":"product_tag","embeddable":true,"href":"https:\/\/www.fjpremium.com\/fr\/wp-json\/wp\/v2\/product_tag?post=17190"}],"curies":[{"name":"wp","href":"https:\/\/api.w.org\/{rel}","templated":true}]}}