{"id":17189,"date":"2021-03-10T15:05:24","date_gmt":"2021-03-10T07:05:24","guid":{"rendered":"https:\/\/www.fjpremium.com\/?post_type=product&#038;p=17189"},"modified":"2023-09-20T10:50:40","modified_gmt":"2023-09-20T02:50:40","slug":"usb-c-male-to-hdmi-female-adapter4k-ready-3","status":"publish","type":"product","link":"https:\/\/www.fjpremium.com\/fr\/product\/usb-c-male-to-hdmi-female-adapter4k-ready-3\/","title":{"rendered":"Adaptateur HDMI femelle vers USB m\u00e2le, compatible 4K"},"content":{"rendered":"<p>Notre adaptateur compact et l\u00e9ger vous permet de connecter un smartphone, une tablette, un ordinateur ou tout autre p\u00e9riph\u00e9rique USB de type C \u00e0 un \u00e9cran compatible HDMI.<\/p>\n<p>Qu'il s'agisse d'un t\u00e9l\u00e9viseur HD, d'un moniteur ou d'un projecteur, il prend en charge une r\u00e9solution 4K \u00e9poustouflante \u00e0 60 Hz pour une exp\u00e9rience visuelle immersive.<\/p>\n<p>Il est dot\u00e9 d'un connecteur USB Type C r\u00e9versible et sym\u00e9trique qui \u00e9limine les conjectures, rendant vos connexions plus rapides et plus faciles.<\/p>\n<p>De plus, il est pr\u00eat \u00e0 l'emploi et ne n\u00e9cessite pas de pilotes suppl\u00e9mentaires.<\/p>\n<p>La construction robuste de cet adaptateur HDMI femelle vers USB m\u00e2le comprend une coque et des contacts plaqu\u00e9s or pour une transmission optimale du signal, un conducteur en cuivre \u00e9tam\u00e9 et un triple blindage utilisant une feuille d'aluminium \u00e0 paires torsad\u00e9es, une feuille d'aluminium globale et une tresse pour une int\u00e9grit\u00e9 maximale du signal.<\/p>\n<p>Log\u00e9 dans une coque ABS durable, il comprend un chipset RTD2171U\/RTD2172U\/AG9310\/LT8711EH avec une enveloppe en PVC pour une protection accrue.<\/p>\n<p>Ses caract\u00e9ristiques :<\/p>\n<ul>\n<li>Connecteur 1 : USB Type-C m\u00e2le<\/li>\n<li>Connecteur 2 : HDMI 19 broches femelle<\/li>\n<li>Isolation : PE SKIN\/HDPE mouss\u00e9<\/li>\n<li>Calibre des fils : 32\/32\/26AWG<\/li>\n<li>Diam\u00e8tre ext\u00e9rieur : 4,5\u00b10,2 mm<\/li>\n<\/ul>\n<p>En outre, il est conforme aux normes RoHS, REACH et CE et b\u00e9n\u00e9ficie d'une garantie de 2 ans de la part de Farsince. Contactez-nous d\u00e8s aujourd'hui pour commander notre adaptateur HDMI femelle vers USB m\u00e2le.<\/p>","protected":false},"excerpt":{"rendered":"<p>Faites l&#039;exp\u00e9rience de la qualit\u00e9 4K sur votre \u00e9cran HDMI avec l&#039;adaptateur Farsince HDMI femelle vers USB m\u00e2le, plug-and-play, durable et compact, parfait pour les applications BYOD dans les environnements d&#039;entreprise ou \u00e9ducatifs.<\/p>","protected":false},"featured_media":17208,"template":"","meta":{"_acf_changed":false,"_seopress_robots_primary_cat":"","_seopress_titles_title":"HDMI Female to USB Male Adapter,4K ready - FARSINCE","_seopress_titles_desc":"Experience 4K quality on HDMI display with the Farsince HDMI female to USB male adapter, perfect for BYOD applications in corporate or educational environments.","_seopress_robots_index":"","site-sidebar-layout":"default","site-content-layout":"default","ast-site-content-layout":"default","site-content-style":"default","site-sidebar-style":"default","ast-global-header-display":"","ast-banner-title-visibility":"","ast-main-header-display":"","ast-hfb-above-header-display":"","ast-hfb-below-header-display":"","ast-hfb-mobile-header-display":"","site-post-title":"","ast-breadcrumbs-content":"","ast-featured-img":"","footer-sml-layout":"","ast-disable-related-posts":"","theme-transparent-header-meta":"default","adv-header-id-meta":"","stick-header-meta":"","header-above-stick-meta":"","header-main-stick-meta":"","header-below-stick-meta":"","astra-migrate-meta-layouts":"set","ast-page-background-enabled":"default","ast-page-background-meta":{"desktop":{"background-color":"","background-image":"","background-repeat":"repeat","background-position":"center center","background-size":"auto","background-attachment":"scroll","background-type":"","background-media":"","overlay-type":"","overlay-color":"","overlay-opacity":"","overlay-gradient":""},"tablet":{"background-color":"","background-image":"","background-repeat":"repeat","background-position":"center center","background-size":"auto","background-attachment":"scroll","background-type":"","background-media":"","overlay-type":"","overlay-color":"","overlay-opacity":"","overlay-gradient":""},"mobile":{"background-color":"","background-image":"","background-repeat":"repeat","background-position":"center center","background-size":"auto","background-attachment":"scroll","background-type":"","background-media":"","overlay-type":"","overlay-color":"","overlay-opacity":"","overlay-gradient":""}},"ast-content-background-meta":{"desktop":{"background-color":"var(--ast-global-color-5)","background-image":"","background-repeat":"repeat","background-position":"center center","background-size":"auto","background-attachment":"scroll","background-type":"","background-media":"","overlay-type":"","overlay-color":"","overlay-opacity":"","overlay-gradient":""},"tablet":{"background-color":"var(--ast-global-color-5)","background-image":"","background-repeat":"repeat","background-position":"center center","background-size":"auto","background-attachment":"scroll","background-type":"","background-media":"","overlay-type":"","overlay-color":"","overlay-opacity":"","overlay-gradient":""},"mobile":{"background-color":"var(--ast-global-color-5)","background-image":"","background-repeat":"repeat","background-position":"center center","background-size":"auto","background-attachment":"scroll","background-type":"","background-media":"","overlay-type":"","overlay-color":"","overlay-opacity":"","overlay-gradient":""}},"iawp_total_views":8},"product_brand":[],"product_cat":[222],"product_tag":[],"class_list":{"0":"post-17189","1":"product","2":"type-product","3":"status-publish","4":"has-post-thumbnail","6":"product_cat-usb-c-cables","7":"desktop-align-left","8":"tablet-align-left","9":"mobile-align-left","11":"first","12":"instock","13":"shipping-taxable","14":"purchasable","15":"product-type-simple"},"acf":[],"_links":{"self":[{"href":"https:\/\/www.fjpremium.com\/fr\/wp-json\/wp\/v2\/product\/17189","targetHints":{"allow":["GET"]}}],"collection":[{"href":"https:\/\/www.fjpremium.com\/fr\/wp-json\/wp\/v2\/product"}],"about":[{"href":"https:\/\/www.fjpremium.com\/fr\/wp-json\/wp\/v2\/types\/product"}],"wp:featuredmedia":[{"embeddable":true,"href":"https:\/\/www.fjpremium.com\/fr\/wp-json\/wp\/v2\/media\/17208"}],"wp:attachment":[{"href":"https:\/\/www.fjpremium.com\/fr\/wp-json\/wp\/v2\/media?parent=17189"}],"wp:term":[{"taxonomy":"product_brand","embeddable":true,"href":"https:\/\/www.fjpremium.com\/fr\/wp-json\/wp\/v2\/product_brand?post=17189"},{"taxonomy":"product_cat","embeddable":true,"href":"https:\/\/www.fjpremium.com\/fr\/wp-json\/wp\/v2\/product_cat?post=17189"},{"taxonomy":"product_tag","embeddable":true,"href":"https:\/\/www.fjpremium.com\/fr\/wp-json\/wp\/v2\/product_tag?post=17189"}],"curies":[{"name":"wp","href":"https:\/\/api.w.org\/{rel}","templated":true}]}}