{"id":17175,"date":"2021-03-10T15:02:28","date_gmt":"2021-03-10T07:02:28","guid":{"rendered":"https:\/\/www.fjpremium.com\/?post_type=product&#038;p=17175"},"modified":"2023-06-20T09:09:35","modified_gmt":"2023-06-20T01:09:35","slug":"usb-c-male-to-hdmi-male-adapter-cable-up-to-8k60hz-2","status":"publish","type":"product","link":"https:\/\/www.fjpremium.com\/fr\/product\/usb-c-male-to-hdmi-male-adapter-cable-up-to-8k60hz-2\/","title":{"rendered":"C\u00e2ble adaptateur USB-C vers HDMI m\u00e2le\/m\u00e2le, jusqu'\u00e0 8K@60Hz"},"content":{"rendered":"<p>Parfait pour connecter votre smartphone, votre tablette ou votre ordinateur \u00e0 un t\u00e9l\u00e9viseur HD, un moniteur ou un projecteur, notre c\u00e2ble offre des images vid\u00e9o de haute qualit\u00e9, prenant en charge une r\u00e9solution allant jusqu'\u00e0 8K@60Hz.<\/p>\n<p>Son connecteur USB Type-C r\u00e9versible et sym\u00e9trique am\u00e9liore sa facilit\u00e9 d'utilisation.<\/p>\n<p>Avec son contact et sa coque plaqu\u00e9s or, son conducteur de c\u00e2ble en cuivre \u00e9tam\u00e9 et son triple blindage comprenant une feuille d'aluminium \u00e0 paires torsad\u00e9es, une feuille d'aluminium globale et une tresse, ce c\u00e2ble adaptateur m\u00e2le-m\u00e2le offre une connexion robuste et fiable.<\/p>\n<p>Ses caract\u00e9ristiques :<\/p>\n<ul>\n<li>Connecteur 1 : USB Type-C m\u00e2le<\/li>\n<li>Connecteur 2 : HDMI 19 broches m\u00e2le<\/li>\n<li>Isolation : PE SKIN\/HDPE mouss\u00e9<\/li>\n<li>Calibre des fils : 32\/32\/26AWG<\/li>\n<li>Bo\u00eetier : ABS\/coquille en aluminium<\/li>\n<li>Chipset : RTD2171U ou AG9310 ou RTD2172U<\/li>\n<li>Gaine : PVC<\/li>\n<li>Diam\u00e8tre ext\u00e9rieur : 4,5\u00b10,2mm<\/li>\n<li>Conformit\u00e9 : RoHS, REACH, CE<\/li>\n<\/ul>\n<p>De plus, couvert par la garantie de 2 ans de Farsince, il est test\u00e9 pour r\u00e9pondre aux normes de l'industrie. Dans l'ensemble, contactez-nous d\u00e8s aujourd'hui et commandez le c\u00e2ble.<\/p>","protected":false},"excerpt":{"rendered":"<p>Transformez l&#039;exp\u00e9rience visuelle avec le c\u00e2ble adaptateur USB-C vers HDMI m\u00e2le vers m\u00e2le de Farsince, dont la qualit\u00e9 a \u00e9t\u00e9 test\u00e9e et b\u00e9n\u00e9ficie d&#039;une garantie de 2 ans.<\/p>","protected":false},"featured_media":17746,"template":"","meta":{"_acf_changed":false,"_seopress_robots_primary_cat":"","_seopress_titles_title":"","_seopress_titles_desc":"","_seopress_robots_index":"","site-sidebar-layout":"default","site-content-layout":"default","ast-site-content-layout":"default","site-content-style":"default","site-sidebar-style":"default","ast-global-header-display":"","ast-banner-title-visibility":"","ast-main-header-display":"","ast-hfb-above-header-display":"","ast-hfb-below-header-display":"","ast-hfb-mobile-header-display":"","site-post-title":"","ast-breadcrumbs-content":"","ast-featured-img":"","footer-sml-layout":"","ast-disable-related-posts":"","theme-transparent-header-meta":"default","adv-header-id-meta":"","stick-header-meta":"","header-above-stick-meta":"","header-main-stick-meta":"","header-below-stick-meta":"","astra-migrate-meta-layouts":"default","ast-page-background-enabled":"default","ast-page-background-meta":{"desktop":{"background-color":"","background-image":"","background-repeat":"repeat","background-position":"center center","background-size":"auto","background-attachment":"scroll","background-type":"","background-media":"","overlay-type":"","overlay-color":"","overlay-opacity":"","overlay-gradient":""},"tablet":{"background-color":"","background-image":"","background-repeat":"repeat","background-position":"center center","background-size":"auto","background-attachment":"scroll","background-type":"","background-media":"","overlay-type":"","overlay-color":"","overlay-opacity":"","overlay-gradient":""},"mobile":{"background-color":"","background-image":"","background-repeat":"repeat","background-position":"center center","background-size":"auto","background-attachment":"scroll","background-type":"","background-media":"","overlay-type":"","overlay-color":"","overlay-opacity":"","overlay-gradient":""}},"ast-content-background-meta":{"desktop":{"background-color":"var(--ast-global-color-5)","background-image":"","background-repeat":"repeat","background-position":"center center","background-size":"auto","background-attachment":"scroll","background-type":"","background-media":"","overlay-type":"","overlay-color":"","overlay-opacity":"","overlay-gradient":""},"tablet":{"background-color":"var(--ast-global-color-5)","background-image":"","background-repeat":"repeat","background-position":"center center","background-size":"auto","background-attachment":"scroll","background-type":"","background-media":"","overlay-type":"","overlay-color":"","overlay-opacity":"","overlay-gradient":""},"mobile":{"background-color":"var(--ast-global-color-5)","background-image":"","background-repeat":"repeat","background-position":"center center","background-size":"auto","background-attachment":"scroll","background-type":"","background-media":"","overlay-type":"","overlay-color":"","overlay-opacity":"","overlay-gradient":""}},"iawp_total_views":5},"product_brand":[],"product_cat":[222],"product_tag":[],"class_list":{"0":"post-17175","1":"product","2":"type-product","3":"status-publish","4":"has-post-thumbnail","6":"product_cat-usb-c-cables","7":"desktop-align-left","8":"tablet-align-left","9":"mobile-align-left","11":"first","12":"instock","13":"shipping-taxable","14":"purchasable","15":"product-type-simple"},"acf":[],"_links":{"self":[{"href":"https:\/\/www.fjpremium.com\/fr\/wp-json\/wp\/v2\/product\/17175","targetHints":{"allow":["GET"]}}],"collection":[{"href":"https:\/\/www.fjpremium.com\/fr\/wp-json\/wp\/v2\/product"}],"about":[{"href":"https:\/\/www.fjpremium.com\/fr\/wp-json\/wp\/v2\/types\/product"}],"wp:featuredmedia":[{"embeddable":true,"href":"https:\/\/www.fjpremium.com\/fr\/wp-json\/wp\/v2\/media\/17746"}],"wp:attachment":[{"href":"https:\/\/www.fjpremium.com\/fr\/wp-json\/wp\/v2\/media?parent=17175"}],"wp:term":[{"taxonomy":"product_brand","embeddable":true,"href":"https:\/\/www.fjpremium.com\/fr\/wp-json\/wp\/v2\/product_brand?post=17175"},{"taxonomy":"product_cat","embeddable":true,"href":"https:\/\/www.fjpremium.com\/fr\/wp-json\/wp\/v2\/product_cat?post=17175"},{"taxonomy":"product_tag","embeddable":true,"href":"https:\/\/www.fjpremium.com\/fr\/wp-json\/wp\/v2\/product_tag?post=17175"}],"curies":[{"name":"wp","href":"https:\/\/api.w.org\/{rel}","templated":true}]}}