{"id":17165,"date":"2021-03-10T14:59:53","date_gmt":"2021-03-10T06:59:53","guid":{"rendered":"https:\/\/www.fjpremium.com\/?post_type=product&#038;p=17165"},"modified":"2023-09-20T10:38:56","modified_gmt":"2023-09-20T02:38:56","slug":"usb-type-c-11-in-1-hub-usb-c-to-hdmi-3usb-3-0-gigabit-lan-vga-displayport-or-mini-displayport-sd-tf-3-5mm-audio-and-pd-adapter-2","status":"publish","type":"product","link":"https:\/\/www.fjpremium.com\/fr\/product\/usb-type-c-11-in-1-hub-usb-c-to-hdmi-3usb-3-0-gigabit-lan-vga-displayport-or-mini-displayport-sd-tf-3-5mm-audio-and-pd-adapter-2\/","title":{"rendered":"Hub USB Type C 11 en 1 USB C vers HDMI 3USB 3.0 Gigabit lan VGA, DisplayPort\/or Mini DisplayPort SD TF 3.5mm Audio, et adaptateur PD"},"content":{"rendered":"<p>Notre hub USB Type C 11 en 1 constitue une solution polyvalente pour \u00e9tendre les capacit\u00e9s de votre appareil.<\/p>\n<p>Il se connecte \u00e0 votre appareil via un connecteur USB Type-C m\u00e2le, offrant un ensemble de connexions, notamment HDMI, VGA, trois ports USB 3.0, Gigabit LAN, DisplayPort\/Mini DisplayPort, SD, TF, audio 3,5 mm et PD.<\/p>\n<p>Il offre une r\u00e9solution 4K \u00e0 30 Hz via HDMI et DisplayPort\/Mini DisplayPort, 1080P via VGA, un transfert USB 3.0 \u00e0 grande vitesse jusqu'\u00e0 5 Gbps, une prise en charge Gigabit Ethernet jusqu'\u00e0 1 000 Mbps et une charge PD jusqu'\u00e0 87 W.<\/p>\n<p>Ses caract\u00e9ristiques :<\/p>\n<ul>\n<li>Contact plaqu\u00e9 or, coque plaqu\u00e9e or<\/li>\n<li>Conducteur du c\u00e2ble : Cuivre \u00e9tam\u00e9<\/li>\n<li>Isolation : PE SKIN\/HDPE mouss\u00e9<\/li>\n<li>Calibre des fils : 32\/32\/26AWG<\/li>\n<li>Triple blindage : paire torsad\u00e9e de feuilles d'aluminium, feuilles d'aluminium globales, tresse.<\/li>\n<li>Bo\u00eetier : Coque en aluminium<\/li>\n<li>Puce : En option<\/li>\n<li>Gaine : PVC<\/li>\n<li>Diam\u00e8tre ext\u00e9rieur : 4,2\u00b10,2mm<\/li>\n<li>Conformit\u00e9 : RoHS, REACH, CE<\/li>\n<\/ul>\n<p>En outre, aucun pilote suppl\u00e9mentaire n'est n\u00e9cessaire pour le fonctionnement. N'h\u00e9sitez donc pas \u00e0 nous contacter d\u00e8s aujourd'hui pour commander notre concentrateur compact mais puissant.<\/p>","protected":false},"excerpt":{"rendered":"<p>Le hub USB Type C 11 en 1 de Farsince est l&#039;accessoire de connectivit\u00e9 ultime, offrant des connexions HDMI, VGA, USB 3.0, Gigabit LAN, DisplayPort\/Mini DisplayPort, SD, TF, audio et PD.<\/p>","protected":false},"featured_media":17166,"template":"","meta":{"_acf_changed":false,"_seopress_robots_primary_cat":"","_seopress_titles_title":"Best USB Type C 11 in 1 Hub - Farsince","_seopress_titles_desc":"","_seopress_robots_index":"","site-sidebar-layout":"default","site-content-layout":"default","ast-site-content-layout":"default","site-content-style":"default","site-sidebar-style":"default","ast-global-header-display":"","ast-banner-title-visibility":"","ast-main-header-display":"","ast-hfb-above-header-display":"","ast-hfb-below-header-display":"","ast-hfb-mobile-header-display":"","site-post-title":"","ast-breadcrumbs-content":"","ast-featured-img":"","footer-sml-layout":"","ast-disable-related-posts":"","theme-transparent-header-meta":"default","adv-header-id-meta":"","stick-header-meta":"","header-above-stick-meta":"","header-main-stick-meta":"","header-below-stick-meta":"","astra-migrate-meta-layouts":"set","ast-page-background-enabled":"default","ast-page-background-meta":{"desktop":{"background-color":"","background-image":"","background-repeat":"repeat","background-position":"center center","background-size":"auto","background-attachment":"scroll","background-type":"","background-media":"","overlay-type":"","overlay-color":"","overlay-opacity":"","overlay-gradient":""},"tablet":{"background-color":"","background-image":"","background-repeat":"repeat","background-position":"center center","background-size":"auto","background-attachment":"scroll","background-type":"","background-media":"","overlay-type":"","overlay-color":"","overlay-opacity":"","overlay-gradient":""},"mobile":{"background-color":"","background-image":"","background-repeat":"repeat","background-position":"center center","background-size":"auto","background-attachment":"scroll","background-type":"","background-media":"","overlay-type":"","overlay-color":"","overlay-opacity":"","overlay-gradient":""}},"ast-content-background-meta":{"desktop":{"background-color":"var(--ast-global-color-5)","background-image":"","background-repeat":"repeat","background-position":"center center","background-size":"auto","background-attachment":"scroll","background-type":"","background-media":"","overlay-type":"","overlay-color":"","overlay-opacity":"","overlay-gradient":""},"tablet":{"background-color":"var(--ast-global-color-5)","background-image":"","background-repeat":"repeat","background-position":"center center","background-size":"auto","background-attachment":"scroll","background-type":"","background-media":"","overlay-type":"","overlay-color":"","overlay-opacity":"","overlay-gradient":""},"mobile":{"background-color":"var(--ast-global-color-5)","background-image":"","background-repeat":"repeat","background-position":"center center","background-size":"auto","background-attachment":"scroll","background-type":"","background-media":"","overlay-type":"","overlay-color":"","overlay-opacity":"","overlay-gradient":""}},"iawp_total_views":10},"product_brand":[],"product_cat":[222],"product_tag":[],"class_list":{"0":"post-17165","1":"product","2":"type-product","3":"status-publish","4":"has-post-thumbnail","6":"product_cat-usb-c-cables","7":"desktop-align-left","8":"tablet-align-left","9":"mobile-align-left","11":"first","12":"instock","13":"shipping-taxable","14":"purchasable","15":"product-type-simple"},"acf":[],"_links":{"self":[{"href":"https:\/\/www.fjpremium.com\/fr\/wp-json\/wp\/v2\/product\/17165","targetHints":{"allow":["GET"]}}],"collection":[{"href":"https:\/\/www.fjpremium.com\/fr\/wp-json\/wp\/v2\/product"}],"about":[{"href":"https:\/\/www.fjpremium.com\/fr\/wp-json\/wp\/v2\/types\/product"}],"wp:featuredmedia":[{"embeddable":true,"href":"https:\/\/www.fjpremium.com\/fr\/wp-json\/wp\/v2\/media\/17166"}],"wp:attachment":[{"href":"https:\/\/www.fjpremium.com\/fr\/wp-json\/wp\/v2\/media?parent=17165"}],"wp:term":[{"taxonomy":"product_brand","embeddable":true,"href":"https:\/\/www.fjpremium.com\/fr\/wp-json\/wp\/v2\/product_brand?post=17165"},{"taxonomy":"product_cat","embeddable":true,"href":"https:\/\/www.fjpremium.com\/fr\/wp-json\/wp\/v2\/product_cat?post=17165"},{"taxonomy":"product_tag","embeddable":true,"href":"https:\/\/www.fjpremium.com\/fr\/wp-json\/wp\/v2\/product_tag?post=17165"}],"curies":[{"name":"wp","href":"https:\/\/api.w.org\/{rel}","templated":true}]}}