{"id":17157,"date":"2021-03-10T14:57:10","date_gmt":"2021-03-10T06:57:10","guid":{"rendered":"https:\/\/www.fjpremium.com\/?post_type=product&#038;p=17157"},"modified":"2023-09-18T15:39:25","modified_gmt":"2023-09-18T07:39:25","slug":"usb-type-c-10-in-1-hub-usb-c-to-hdmi-3usb-3-0-gigabit-ethernet-vga-sd-tf-audio-and-pd-adapter-2","status":"publish","type":"product","link":"https:\/\/www.fjpremium.com\/fr\/product\/usb-type-c-10-in-1-hub-usb-c-to-hdmi-3usb-3-0-gigabit-ethernet-vga-sd-tf-audio-and-pd-adapter-2\/","title":{"rendered":"Hub USB Type C 10 en 1 USB C vers HDMI 3USB 3.0, Gigabit ethernet, VGA, SD, TF, audio, et adaptateur PD"},"content":{"rendered":"<p>Notre hub vous permet de tout faire, du partage d'\u00e9cran au transfert de donn\u00e9es.<\/p>\n<p>Vous pouvez \u00e9tendre les capacit\u00e9s de votre appareil avec HDMI, VGA, 3 ports USB 3.0, un lecteur de cartes SD et TF, un port audio 3,5 mm, Gigabit Ethernet et un adaptateur PD.<\/p>\n<p>Et vous pouvez afficher votre travail sur un \u00e9cran plus grand gr\u00e2ce aux capacit\u00e9s HDMI 4K@30Hz et VGA 1080P@60Hz.<\/p>\n<p>Les ports USB 3.0 permettent un transfert de donn\u00e9es \u00e0 grande vitesse, jusqu'\u00e0 5 Gbps, tandis que les emplacements pour cartes SD et TF offrent des vitesses allant jusqu'\u00e0 100 M\/s.<\/p>\n<p>Ce hub reste connect\u00e9 gr\u00e2ce au port Gigabit Ethernet et permet \u00e0 votre appareil de se recharger gr\u00e2ce \u00e0 l'adaptateur PD 87W.<\/p>\n<p>Ses caract\u00e9ristiques :<\/p>\n<ul>\n<li>Contact plaqu\u00e9 or ; coque plaqu\u00e9e or<\/li>\n<li>Conducteur du c\u00e2ble : Cuivre \u00e9tam\u00e9<\/li>\n<li>Isolation : PE SKIN\/HDPE mouss\u00e9<\/li>\n<li>Calibre des fils : 32\/32\/26AWG<\/li>\n<li>Triple blindage : paire torsad\u00e9e de feuilles d'aluminium, feuilles d'aluminium globales, tresse.<\/li>\n<li>Bo\u00eetier : Coque en aluminium<\/li>\n<li>Puce : En option<\/li>\n<li>Gaine : PVC<\/li>\n<li>Diam\u00e8tre ext\u00e9rieur : 4,2\u00b10,2mm<\/li>\n<li>Conformit\u00e9 : RoHS, REACH, CE<\/li>\n<\/ul>\n<p>De plus, il est pr\u00eat pour une utilisation plug-and-play sans pilote suppl\u00e9mentaire. N'h\u00e9sitez donc pas \u00e0 nous contacter d\u00e8s aujourd'hui pour commander le concentrateur Type C 10 en 1.<\/p>","protected":false},"excerpt":{"rendered":"<p>Boostez votre exp\u00e9rience technologique avec le hub Type C 10 en 1 de Farsince, offrant un transfert de donn\u00e9es rapide et des capacit\u00e9s d&#039;affichage claires, pr\u00eat \u00e0 l&#039;emploi pour votre commodit\u00e9.<\/p>","protected":false},"featured_media":17158,"template":"","meta":{"_acf_changed":false,"_seopress_robots_primary_cat":"","_seopress_titles_title":"Best USB Type C 10 in 1 hub USB C to HDMI 3USB 3.0 - Farsince","_seopress_titles_desc":"","_seopress_robots_index":"","site-sidebar-layout":"default","site-content-layout":"default","ast-site-content-layout":"default","site-content-style":"default","site-sidebar-style":"default","ast-global-header-display":"","ast-banner-title-visibility":"","ast-main-header-display":"","ast-hfb-above-header-display":"","ast-hfb-below-header-display":"","ast-hfb-mobile-header-display":"","site-post-title":"","ast-breadcrumbs-content":"","ast-featured-img":"","footer-sml-layout":"","ast-disable-related-posts":"","theme-transparent-header-meta":"default","adv-header-id-meta":"","stick-header-meta":"","header-above-stick-meta":"","header-main-stick-meta":"","header-below-stick-meta":"","astra-migrate-meta-layouts":"set","ast-page-background-enabled":"default","ast-page-background-meta":{"desktop":{"background-color":"","background-image":"","background-repeat":"repeat","background-position":"center center","background-size":"auto","background-attachment":"scroll","background-type":"","background-media":"","overlay-type":"","overlay-color":"","overlay-opacity":"","overlay-gradient":""},"tablet":{"background-color":"","background-image":"","background-repeat":"repeat","background-position":"center center","background-size":"auto","background-attachment":"scroll","background-type":"","background-media":"","overlay-type":"","overlay-color":"","overlay-opacity":"","overlay-gradient":""},"mobile":{"background-color":"","background-image":"","background-repeat":"repeat","background-position":"center center","background-size":"auto","background-attachment":"scroll","background-type":"","background-media":"","overlay-type":"","overlay-color":"","overlay-opacity":"","overlay-gradient":""}},"ast-content-background-meta":{"desktop":{"background-color":"var(--ast-global-color-5)","background-image":"","background-repeat":"repeat","background-position":"center center","background-size":"auto","background-attachment":"scroll","background-type":"","background-media":"","overlay-type":"","overlay-color":"","overlay-opacity":"","overlay-gradient":""},"tablet":{"background-color":"var(--ast-global-color-5)","background-image":"","background-repeat":"repeat","background-position":"center center","background-size":"auto","background-attachment":"scroll","background-type":"","background-media":"","overlay-type":"","overlay-color":"","overlay-opacity":"","overlay-gradient":""},"mobile":{"background-color":"var(--ast-global-color-5)","background-image":"","background-repeat":"repeat","background-position":"center center","background-size":"auto","background-attachment":"scroll","background-type":"","background-media":"","overlay-type":"","overlay-color":"","overlay-opacity":"","overlay-gradient":""}},"iawp_total_views":12},"product_brand":[],"product_cat":[222],"product_tag":[],"class_list":{"0":"post-17157","1":"product","2":"type-product","3":"status-publish","4":"has-post-thumbnail","6":"product_cat-usb-c-cables","7":"desktop-align-left","8":"tablet-align-left","9":"mobile-align-left","11":"first","12":"instock","13":"shipping-taxable","14":"purchasable","15":"product-type-simple"},"acf":[],"_links":{"self":[{"href":"https:\/\/www.fjpremium.com\/fr\/wp-json\/wp\/v2\/product\/17157","targetHints":{"allow":["GET"]}}],"collection":[{"href":"https:\/\/www.fjpremium.com\/fr\/wp-json\/wp\/v2\/product"}],"about":[{"href":"https:\/\/www.fjpremium.com\/fr\/wp-json\/wp\/v2\/types\/product"}],"wp:featuredmedia":[{"embeddable":true,"href":"https:\/\/www.fjpremium.com\/fr\/wp-json\/wp\/v2\/media\/17158"}],"wp:attachment":[{"href":"https:\/\/www.fjpremium.com\/fr\/wp-json\/wp\/v2\/media?parent=17157"}],"wp:term":[{"taxonomy":"product_brand","embeddable":true,"href":"https:\/\/www.fjpremium.com\/fr\/wp-json\/wp\/v2\/product_brand?post=17157"},{"taxonomy":"product_cat","embeddable":true,"href":"https:\/\/www.fjpremium.com\/fr\/wp-json\/wp\/v2\/product_cat?post=17157"},{"taxonomy":"product_tag","embeddable":true,"href":"https:\/\/www.fjpremium.com\/fr\/wp-json\/wp\/v2\/product_tag?post=17157"}],"curies":[{"name":"wp","href":"https:\/\/api.w.org\/{rel}","templated":true}]}}