{"id":17133,"date":"2021-03-10T14:50:26","date_gmt":"2021-03-10T06:50:26","guid":{"rendered":"https:\/\/www.fjpremium.com\/?post_type=product&#038;p=17133"},"modified":"2023-09-18T15:12:47","modified_gmt":"2023-09-18T07:12:47","slug":"usb-type-c-to-hdmi-2usb-3-0-gigabit-lan-vga-sd-3-5mm-audio-and-pd-8-in-1-usb-c-hub-adapter","status":"publish","type":"product","link":"https:\/\/www.fjpremium.com\/fr\/product\/usb-type-c-to-hdmi-2usb-3-0-gigabit-lan-vga-sd-3-5mm-audio-and-pd-8-in-1-usb-c-hub-adapter\/","title":{"rendered":"USB Type C 8 en 1 Meilleur adaptateur Hub USB C"},"content":{"rendered":"<p>Con\u00e7u pour \u00eatre efficace, le hub pr\u00e9sente des capacit\u00e9s HDMI 4K@30Hz et VGA 1080P pour une sortie visuelle exceptionnelle.<\/p>\n<p>Les 2 ports USB 3.0 offrent un taux de transfert rapide de 5 Gbps pour vos p\u00e9riph\u00e9riques, tandis que l'emplacement SD int\u00e9gr\u00e9 permet un acc\u00e8s rapide aux fichiers jusqu'\u00e0 100M\/s.<\/p>\n<p>Notre hub reste en ligne gr\u00e2ce au port Gigabit Ethernet robuste, qui prend en charge les connexions c\u00e2bl\u00e9es de 1000M.<\/p>\n<p>La fonction Power Delivery (PD) fournit jusqu'\u00e0 87 W pour charger compl\u00e8tement vos appareils.<\/p>\n<p>Ses caract\u00e9ristiques :<\/p>\n<ul>\n<li>Contact plaqu\u00e9 or ; coque plaqu\u00e9e or<\/li>\n<li>Conducteur du c\u00e2ble : Cuivre \u00e9tam\u00e9<\/li>\n<li>Isolation : PE SKIN\/HDPE mouss\u00e9<\/li>\n<li>Calibre des fils : 32\/32\/26AWG<\/li>\n<li>Triple blindage : paire torsad\u00e9e de feuilles d'aluminium, feuilles d'aluminium globales, tresse.<\/li>\n<li>Bo\u00eetier : Coque en aluminium<\/li>\n<li>Puce : En option<\/li>\n<li>Gaine : PVC<\/li>\n<li>Diam\u00e8tre ext\u00e9rieur : 4,2\u00b10,2mm<\/li>\n<li>Conformit\u00e9 : RoHS, REACH, CE<\/li>\n<\/ul>\n<p>De plus, aucun pilote suppl\u00e9mentaire n'est n\u00e9cessaire ; il suffit de le brancher et de commencer \u00e0 travailler.<\/p>\n<p>Compact, l\u00e9ger et \u00e9l\u00e9gamment con\u00e7u en aluminium gris spatial, c'est l'accessoire ultime pour votre ordinateur portable, votre ordinateur, votre tablette ou votre t\u00e9l\u00e9phone portable.<\/p>\n<p>En r\u00e9sum\u00e9, contactez-nous d\u00e8s aujourd'hui et commandez ce meilleur adaptateur de concentrateur USB C.<\/p>","protected":false},"excerpt":{"rendered":"<p>R\u00e9volutionnez l&#039;exp\u00e9rience de connectivit\u00e9 avec le meilleur adaptateur hub USB C 8-en-1 de Farsince, l\u00e9ger, compact et \u00e9l\u00e9gant pour l&#039;utilisateur moderne.<\/p>","protected":false},"featured_media":17134,"template":"","meta":{"_acf_changed":false,"_seopress_robots_primary_cat":"","_seopress_titles_title":"USB Type C 8 in 1 Best USB C Hub Adapter - FARSINCE","_seopress_titles_desc":"","_seopress_robots_index":"","site-sidebar-layout":"default","site-content-layout":"default","ast-site-content-layout":"default","site-content-style":"default","site-sidebar-style":"default","ast-global-header-display":"","ast-banner-title-visibility":"","ast-main-header-display":"","ast-hfb-above-header-display":"","ast-hfb-below-header-display":"","ast-hfb-mobile-header-display":"","site-post-title":"","ast-breadcrumbs-content":"","ast-featured-img":"","footer-sml-layout":"","ast-disable-related-posts":"","theme-transparent-header-meta":"default","adv-header-id-meta":"","stick-header-meta":"","header-above-stick-meta":"","header-main-stick-meta":"","header-below-stick-meta":"","astra-migrate-meta-layouts":"set","ast-page-background-enabled":"default","ast-page-background-meta":{"desktop":{"background-color":"","background-image":"","background-repeat":"repeat","background-position":"center center","background-size":"auto","background-attachment":"scroll","background-type":"","background-media":"","overlay-type":"","overlay-color":"","overlay-opacity":"","overlay-gradient":""},"tablet":{"background-color":"","background-image":"","background-repeat":"repeat","background-position":"center center","background-size":"auto","background-attachment":"scroll","background-type":"","background-media":"","overlay-type":"","overlay-color":"","overlay-opacity":"","overlay-gradient":""},"mobile":{"background-color":"","background-image":"","background-repeat":"repeat","background-position":"center center","background-size":"auto","background-attachment":"scroll","background-type":"","background-media":"","overlay-type":"","overlay-color":"","overlay-opacity":"","overlay-gradient":""}},"ast-content-background-meta":{"desktop":{"background-color":"var(--ast-global-color-5)","background-image":"","background-repeat":"repeat","background-position":"center center","background-size":"auto","background-attachment":"scroll","background-type":"","background-media":"","overlay-type":"","overlay-color":"","overlay-opacity":"","overlay-gradient":""},"tablet":{"background-color":"var(--ast-global-color-5)","background-image":"","background-repeat":"repeat","background-position":"center center","background-size":"auto","background-attachment":"scroll","background-type":"","background-media":"","overlay-type":"","overlay-color":"","overlay-opacity":"","overlay-gradient":""},"mobile":{"background-color":"var(--ast-global-color-5)","background-image":"","background-repeat":"repeat","background-position":"center center","background-size":"auto","background-attachment":"scroll","background-type":"","background-media":"","overlay-type":"","overlay-color":"","overlay-opacity":"","overlay-gradient":""}},"iawp_total_views":7},"product_brand":[],"product_cat":[222],"product_tag":[],"class_list":{"0":"post-17133","1":"product","2":"type-product","3":"status-publish","4":"has-post-thumbnail","6":"product_cat-usb-c-cables","7":"desktop-align-left","8":"tablet-align-left","9":"mobile-align-left","11":"first","12":"instock","13":"shipping-taxable","14":"purchasable","15":"product-type-simple"},"acf":[],"_links":{"self":[{"href":"https:\/\/www.fjpremium.com\/fr\/wp-json\/wp\/v2\/product\/17133","targetHints":{"allow":["GET"]}}],"collection":[{"href":"https:\/\/www.fjpremium.com\/fr\/wp-json\/wp\/v2\/product"}],"about":[{"href":"https:\/\/www.fjpremium.com\/fr\/wp-json\/wp\/v2\/types\/product"}],"wp:featuredmedia":[{"embeddable":true,"href":"https:\/\/www.fjpremium.com\/fr\/wp-json\/wp\/v2\/media\/17134"}],"wp:attachment":[{"href":"https:\/\/www.fjpremium.com\/fr\/wp-json\/wp\/v2\/media?parent=17133"}],"wp:term":[{"taxonomy":"product_brand","embeddable":true,"href":"https:\/\/www.fjpremium.com\/fr\/wp-json\/wp\/v2\/product_brand?post=17133"},{"taxonomy":"product_cat","embeddable":true,"href":"https:\/\/www.fjpremium.com\/fr\/wp-json\/wp\/v2\/product_cat?post=17133"},{"taxonomy":"product_tag","embeddable":true,"href":"https:\/\/www.fjpremium.com\/fr\/wp-json\/wp\/v2\/product_tag?post=17133"}],"curies":[{"name":"wp","href":"https:\/\/api.w.org\/{rel}","templated":true}]}}