{"id":17115,"date":"2021-03-10T14:47:25","date_gmt":"2021-03-10T06:47:25","guid":{"rendered":"https:\/\/www.fjpremium.com\/?post_type=product&#038;p=17115"},"modified":"2023-09-18T15:07:13","modified_gmt":"2023-09-18T07:07:13","slug":"usb-type-c-to-hdm-2usb-3-0-sd-tf-thunderbolt-3-and-pd-7-in-1-usb-c-combo","status":"publish","type":"product","link":"https:\/\/www.fjpremium.com\/fr\/product\/usb-type-c-to-hdm-2usb-3-0-sd-tf-thunderbolt-3-and-pd-7-in-1-usb-c-combo\/","title":{"rendered":"USB Type C vers USB 3.0, SD TF Thunderbolt 3 et PD 7 en 1 USB-C Combo"},"content":{"rendered":"<p>Dot\u00e9 de capacit\u00e9s HDMI 4K@30Hz, de transferts USB 3.0 \u00e0 grande vitesse (5 Gbps) et de transmissions rapides de donn\u00e9es de cartes SD\/TF (100 M\/s), ce hub est le compl\u00e9ment id\u00e9al de votre suite technologique.<\/p>\n<p>\u00c9quip\u00e9 d'un port Thunderbolt 3, il offre un transfert de donn\u00e9es stup\u00e9fiant de 40 Gbps et un transfert vid\u00e9o de 5K@60Hz, propulsant votre exp\u00e9rience multim\u00e9dia vers de nouveaux sommets.<\/p>\n<p>Le concentrateur est \u00e9galement dot\u00e9 d'un puissant module PD qui prend en charge la charge rapide jusqu'\u00e0 87 W, ce qui vous permet de rester aliment\u00e9 en permanence. Gr\u00e2ce \u00e0 sa fonction plug-and-play, il ne n\u00e9cessite aucun pilote suppl\u00e9mentaire.<\/p>\n<p>Ses caract\u00e9ristiques :<\/p>\n<ul>\n<li>Contact plaqu\u00e9 or ; coque plaqu\u00e9e or<\/li>\n<li>Conducteur du c\u00e2ble : Cuivre \u00e9tam\u00e9<\/li>\n<li>Isolation : PE SKIN\/HDPE mouss\u00e9<\/li>\n<li>Calibre des fils : 32\/32\/26AWG<\/li>\n<li>Triple blindage : paire torsad\u00e9e de feuilles d'aluminium, feuilles d'aluminium globales, tresse.<\/li>\n<li>Bo\u00eetier : Coque en aluminium<\/li>\n<li>Puce : En option<\/li>\n<li>Gaine : PVC<\/li>\n<li>Diam\u00e8tre ext\u00e9rieur : 4,2\u00b10,2mm<\/li>\n<li>Conformit\u00e9 : RoHS, REACH, CE<\/li>\n<\/ul>\n<p>De plus, il arbore un design compact et l\u00e9ger envelopp\u00e9 d'un \u00e9l\u00e9gant aluminium gris spatial. Alors contactez-nous d\u00e8s aujourd'hui et investissez dans notre hub 7-en-1 USB Type C vers USB 3.0.<\/p>","protected":false},"excerpt":{"rendered":"<p>Embrassez l'avenir avec notre hub 7-en-1 USB Type C vers USB 3.0, \u00e9quip\u00e9 de la HDMI 4K, de transferts rapides de cartes SD\/TF et d'un port Thunderbolt 3 in\u00e9gal\u00e9.<\/p>","protected":false},"featured_media":17116,"template":"","meta":{"_acf_changed":false,"_seopress_robots_primary_cat":"","_seopress_titles_title":"Best USB Type C to USB 3.0 - Farsince","_seopress_titles_desc":"","_seopress_robots_index":"","site-sidebar-layout":"default","site-content-layout":"default","ast-site-content-layout":"default","site-content-style":"default","site-sidebar-style":"default","ast-global-header-display":"","ast-banner-title-visibility":"","ast-main-header-display":"","ast-hfb-above-header-display":"","ast-hfb-below-header-display":"","ast-hfb-mobile-header-display":"","site-post-title":"","ast-breadcrumbs-content":"","ast-featured-img":"","footer-sml-layout":"","ast-disable-related-posts":"","theme-transparent-header-meta":"default","adv-header-id-meta":"","stick-header-meta":"","header-above-stick-meta":"","header-main-stick-meta":"","header-below-stick-meta":"","astra-migrate-meta-layouts":"set","ast-page-background-enabled":"default","ast-page-background-meta":{"desktop":{"background-color":"","background-image":"","background-repeat":"repeat","background-position":"center center","background-size":"auto","background-attachment":"scroll","background-type":"","background-media":"","overlay-type":"","overlay-color":"","overlay-opacity":"","overlay-gradient":""},"tablet":{"background-color":"","background-image":"","background-repeat":"repeat","background-position":"center center","background-size":"auto","background-attachment":"scroll","background-type":"","background-media":"","overlay-type":"","overlay-color":"","overlay-opacity":"","overlay-gradient":""},"mobile":{"background-color":"","background-image":"","background-repeat":"repeat","background-position":"center center","background-size":"auto","background-attachment":"scroll","background-type":"","background-media":"","overlay-type":"","overlay-color":"","overlay-opacity":"","overlay-gradient":""}},"ast-content-background-meta":{"desktop":{"background-color":"var(--ast-global-color-5)","background-image":"","background-repeat":"repeat","background-position":"center center","background-size":"auto","background-attachment":"scroll","background-type":"","background-media":"","overlay-type":"","overlay-color":"","overlay-opacity":"","overlay-gradient":""},"tablet":{"background-color":"var(--ast-global-color-5)","background-image":"","background-repeat":"repeat","background-position":"center center","background-size":"auto","background-attachment":"scroll","background-type":"","background-media":"","overlay-type":"","overlay-color":"","overlay-opacity":"","overlay-gradient":""},"mobile":{"background-color":"var(--ast-global-color-5)","background-image":"","background-repeat":"repeat","background-position":"center center","background-size":"auto","background-attachment":"scroll","background-type":"","background-media":"","overlay-type":"","overlay-color":"","overlay-opacity":"","overlay-gradient":""}},"iawp_total_views":8},"product_brand":[],"product_cat":[222],"product_tag":[],"class_list":{"0":"post-17115","1":"product","2":"type-product","3":"status-publish","4":"has-post-thumbnail","6":"product_cat-usb-c-cables","7":"desktop-align-left","8":"tablet-align-left","9":"mobile-align-left","11":"first","12":"instock","13":"shipping-taxable","14":"purchasable","15":"product-type-simple"},"acf":[],"_links":{"self":[{"href":"https:\/\/www.fjpremium.com\/fr\/wp-json\/wp\/v2\/product\/17115","targetHints":{"allow":["GET"]}}],"collection":[{"href":"https:\/\/www.fjpremium.com\/fr\/wp-json\/wp\/v2\/product"}],"about":[{"href":"https:\/\/www.fjpremium.com\/fr\/wp-json\/wp\/v2\/types\/product"}],"wp:featuredmedia":[{"embeddable":true,"href":"https:\/\/www.fjpremium.com\/fr\/wp-json\/wp\/v2\/media\/17116"}],"wp:attachment":[{"href":"https:\/\/www.fjpremium.com\/fr\/wp-json\/wp\/v2\/media?parent=17115"}],"wp:term":[{"taxonomy":"product_brand","embeddable":true,"href":"https:\/\/www.fjpremium.com\/fr\/wp-json\/wp\/v2\/product_brand?post=17115"},{"taxonomy":"product_cat","embeddable":true,"href":"https:\/\/www.fjpremium.com\/fr\/wp-json\/wp\/v2\/product_cat?post=17115"},{"taxonomy":"product_tag","embeddable":true,"href":"https:\/\/www.fjpremium.com\/fr\/wp-json\/wp\/v2\/product_tag?post=17115"}],"curies":[{"name":"wp","href":"https:\/\/api.w.org\/{rel}","templated":true}]}}