{"id":17099,"date":"2021-03-10T14:44:40","date_gmt":"2021-03-10T06:44:40","guid":{"rendered":"https:\/\/www.fjpremium.com\/?post_type=product&#038;p=17099"},"modified":"2023-09-18T15:03:25","modified_gmt":"2023-09-18T07:03:25","slug":"usb-c-to-hdm-vga-3-usb3-0-and-pd-6-in-1-hub-adapter","status":"publish","type":"product","link":"https:\/\/www.fjpremium.com\/fr\/product\/usb-c-to-hdm-vga-3-usb3-0-and-pd-6-in-1-hub-adapter\/","title":{"rendered":"Adaptateur Hub USB-C vers HDM VGA 3 USB3.0 et PD 6 en 1"},"content":{"rendered":"<p>Cet adaptateur b\u00e9n\u00e9ficie de la prise en charge HDMI pour 4K@30Hz et de la prise en charge VGA pour 1080P, vous offrant ainsi un spectacle visuel plus large et plus riche. Vous pouvez tirer parti de la puissance de ses trois ports USB 3.0, qui assurent des transferts rapides \u00e0 5 Gbps.<\/p>\n<p>Ce gadget indispensable est \u00e9galement dot\u00e9 d'une fonction PD qui permet une charge rapide jusqu'\u00e0 87 W, ce qui vous permet de rester actif en cas de besoin.<\/p>\n<p>Et gr\u00e2ce \u00e0 une installation plug-and-play sans effort, vous n'avez plus besoin de pilotes suppl\u00e9mentaires et vous am\u00e9liorez votre productivit\u00e9.<\/p>\n<p>Ses caract\u00e9ristiques :<\/p>\n<ul>\n<li>Contact plaqu\u00e9 or ; coque plaqu\u00e9e or<\/li>\n<li>Conducteur du c\u00e2ble : Cuivre \u00e9tam\u00e9<\/li>\n<li>Isolation : PE SKIN\/HDPE mouss\u00e9<\/li>\n<li>Calibre des fils : 32\/32\/26AWG<\/li>\n<li>Triple blindage : paire torsad\u00e9e de feuilles d'aluminium, feuilles d'aluminium globales, tresse.<\/li>\n<li>Bo\u00eetier : Coque en aluminium<\/li>\n<li>Puce : EP9632G, GL3510<\/li>\n<li>Gaine : PVC<\/li>\n<li>Diam\u00e8tre ext\u00e9rieur : 4,2\u00b10,2mm<\/li>\n<li>Conformit\u00e9 : RoHS, REACH, CE<\/li>\n<\/ul>\n<p>De plus, envelopp\u00e9 dans un aluminium l\u00e9ger de couleur gris spatial, il ajoute une touche de sophistication et de modernit\u00e9 \u00e0 votre \u00e9quipement technologique.<\/p>\n<p>Par cons\u00e9quent, contactez-nous d\u00e8s aujourd'hui et investissez dans notre adaptateur hub USB C 6 en 1.<\/p>","protected":false},"excerpt":{"rendered":"<p>Profitez de la puissance de l'adaptateur hub USB C 6 en 1 de Farsince, qui offre des fonctions HDMI 4K, VGA 1080P, des transferts USB 3.0 \u00e0 grande vitesse et une charge PD de 87 W.<\/p>","protected":false},"featured_media":17100,"template":"","meta":{"_acf_changed":false,"_seopress_robots_primary_cat":"","_seopress_titles_title":"Best 6 in 1 USB C Hub Adapter - Farsince","_seopress_titles_desc":"","_seopress_robots_index":"","site-sidebar-layout":"default","site-content-layout":"default","ast-site-content-layout":"default","site-content-style":"default","site-sidebar-style":"default","ast-global-header-display":"","ast-banner-title-visibility":"","ast-main-header-display":"","ast-hfb-above-header-display":"","ast-hfb-below-header-display":"","ast-hfb-mobile-header-display":"","site-post-title":"","ast-breadcrumbs-content":"","ast-featured-img":"","footer-sml-layout":"","ast-disable-related-posts":"","theme-transparent-header-meta":"default","adv-header-id-meta":"","stick-header-meta":"","header-above-stick-meta":"","header-main-stick-meta":"","header-below-stick-meta":"","astra-migrate-meta-layouts":"set","ast-page-background-enabled":"default","ast-page-background-meta":{"desktop":{"background-color":"","background-image":"","background-repeat":"repeat","background-position":"center center","background-size":"auto","background-attachment":"scroll","background-type":"","background-media":"","overlay-type":"","overlay-color":"","overlay-opacity":"","overlay-gradient":""},"tablet":{"background-color":"","background-image":"","background-repeat":"repeat","background-position":"center center","background-size":"auto","background-attachment":"scroll","background-type":"","background-media":"","overlay-type":"","overlay-color":"","overlay-opacity":"","overlay-gradient":""},"mobile":{"background-color":"","background-image":"","background-repeat":"repeat","background-position":"center center","background-size":"auto","background-attachment":"scroll","background-type":"","background-media":"","overlay-type":"","overlay-color":"","overlay-opacity":"","overlay-gradient":""}},"ast-content-background-meta":{"desktop":{"background-color":"var(--ast-global-color-5)","background-image":"","background-repeat":"repeat","background-position":"center center","background-size":"auto","background-attachment":"scroll","background-type":"","background-media":"","overlay-type":"","overlay-color":"","overlay-opacity":"","overlay-gradient":""},"tablet":{"background-color":"var(--ast-global-color-5)","background-image":"","background-repeat":"repeat","background-position":"center center","background-size":"auto","background-attachment":"scroll","background-type":"","background-media":"","overlay-type":"","overlay-color":"","overlay-opacity":"","overlay-gradient":""},"mobile":{"background-color":"var(--ast-global-color-5)","background-image":"","background-repeat":"repeat","background-position":"center center","background-size":"auto","background-attachment":"scroll","background-type":"","background-media":"","overlay-type":"","overlay-color":"","overlay-opacity":"","overlay-gradient":""}},"iawp_total_views":3},"product_brand":[],"product_cat":[222],"product_tag":[],"class_list":{"0":"post-17099","1":"product","2":"type-product","3":"status-publish","4":"has-post-thumbnail","6":"product_cat-usb-c-cables","7":"desktop-align-left","8":"tablet-align-left","9":"mobile-align-left","11":"first","12":"instock","13":"shipping-taxable","14":"purchasable","15":"product-type-simple"},"acf":[],"_links":{"self":[{"href":"https:\/\/www.fjpremium.com\/fr\/wp-json\/wp\/v2\/product\/17099","targetHints":{"allow":["GET"]}}],"collection":[{"href":"https:\/\/www.fjpremium.com\/fr\/wp-json\/wp\/v2\/product"}],"about":[{"href":"https:\/\/www.fjpremium.com\/fr\/wp-json\/wp\/v2\/types\/product"}],"wp:featuredmedia":[{"embeddable":true,"href":"https:\/\/www.fjpremium.com\/fr\/wp-json\/wp\/v2\/media\/17100"}],"wp:attachment":[{"href":"https:\/\/www.fjpremium.com\/fr\/wp-json\/wp\/v2\/media?parent=17099"}],"wp:term":[{"taxonomy":"product_brand","embeddable":true,"href":"https:\/\/www.fjpremium.com\/fr\/wp-json\/wp\/v2\/product_brand?post=17099"},{"taxonomy":"product_cat","embeddable":true,"href":"https:\/\/www.fjpremium.com\/fr\/wp-json\/wp\/v2\/product_cat?post=17099"},{"taxonomy":"product_tag","embeddable":true,"href":"https:\/\/www.fjpremium.com\/fr\/wp-json\/wp\/v2\/product_tag?post=17099"}],"curies":[{"name":"wp","href":"https:\/\/api.w.org\/{rel}","templated":true}]}}