{"id":17030,"date":"2021-03-09T10:19:34","date_gmt":"2021-03-09T02:19:34","guid":{"rendered":"https:\/\/www.fjpremium.com\/?post_type=product&#038;p=17030"},"modified":"2023-09-18T16:05:13","modified_gmt":"2023-09-18T08:05:13","slug":"usb-c-to-dual-hdmi-mst-ssl-hub-4-in-1-4k-hub-with-usb-3-0-and-pd","status":"publish","type":"product","link":"https:\/\/www.fjpremium.com\/fr\/product\/usb-c-to-dual-hdmi-mst-ssl-hub-4-in-1-4k-hub-with-usb-3-0-and-pd\/","title":{"rendered":"Hub USB-C vers double HDMI MST SSL Hub 4 en 1 4K avec USB 3.0 et PD"},"content":{"rendered":"<p>Dot\u00e9 de deux ports HDMI, d'un port USB 3.0 et d'un port PD, notre hub promet une connexion transparente \u00e0 divers p\u00e9riph\u00e9riques, tout en prenant en charge la r\u00e9solution 4K (3840\u00d72160 @ 60Hz) pour des images \u00e9poustouflantes.<\/p>\n<p>Il rationalise le transfert de donn\u00e9es avec une vitesse allant jusqu'\u00e0 5 Gbps et permet une charge rapide jusqu'\u00e0 20V\/3A, \u00e9vitant ainsi l'\u00e9puisement de l'\u00e9nergie pendant l'utilisation.<\/p>\n<p>Compatible avec MAC OS, Windows, Android et Linux, le concentrateur prend en charge les modes miroir et extension (MST uniquement pour Windows).<\/p>\n<p>Ses caract\u00e9ristiques :<\/p>\n<ul>\n<li>Contact plaqu\u00e9 or, coque plaqu\u00e9e or<\/li>\n<li>Conducteur du c\u00e2ble : Cuivre \u00e9tam\u00e9<\/li>\n<li>Isolation : PE SKIN\/HDPE mouss\u00e9<\/li>\n<li>Calibre des fils : 32\/32\/26AWG<\/li>\n<li>Triple blindage : paire torsad\u00e9e de feuilles d'aluminium, feuilles d'aluminium globales, tresse.<\/li>\n<li>Bo\u00eetier : Coque en aluminium<\/li>\n<li>Puce : LT8712EXI<\/li>\n<li>Gaine : PVC<\/li>\n<li>Diam\u00e8tre ext\u00e9rieur : 4,2\u00b10,2mm<\/li>\n<li>Conformit\u00e9 : RoHS, REACH, CE<\/li>\n<\/ul>\n<p>De plus, pour un fonctionnement optimal, assurez-vous que votre appareil prend en charge la sortie vid\u00e9o ou le mode DP Alt.<\/p>\n<p>En r\u00e9sum\u00e9, investissez dans ce hub 4 en 1 4K et profitez de sa polyvalence, id\u00e9ale pour les applications BYOD.<\/p>","protected":false},"excerpt":{"rendered":"<p>Am\u00e9liorez la connectivit\u00e9 de l&#039;appareil avec le hub 4K 4 en 1 de Farsinece pour un transfert de donn\u00e9es \u00e0 haute vitesse, un chargement rapide des PD et une large compatibilit\u00e9 du syst\u00e8me d&#039;exploitation.<\/p>","protected":false},"featured_media":17031,"template":"","meta":{"_acf_changed":false,"_seopress_robots_primary_cat":"","_seopress_titles_title":"4 in 1 4K Hub with USB 3.0 and PD - Farsince","_seopress_titles_desc":"","_seopress_robots_index":"","site-sidebar-layout":"default","site-content-layout":"default","ast-site-content-layout":"default","site-content-style":"default","site-sidebar-style":"default","ast-global-header-display":"","ast-banner-title-visibility":"","ast-main-header-display":"","ast-hfb-above-header-display":"","ast-hfb-below-header-display":"","ast-hfb-mobile-header-display":"","site-post-title":"","ast-breadcrumbs-content":"","ast-featured-img":"","footer-sml-layout":"","ast-disable-related-posts":"","theme-transparent-header-meta":"default","adv-header-id-meta":"","stick-header-meta":"","header-above-stick-meta":"","header-main-stick-meta":"","header-below-stick-meta":"","astra-migrate-meta-layouts":"set","ast-page-background-enabled":"default","ast-page-background-meta":{"desktop":{"background-color":"","background-image":"","background-repeat":"repeat","background-position":"center center","background-size":"auto","background-attachment":"scroll","background-type":"","background-media":"","overlay-type":"","overlay-color":"","overlay-opacity":"","overlay-gradient":""},"tablet":{"background-color":"","background-image":"","background-repeat":"repeat","background-position":"center center","background-size":"auto","background-attachment":"scroll","background-type":"","background-media":"","overlay-type":"","overlay-color":"","overlay-opacity":"","overlay-gradient":""},"mobile":{"background-color":"","background-image":"","background-repeat":"repeat","background-position":"center center","background-size":"auto","background-attachment":"scroll","background-type":"","background-media":"","overlay-type":"","overlay-color":"","overlay-opacity":"","overlay-gradient":""}},"ast-content-background-meta":{"desktop":{"background-color":"var(--ast-global-color-5)","background-image":"","background-repeat":"repeat","background-position":"center center","background-size":"auto","background-attachment":"scroll","background-type":"","background-media":"","overlay-type":"","overlay-color":"","overlay-opacity":"","overlay-gradient":""},"tablet":{"background-color":"var(--ast-global-color-5)","background-image":"","background-repeat":"repeat","background-position":"center center","background-size":"auto","background-attachment":"scroll","background-type":"","background-media":"","overlay-type":"","overlay-color":"","overlay-opacity":"","overlay-gradient":""},"mobile":{"background-color":"var(--ast-global-color-5)","background-image":"","background-repeat":"repeat","background-position":"center center","background-size":"auto","background-attachment":"scroll","background-type":"","background-media":"","overlay-type":"","overlay-color":"","overlay-opacity":"","overlay-gradient":""}},"iawp_total_views":104},"product_brand":[],"product_cat":[222],"product_tag":[],"class_list":{"0":"post-17030","1":"product","2":"type-product","3":"status-publish","4":"has-post-thumbnail","6":"product_cat-usb-c-cables","7":"desktop-align-left","8":"tablet-align-left","9":"mobile-align-left","11":"first","12":"instock","13":"shipping-taxable","14":"purchasable","15":"product-type-simple"},"acf":[],"_links":{"self":[{"href":"https:\/\/www.fjpremium.com\/fr\/wp-json\/wp\/v2\/product\/17030","targetHints":{"allow":["GET"]}}],"collection":[{"href":"https:\/\/www.fjpremium.com\/fr\/wp-json\/wp\/v2\/product"}],"about":[{"href":"https:\/\/www.fjpremium.com\/fr\/wp-json\/wp\/v2\/types\/product"}],"wp:featuredmedia":[{"embeddable":true,"href":"https:\/\/www.fjpremium.com\/fr\/wp-json\/wp\/v2\/media\/17031"}],"wp:attachment":[{"href":"https:\/\/www.fjpremium.com\/fr\/wp-json\/wp\/v2\/media?parent=17030"}],"wp:term":[{"taxonomy":"product_brand","embeddable":true,"href":"https:\/\/www.fjpremium.com\/fr\/wp-json\/wp\/v2\/product_brand?post=17030"},{"taxonomy":"product_cat","embeddable":true,"href":"https:\/\/www.fjpremium.com\/fr\/wp-json\/wp\/v2\/product_cat?post=17030"},{"taxonomy":"product_tag","embeddable":true,"href":"https:\/\/www.fjpremium.com\/fr\/wp-json\/wp\/v2\/product_tag?post=17030"}],"curies":[{"name":"wp","href":"https:\/\/api.w.org\/{rel}","templated":true}]}}