{"id":17021,"date":"2021-03-09T10:17:40","date_gmt":"2021-03-09T02:17:40","guid":{"rendered":"https:\/\/www.fjpremium.com\/?post_type=product&#038;p=17021"},"modified":"2023-09-18T16:08:51","modified_gmt":"2023-09-18T08:08:51","slug":"usb-c-to-dual-hdmi-displayport-mst-ssl-hub-2-in-1-4k-adapter","status":"publish","type":"product","link":"https:\/\/www.fjpremium.com\/fr\/product\/usb-c-to-dual-hdmi-displayport-mst-ssl-hub-2-in-1-4k-adapter\/","title":{"rendered":"MST SSL Hub 2 en 1 Adaptateur USB-C 4K vers HDMI double"},"content":{"rendered":"<p>Notre appareil avanc\u00e9 connecte votre smartphone, tablette ou ordinateur dot\u00e9 d'un port USB de type C \u00e0 deux t\u00e9l\u00e9viseurs HD, moniteurs, projecteurs ou autres \u00e9crans, lib\u00e9rant des visuels de qualit\u00e9 sup\u00e9rieure avec une r\u00e9solution allant jusqu'\u00e0 4K (3840\u00d72160 @ 60Hz).<\/p>\n<p>Qu'il s'agisse d'un film ou d'une pr\u00e9sentation professionnelle, il est parfait pour les applications BYOD dans les entreprises ou les \u00e9tablissements d'enseignement.<\/p>\n<p>L'adaptateur USB-C vers double HDMI prend en charge le mode miroir (SST) et le mode \u00e9tendu (MST) pour Windows, ce qui garantit la compatibilit\u00e9 avec les syst\u00e8mes MAC OS, Windows, Android et Linux.<\/p>\n<p>Veuillez noter que le mode MST ne diffuse que des images diff\u00e9rentes sous Windows et refl\u00e8te la m\u00eame image sous Mac OS.<\/p>\n<p>Vous devez toujours vous assurer que votre appareil prend en charge la sortie vid\u00e9o ou le mode DP Alt pour une fonctionnalit\u00e9 optimale.<\/p>\n<p>Ses caract\u00e9ristiques :<\/p>\n<ul>\n<li>Contact plaqu\u00e9 or, coque plaqu\u00e9e or<\/li>\n<li>Conducteur du c\u00e2ble : Cuivre \u00e9tam\u00e9<\/li>\n<li>Isolation : PE SKIN\/HDPE mouss\u00e9<\/li>\n<li>Calibre des fils : 32\/32\/26AWG<\/li>\n<li>Triple blindage : paire torsad\u00e9e de feuilles d'aluminium, feuilles d'aluminium globales, tresse.<\/li>\n<li>Bo\u00eetier : Coque en aluminium<\/li>\n<li>Puce : LT8712EXI ou STDP4320+VL100+SN75149<\/li>\n<li>Gaine : PVC<\/li>\n<li>Diam\u00e8tre ext\u00e9rieur : 4,2\u00b10,2mm<\/li>\n<li>Conformit\u00e9 : RoHS, REACH, CE<\/li>\n<\/ul>\n<p>En outre, avec la capacit\u00e9 plug-and-play et aucun pilote suppl\u00e9mentaire n\u00e9cessaire, notre adaptateur USB-C vers double HDMI offre une utilisation conviviale.<\/p>\n<p>En r\u00e9sum\u00e9, commandez-la et d\u00e9couvrez d\u00e8s aujourd'hui l'avenir de la connectivit\u00e9 num\u00e9rique.<\/p>","protected":false},"excerpt":{"rendered":"<p>D\u00e9couvrez la puissance visuelle de cet adaptateur MST SSL hub 2 en 1 4K USB-C vers double HDMI, donnant vie \u00e0 vos divertissements sur plusieurs \u00e9crans avec une r\u00e9solution 4K \u00e9poustouflante.<\/p>","protected":false},"featured_media":17022,"template":"","meta":{"_acf_changed":false,"_seopress_robots_primary_cat":"","_seopress_titles_title":"MST SSL Hub 2 in 1 4K USB-C to Dual HDMI Adapter - FARSINCE","_seopress_titles_desc":"Experience the visual power of this USB-C to dual HDMI adapter, bringing your entertainment to life on multiple screens with stunning 4K resolution.","_seopress_robots_index":"","site-sidebar-layout":"default","site-content-layout":"default","ast-site-content-layout":"default","site-content-style":"default","site-sidebar-style":"default","ast-global-header-display":"","ast-banner-title-visibility":"","ast-main-header-display":"","ast-hfb-above-header-display":"","ast-hfb-below-header-display":"","ast-hfb-mobile-header-display":"","site-post-title":"","ast-breadcrumbs-content":"","ast-featured-img":"","footer-sml-layout":"","ast-disable-related-posts":"","theme-transparent-header-meta":"default","adv-header-id-meta":"","stick-header-meta":"","header-above-stick-meta":"","header-main-stick-meta":"","header-below-stick-meta":"","astra-migrate-meta-layouts":"set","ast-page-background-enabled":"default","ast-page-background-meta":{"desktop":{"background-color":"","background-image":"","background-repeat":"repeat","background-position":"center center","background-size":"auto","background-attachment":"scroll","background-type":"","background-media":"","overlay-type":"","overlay-color":"","overlay-opacity":"","overlay-gradient":""},"tablet":{"background-color":"","background-image":"","background-repeat":"repeat","background-position":"center center","background-size":"auto","background-attachment":"scroll","background-type":"","background-media":"","overlay-type":"","overlay-color":"","overlay-opacity":"","overlay-gradient":""},"mobile":{"background-color":"","background-image":"","background-repeat":"repeat","background-position":"center center","background-size":"auto","background-attachment":"scroll","background-type":"","background-media":"","overlay-type":"","overlay-color":"","overlay-opacity":"","overlay-gradient":""}},"ast-content-background-meta":{"desktop":{"background-color":"var(--ast-global-color-5)","background-image":"","background-repeat":"repeat","background-position":"center center","background-size":"auto","background-attachment":"scroll","background-type":"","background-media":"","overlay-type":"","overlay-color":"","overlay-opacity":"","overlay-gradient":""},"tablet":{"background-color":"var(--ast-global-color-5)","background-image":"","background-repeat":"repeat","background-position":"center center","background-size":"auto","background-attachment":"scroll","background-type":"","background-media":"","overlay-type":"","overlay-color":"","overlay-opacity":"","overlay-gradient":""},"mobile":{"background-color":"var(--ast-global-color-5)","background-image":"","background-repeat":"repeat","background-position":"center center","background-size":"auto","background-attachment":"scroll","background-type":"","background-media":"","overlay-type":"","overlay-color":"","overlay-opacity":"","overlay-gradient":""}},"iawp_total_views":10},"product_brand":[],"product_cat":[222],"product_tag":[],"class_list":{"0":"post-17021","1":"product","2":"type-product","3":"status-publish","4":"has-post-thumbnail","6":"product_cat-usb-c-cables","7":"desktop-align-left","8":"tablet-align-left","9":"mobile-align-left","11":"first","12":"instock","13":"shipping-taxable","14":"purchasable","15":"product-type-simple"},"acf":[],"_links":{"self":[{"href":"https:\/\/www.fjpremium.com\/fr\/wp-json\/wp\/v2\/product\/17021","targetHints":{"allow":["GET"]}}],"collection":[{"href":"https:\/\/www.fjpremium.com\/fr\/wp-json\/wp\/v2\/product"}],"about":[{"href":"https:\/\/www.fjpremium.com\/fr\/wp-json\/wp\/v2\/types\/product"}],"wp:featuredmedia":[{"embeddable":true,"href":"https:\/\/www.fjpremium.com\/fr\/wp-json\/wp\/v2\/media\/17022"}],"wp:attachment":[{"href":"https:\/\/www.fjpremium.com\/fr\/wp-json\/wp\/v2\/media?parent=17021"}],"wp:term":[{"taxonomy":"product_brand","embeddable":true,"href":"https:\/\/www.fjpremium.com\/fr\/wp-json\/wp\/v2\/product_brand?post=17021"},{"taxonomy":"product_cat","embeddable":true,"href":"https:\/\/www.fjpremium.com\/fr\/wp-json\/wp\/v2\/product_cat?post=17021"},{"taxonomy":"product_tag","embeddable":true,"href":"https:\/\/www.fjpremium.com\/fr\/wp-json\/wp\/v2\/product_tag?post=17021"}],"curies":[{"name":"wp","href":"https:\/\/api.w.org\/{rel}","templated":true}]}}