{"id":16990,"date":"2021-03-09T09:56:16","date_gmt":"2021-03-09T01:56:16","guid":{"rendered":"https:\/\/www.fjpremium.com\/?post_type=product&#038;p=16990"},"modified":"2023-09-18T16:21:16","modified_gmt":"2023-09-18T08:21:16","slug":"usb-c-male-to-3-5mm-female-stereo-audio-adapter","status":"publish","type":"product","link":"https:\/\/www.fjpremium.com\/fr\/product\/usb-c-male-to-3-5mm-female-stereo-audio-adapter\/","title":{"rendered":"Adaptateur USB C m\u00e2le\/femelle vers audio 3,5 mm"},"content":{"rendered":"<p>Cet outil ing\u00e9nieux vous permet de connecter n'importe quel appareil \u00e9quip\u00e9 de l'USB-C, comme les t\u00e9l\u00e9phones portables, les tablettes ou d'autres appareils mobiles, \u00e0 une prise de 3,5 mm sur les lecteurs CD, les autoradios, les haut-parleurs, les tuners PC\/TV, et bien plus encore.<\/p>\n<p>Dot\u00e9 d'une conception USB-C sym\u00e9trique, il n'y a pas lieu de s'inqui\u00e9ter de la bonne fa\u00e7on de le brancher. De plus, il est compatible avec divers appareils, notamment le nouvel iPad Pro, le Macbook, le Google Pixel, le Samsung Galaxy, et bien plus encore.<\/p>\n<p>La puce audio originale de notre adaptateur assure une transmission stable et sans perte pour une qualit\u00e9 sonore Hi-Fi.<\/p>\n<p>Ses caract\u00e9ristiques :<\/p>\n<ul>\n<li>Contact plaqu\u00e9 or, coque plaqu\u00e9e or<\/li>\n<li>Conducteur du c\u00e2ble : Fil laqu\u00e9<\/li>\n<li>Isolation : PE SKIN\/HDPE mouss\u00e9<\/li>\n<li>Calibre du fil : 30AWG 7\/0.10mm<\/li>\n<li>Bo\u00eetier : ABS\/Aluminium<\/li>\n<li>Puce : Navire num\u00e9rique<\/li>\n<li>Veste : TPE<\/li>\n<li>Diam\u00e8tre ext\u00e9rieur : 3,2\u00b10,2mm<\/li>\n<li>Conformit\u00e9 : RoHS, REACH, CE<\/li>\n<\/ul>\n<p>De plus, envelopp\u00e9 dans un c\u00e2ble robuste en nylon tress\u00e9, il offre une durabilit\u00e9 maximale. Contactez-nous d\u00e8s aujourd'hui pour commander l'adaptateur audio USB C vers 3,5 mm.<\/p>","protected":false},"excerpt":{"rendered":"<p>Faites l&#039;exp\u00e9rience d&#039;une transmission de musique impeccable et d&#039;une durabilit\u00e9 sup\u00e9rieure avec l&#039;adaptateur audio USB C m\u00e2le vers femelle vers 3,5 mm de Farsince.<\/p>","protected":false},"featured_media":16991,"template":"","meta":{"_acf_changed":false,"_seopress_robots_primary_cat":"","_seopress_titles_title":"Best Male to Female USB C to 3.5mm Audio Adapter - FARSINCE","_seopress_titles_desc":"","_seopress_robots_index":"","site-sidebar-layout":"default","site-content-layout":"default","ast-site-content-layout":"default","site-content-style":"default","site-sidebar-style":"default","ast-global-header-display":"","ast-banner-title-visibility":"","ast-main-header-display":"","ast-hfb-above-header-display":"","ast-hfb-below-header-display":"","ast-hfb-mobile-header-display":"","site-post-title":"","ast-breadcrumbs-content":"","ast-featured-img":"","footer-sml-layout":"","ast-disable-related-posts":"","theme-transparent-header-meta":"default","adv-header-id-meta":"","stick-header-meta":"","header-above-stick-meta":"","header-main-stick-meta":"","header-below-stick-meta":"","astra-migrate-meta-layouts":"set","ast-page-background-enabled":"default","ast-page-background-meta":{"desktop":{"background-color":"","background-image":"","background-repeat":"repeat","background-position":"center center","background-size":"auto","background-attachment":"scroll","background-type":"","background-media":"","overlay-type":"","overlay-color":"","overlay-opacity":"","overlay-gradient":""},"tablet":{"background-color":"","background-image":"","background-repeat":"repeat","background-position":"center center","background-size":"auto","background-attachment":"scroll","background-type":"","background-media":"","overlay-type":"","overlay-color":"","overlay-opacity":"","overlay-gradient":""},"mobile":{"background-color":"","background-image":"","background-repeat":"repeat","background-position":"center center","background-size":"auto","background-attachment":"scroll","background-type":"","background-media":"","overlay-type":"","overlay-color":"","overlay-opacity":"","overlay-gradient":""}},"ast-content-background-meta":{"desktop":{"background-color":"var(--ast-global-color-5)","background-image":"","background-repeat":"repeat","background-position":"center center","background-size":"auto","background-attachment":"scroll","background-type":"","background-media":"","overlay-type":"","overlay-color":"","overlay-opacity":"","overlay-gradient":""},"tablet":{"background-color":"var(--ast-global-color-5)","background-image":"","background-repeat":"repeat","background-position":"center center","background-size":"auto","background-attachment":"scroll","background-type":"","background-media":"","overlay-type":"","overlay-color":"","overlay-opacity":"","overlay-gradient":""},"mobile":{"background-color":"var(--ast-global-color-5)","background-image":"","background-repeat":"repeat","background-position":"center center","background-size":"auto","background-attachment":"scroll","background-type":"","background-media":"","overlay-type":"","overlay-color":"","overlay-opacity":"","overlay-gradient":""}},"iawp_total_views":3},"product_brand":[],"product_cat":[222],"product_tag":[],"class_list":{"0":"post-16990","1":"product","2":"type-product","3":"status-publish","4":"has-post-thumbnail","6":"product_cat-usb-c-cables","7":"desktop-align-left","8":"tablet-align-left","9":"mobile-align-left","11":"first","12":"instock","13":"shipping-taxable","14":"purchasable","15":"product-type-simple"},"acf":[],"_links":{"self":[{"href":"https:\/\/www.fjpremium.com\/fr\/wp-json\/wp\/v2\/product\/16990","targetHints":{"allow":["GET"]}}],"collection":[{"href":"https:\/\/www.fjpremium.com\/fr\/wp-json\/wp\/v2\/product"}],"about":[{"href":"https:\/\/www.fjpremium.com\/fr\/wp-json\/wp\/v2\/types\/product"}],"wp:featuredmedia":[{"embeddable":true,"href":"https:\/\/www.fjpremium.com\/fr\/wp-json\/wp\/v2\/media\/16991"}],"wp:attachment":[{"href":"https:\/\/www.fjpremium.com\/fr\/wp-json\/wp\/v2\/media?parent=16990"}],"wp:term":[{"taxonomy":"product_brand","embeddable":true,"href":"https:\/\/www.fjpremium.com\/fr\/wp-json\/wp\/v2\/product_brand?post=16990"},{"taxonomy":"product_cat","embeddable":true,"href":"https:\/\/www.fjpremium.com\/fr\/wp-json\/wp\/v2\/product_cat?post=16990"},{"taxonomy":"product_tag","embeddable":true,"href":"https:\/\/www.fjpremium.com\/fr\/wp-json\/wp\/v2\/product_tag?post=16990"}],"curies":[{"name":"wp","href":"https:\/\/api.w.org\/{rel}","templated":true}]}}