{"id":16989,"date":"2021-03-09T09:56:15","date_gmt":"2021-03-09T01:56:15","guid":{"rendered":"https:\/\/www.fjpremium.com\/?post_type=product&#038;p=16989"},"modified":"2023-09-18T16:24:00","modified_gmt":"2023-09-18T08:24:00","slug":"usb-c-male-to-3-5mm-female-stereo-audio-adapter-with-pd-charging","status":"publish","type":"product","link":"https:\/\/www.fjpremium.com\/fr\/product\/usb-c-male-to-3-5mm-female-stereo-audio-adapter-with-pd-charging\/","title":{"rendered":"Adaptateur audio USB C m\u00e2le-femelle 3,5 mm avec chargement"},"content":{"rendered":"<p>Con\u00e7u pour s'harmoniser avec la plupart des appareils Android, Type C ou USB C, notre adaptateur vous permet de profiter pleinement de votre voyage multim\u00e9dia tout en veillant \u00e0 ce que votre appareil reste aliment\u00e9. La fonction de charge rapide PD offre une puissance de sortie allant jusqu'\u00e0 60 W (20 V \/ 3 A).<\/p>\n<p>En connectant cet adaptateur \u00e0 votre appareil compatible Type-C, vous b\u00e9n\u00e9ficierez d'un son riche via votre casque audio 3,5 mm, vos \u00e9couteurs, vos haut-parleurs ou vos microphones.<\/p>\n<p>Ses caract\u00e9ristiques :<\/p>\n<ul>\n<li>Contact plaqu\u00e9 or, coque plaqu\u00e9e or<\/li>\n<li>Conducteur du c\u00e2ble : Fil laqu\u00e9<\/li>\n<li>Isolation : PE SKIN\/HDPE mouss\u00e9<\/li>\n<li>Calibre du fil : 30AWG 7\/0.10mm<\/li>\n<li>Bo\u00eetier : ABS ou aluminium<\/li>\n<li>Veste : TPE<\/li>\n<li>Diam\u00e8tre ext\u00e9rieur : 3,2\u00b10,2mm<\/li>\n<li>Conformit\u00e9 : RoHS, REACH, CE<\/li>\n<\/ul>\n<p>De plus, la puce BES ou Realtek DAC avanc\u00e9e int\u00e9gr\u00e9e am\u00e9liore le son en supprimant le bruit, prenant en charge l'audio haute r\u00e9solution jusqu'\u00e0 32bit\/384KHz. Et avec un connecteur USB-C r\u00e9versible, il n'y a pas de mauvaise fa\u00e7on de se brancher.<\/p>\n<p>Contactez-nous d\u00e8s aujourd'hui et commandez l'adaptateur audio USB C avec chargement.<\/p>","protected":false},"excerpt":{"rendered":"<p>L'adaptateur audio USB C m\u00e2le-femelle 3,5 mm de Farsince permet de charger les appareils et de profiter de l'exp\u00e9rience audio.<\/p>","protected":false},"featured_media":16999,"template":"","meta":{"_acf_changed":false,"_seopress_robots_primary_cat":"","_seopress_titles_title":"Best USB C Audio Adapter with Charging - Farsince","_seopress_titles_desc":"","_seopress_robots_index":"","site-sidebar-layout":"default","site-content-layout":"default","ast-site-content-layout":"default","site-content-style":"default","site-sidebar-style":"default","ast-global-header-display":"","ast-banner-title-visibility":"","ast-main-header-display":"","ast-hfb-above-header-display":"","ast-hfb-below-header-display":"","ast-hfb-mobile-header-display":"","site-post-title":"","ast-breadcrumbs-content":"","ast-featured-img":"","footer-sml-layout":"","ast-disable-related-posts":"","theme-transparent-header-meta":"default","adv-header-id-meta":"","stick-header-meta":"","header-above-stick-meta":"","header-main-stick-meta":"","header-below-stick-meta":"","astra-migrate-meta-layouts":"set","ast-page-background-enabled":"default","ast-page-background-meta":{"desktop":{"background-color":"","background-image":"","background-repeat":"repeat","background-position":"center center","background-size":"auto","background-attachment":"scroll","background-type":"","background-media":"","overlay-type":"","overlay-color":"","overlay-opacity":"","overlay-gradient":""},"tablet":{"background-color":"","background-image":"","background-repeat":"repeat","background-position":"center center","background-size":"auto","background-attachment":"scroll","background-type":"","background-media":"","overlay-type":"","overlay-color":"","overlay-opacity":"","overlay-gradient":""},"mobile":{"background-color":"","background-image":"","background-repeat":"repeat","background-position":"center center","background-size":"auto","background-attachment":"scroll","background-type":"","background-media":"","overlay-type":"","overlay-color":"","overlay-opacity":"","overlay-gradient":""}},"ast-content-background-meta":{"desktop":{"background-color":"var(--ast-global-color-5)","background-image":"","background-repeat":"repeat","background-position":"center center","background-size":"auto","background-attachment":"scroll","background-type":"","background-media":"","overlay-type":"","overlay-color":"","overlay-opacity":"","overlay-gradient":""},"tablet":{"background-color":"var(--ast-global-color-5)","background-image":"","background-repeat":"repeat","background-position":"center center","background-size":"auto","background-attachment":"scroll","background-type":"","background-media":"","overlay-type":"","overlay-color":"","overlay-opacity":"","overlay-gradient":""},"mobile":{"background-color":"var(--ast-global-color-5)","background-image":"","background-repeat":"repeat","background-position":"center center","background-size":"auto","background-attachment":"scroll","background-type":"","background-media":"","overlay-type":"","overlay-color":"","overlay-opacity":"","overlay-gradient":""}},"iawp_total_views":3},"product_brand":[],"product_cat":[222],"product_tag":[],"class_list":{"0":"post-16989","1":"product","2":"type-product","3":"status-publish","4":"has-post-thumbnail","6":"product_cat-usb-c-cables","7":"desktop-align-left","8":"tablet-align-left","9":"mobile-align-left","11":"first","12":"instock","13":"shipping-taxable","14":"purchasable","15":"product-type-simple"},"acf":[],"_links":{"self":[{"href":"https:\/\/www.fjpremium.com\/fr\/wp-json\/wp\/v2\/product\/16989","targetHints":{"allow":["GET"]}}],"collection":[{"href":"https:\/\/www.fjpremium.com\/fr\/wp-json\/wp\/v2\/product"}],"about":[{"href":"https:\/\/www.fjpremium.com\/fr\/wp-json\/wp\/v2\/types\/product"}],"wp:featuredmedia":[{"embeddable":true,"href":"https:\/\/www.fjpremium.com\/fr\/wp-json\/wp\/v2\/media\/16999"}],"wp:attachment":[{"href":"https:\/\/www.fjpremium.com\/fr\/wp-json\/wp\/v2\/media?parent=16989"}],"wp:term":[{"taxonomy":"product_brand","embeddable":true,"href":"https:\/\/www.fjpremium.com\/fr\/wp-json\/wp\/v2\/product_brand?post=16989"},{"taxonomy":"product_cat","embeddable":true,"href":"https:\/\/www.fjpremium.com\/fr\/wp-json\/wp\/v2\/product_cat?post=16989"},{"taxonomy":"product_tag","embeddable":true,"href":"https:\/\/www.fjpremium.com\/fr\/wp-json\/wp\/v2\/product_tag?post=16989"}],"curies":[{"name":"wp","href":"https:\/\/api.w.org\/{rel}","templated":true}]}}