{"id":16988,"date":"2021-03-09T09:56:14","date_gmt":"2021-03-09T01:56:14","guid":{"rendered":"https:\/\/www.fjpremium.com\/?post_type=product&#038;p=16988"},"modified":"2023-09-18T16:45:06","modified_gmt":"2023-09-18T08:45:06","slug":"usb-c-male-to-3-5mm-female-stereo-audio-adapter-with-pd-charging-2","status":"publish","type":"product","link":"https:\/\/www.fjpremium.com\/fr\/product\/usb-c-male-to-3-5mm-female-stereo-audio-adapter-with-pd-charging-2\/","title":{"rendered":"Adaptateur de charge USB-C m\u00e2le vers 3,5 mm femelle st\u00e9r\u00e9o audio PD"},"content":{"rendered":"<p>L'adaptateur est con\u00e7u pour la plupart des appareils Android, Type C ou USB C. Avec une puissance de sortie allant jusqu'\u00e0 60 W (20 V\/3 A), vous pouvez profiter d'une charge rapide PD et d'exp\u00e9riences audio impeccables.<\/p>\n<p>Et vous n'avez pas \u00e0 vous soucier de l'\u00e9puisement de la batterie pendant les sessions de jeu intenses ou les longs appels t\u00e9l\u00e9phoniques.<\/p>\n<p>La compatibilit\u00e9 de notre adaptateur s'\u00e9tend aux casques audio, haut-parleurs ou microphones de 3,5 mm. Gr\u00e2ce \u00e0 la puce DAC BES ou Realtek int\u00e9gr\u00e9e, vous \u00eates assur\u00e9 de b\u00e9n\u00e9ficier d'un son haute r\u00e9solution sans bruit jusqu'\u00e0 32bit\/384KHz.<\/p>\n<p>Ses caract\u00e9ristiques :<\/p>\n<ul>\n<li>Contact plaqu\u00e9 or, coque plaqu\u00e9e or<\/li>\n<li>Conducteur du c\u00e2ble : Fil laqu\u00e9<\/li>\n<li>Isolation : PE SKIN\/HDPE mouss\u00e9<\/li>\n<li>Calibre du fil : 30AWG 7\/0.10mm<\/li>\n<li>Bo\u00eetier : ABS ou aluminium<\/li>\n<li>Veste : TPE<\/li>\n<li>Diam\u00e8tre ext\u00e9rieur : 3,2\u00b10,2mm<\/li>\n<li>Conformit\u00e9 : RoHS, REACH, CE<\/li>\n<\/ul>\n<p>En outre, le connecteur USB-C r\u00e9versible garantit un branchement facile. Ainsi, contactez-nous d\u00e8s aujourd'hui et investissez dans cet adaptateur de charge PD.<\/p>","protected":false},"excerpt":{"rendered":"<p>Faites l&#039;exp\u00e9rience d&#039;une musique ininterrompue et d&#039;une charge rapide avec l&#039;adaptateur de charge PD audio st\u00e9r\u00e9o Farsince USB-C m\u00e2le vers femelle 3,5 mm, compatible avec la plupart des appareils Android, Type C ou USB-C.<\/p>","protected":false},"featured_media":17005,"template":"","meta":{"_acf_changed":false,"_seopress_robots_primary_cat":"","_seopress_titles_title":"Best Stereo Audio PD Charging Adapter - Farsince","_seopress_titles_desc":"Experience uninterrupted music and fast charging with the Farsince USB-C male to 3.5mm female stereo audio PD charging adapter.","_seopress_robots_index":"","site-sidebar-layout":"default","site-content-layout":"default","ast-site-content-layout":"default","site-content-style":"default","site-sidebar-style":"default","ast-global-header-display":"","ast-banner-title-visibility":"","ast-main-header-display":"","ast-hfb-above-header-display":"","ast-hfb-below-header-display":"","ast-hfb-mobile-header-display":"","site-post-title":"","ast-breadcrumbs-content":"","ast-featured-img":"","footer-sml-layout":"","ast-disable-related-posts":"","theme-transparent-header-meta":"default","adv-header-id-meta":"","stick-header-meta":"","header-above-stick-meta":"","header-main-stick-meta":"","header-below-stick-meta":"","astra-migrate-meta-layouts":"set","ast-page-background-enabled":"default","ast-page-background-meta":{"desktop":{"background-color":"","background-image":"","background-repeat":"repeat","background-position":"center center","background-size":"auto","background-attachment":"scroll","background-type":"","background-media":"","overlay-type":"","overlay-color":"","overlay-opacity":"","overlay-gradient":""},"tablet":{"background-color":"","background-image":"","background-repeat":"repeat","background-position":"center center","background-size":"auto","background-attachment":"scroll","background-type":"","background-media":"","overlay-type":"","overlay-color":"","overlay-opacity":"","overlay-gradient":""},"mobile":{"background-color":"","background-image":"","background-repeat":"repeat","background-position":"center center","background-size":"auto","background-attachment":"scroll","background-type":"","background-media":"","overlay-type":"","overlay-color":"","overlay-opacity":"","overlay-gradient":""}},"ast-content-background-meta":{"desktop":{"background-color":"var(--ast-global-color-5)","background-image":"","background-repeat":"repeat","background-position":"center center","background-size":"auto","background-attachment":"scroll","background-type":"","background-media":"","overlay-type":"","overlay-color":"","overlay-opacity":"","overlay-gradient":""},"tablet":{"background-color":"var(--ast-global-color-5)","background-image":"","background-repeat":"repeat","background-position":"center center","background-size":"auto","background-attachment":"scroll","background-type":"","background-media":"","overlay-type":"","overlay-color":"","overlay-opacity":"","overlay-gradient":""},"mobile":{"background-color":"var(--ast-global-color-5)","background-image":"","background-repeat":"repeat","background-position":"center center","background-size":"auto","background-attachment":"scroll","background-type":"","background-media":"","overlay-type":"","overlay-color":"","overlay-opacity":"","overlay-gradient":""}},"iawp_total_views":4},"product_brand":[],"product_cat":[222],"product_tag":[],"class_list":{"0":"post-16988","1":"product","2":"type-product","3":"status-publish","4":"has-post-thumbnail","6":"product_cat-usb-c-cables","7":"desktop-align-left","8":"tablet-align-left","9":"mobile-align-left","11":"first","12":"instock","13":"shipping-taxable","14":"purchasable","15":"product-type-simple"},"acf":[],"_links":{"self":[{"href":"https:\/\/www.fjpremium.com\/fr\/wp-json\/wp\/v2\/product\/16988","targetHints":{"allow":["GET"]}}],"collection":[{"href":"https:\/\/www.fjpremium.com\/fr\/wp-json\/wp\/v2\/product"}],"about":[{"href":"https:\/\/www.fjpremium.com\/fr\/wp-json\/wp\/v2\/types\/product"}],"wp:featuredmedia":[{"embeddable":true,"href":"https:\/\/www.fjpremium.com\/fr\/wp-json\/wp\/v2\/media\/17005"}],"wp:attachment":[{"href":"https:\/\/www.fjpremium.com\/fr\/wp-json\/wp\/v2\/media?parent=16988"}],"wp:term":[{"taxonomy":"product_brand","embeddable":true,"href":"https:\/\/www.fjpremium.com\/fr\/wp-json\/wp\/v2\/product_brand?post=16988"},{"taxonomy":"product_cat","embeddable":true,"href":"https:\/\/www.fjpremium.com\/fr\/wp-json\/wp\/v2\/product_cat?post=16988"},{"taxonomy":"product_tag","embeddable":true,"href":"https:\/\/www.fjpremium.com\/fr\/wp-json\/wp\/v2\/product_tag?post=16988"}],"curies":[{"name":"wp","href":"https:\/\/api.w.org\/{rel}","templated":true}]}}