{"id":16945,"date":"2021-03-09T09:28:24","date_gmt":"2021-03-09T01:28:24","guid":{"rendered":"https:\/\/www.fjpremium.com\/?post_type=product&#038;p=16945"},"modified":"2023-09-18T16:48:59","modified_gmt":"2023-09-18T08:48:59","slug":"usb-3-0-type-c-male-to-usb-3-0-type-b-male-cable","status":"publish","type":"product","link":"https:\/\/www.fjpremium.com\/fr\/product\/usb-3-0-type-c-male-to-usb-3-0-type-b-male-cable\/","title":{"rendered":"C\u00e2ble USB 3.0 Type C vers Type B m\u00e2le \u00e0 m\u00e2le"},"content":{"rendered":"<p>Notre c\u00e2ble est con\u00e7u pour des connexions transparentes entre votre ordinateur, votre tablette ou d'autres p\u00e9riph\u00e9riques USB de type C et tout p\u00e9riph\u00e9rique \u00e0 port USB 3.0 de type B tel que les imprimantes, les scanners ou les concentrateurs. Avec un taux de transfert impressionnant allant jusqu'\u00e0 5Gbps, il permet des mouvements de donn\u00e9es rapides et efficaces.<\/p>\n<p>La conception sym\u00e9trique du connecteur USB-C de ce c\u00e2ble vous permet de le brancher dans un sens ou dans l'autre sans aucun souci.<\/p>\n<p>Les interf\u00e9rences EMI\/RFI sont totalement annul\u00e9es gr\u00e2ce au blindage par feuille et tresse, et la construction \u00e0 paires torsad\u00e9es r\u00e9duit la diaphonie, garantissant un transfert de donn\u00e9es \u00e0 grande vitesse et sans erreur.<\/p>\n<p>Ses caract\u00e9ristiques :<\/p>\n<ul>\n<li>Contact plaqu\u00e9 or, coque plaqu\u00e9e nickel<\/li>\n<li>Conducteur du c\u00e2ble : Cuivre nu<\/li>\n<li>Isolation : PE SKIN\/HDPE mouss\u00e9<\/li>\n<li>Calibre des fils : 32\/24\/32AWG<\/li>\n<li>Bo\u00eetier : Moule \u00e0 injection<\/li>\n<li>Puce : N\/M<\/li>\n<li>Diam\u00e8tre ext\u00e9rieur : 4,5\u00b10,2 mm<\/li>\n<li>Conformit\u00e9 : RoHS, REACH<\/li>\n<\/ul>\n<p>De plus, la gaine en PVC, \u00e0 la fois robuste et flexible, am\u00e9liore ses performances globales et sa durabilit\u00e9. Dans l'ensemble, contactez-nous d\u00e8s aujourd'hui et commandez le c\u00e2ble USB 3.0 Type C vers Type B.<\/p>","protected":false},"excerpt":{"rendered":"<p>R\u00e9volutionnez votre connectivit\u00e9 num\u00e9rique avec le c\u00e2ble USB 3.0 Type C vers Type B m\u00e2le-m\u00e2le de Farsince pour un transfert de donn\u00e9es \u00e0 grande vitesse et une facilit\u00e9 de connexion.<\/p>","protected":false},"featured_media":16977,"template":"","meta":{"_acf_changed":false,"_seopress_robots_primary_cat":"","_seopress_titles_title":"Best Male to Male USB 3.0 Type C to Type B Cable - Farsince","_seopress_titles_desc":"","_seopress_robots_index":"","site-sidebar-layout":"default","site-content-layout":"default","ast-site-content-layout":"default","site-content-style":"default","site-sidebar-style":"default","ast-global-header-display":"","ast-banner-title-visibility":"","ast-main-header-display":"","ast-hfb-above-header-display":"","ast-hfb-below-header-display":"","ast-hfb-mobile-header-display":"","site-post-title":"","ast-breadcrumbs-content":"","ast-featured-img":"","footer-sml-layout":"","ast-disable-related-posts":"","theme-transparent-header-meta":"default","adv-header-id-meta":"","stick-header-meta":"","header-above-stick-meta":"","header-main-stick-meta":"","header-below-stick-meta":"","astra-migrate-meta-layouts":"set","ast-page-background-enabled":"default","ast-page-background-meta":{"desktop":{"background-color":"","background-image":"","background-repeat":"repeat","background-position":"center center","background-size":"auto","background-attachment":"scroll","background-type":"","background-media":"","overlay-type":"","overlay-color":"","overlay-opacity":"","overlay-gradient":""},"tablet":{"background-color":"","background-image":"","background-repeat":"repeat","background-position":"center center","background-size":"auto","background-attachment":"scroll","background-type":"","background-media":"","overlay-type":"","overlay-color":"","overlay-opacity":"","overlay-gradient":""},"mobile":{"background-color":"","background-image":"","background-repeat":"repeat","background-position":"center center","background-size":"auto","background-attachment":"scroll","background-type":"","background-media":"","overlay-type":"","overlay-color":"","overlay-opacity":"","overlay-gradient":""}},"ast-content-background-meta":{"desktop":{"background-color":"var(--ast-global-color-5)","background-image":"","background-repeat":"repeat","background-position":"center center","background-size":"auto","background-attachment":"scroll","background-type":"","background-media":"","overlay-type":"","overlay-color":"","overlay-opacity":"","overlay-gradient":""},"tablet":{"background-color":"var(--ast-global-color-5)","background-image":"","background-repeat":"repeat","background-position":"center center","background-size":"auto","background-attachment":"scroll","background-type":"","background-media":"","overlay-type":"","overlay-color":"","overlay-opacity":"","overlay-gradient":""},"mobile":{"background-color":"var(--ast-global-color-5)","background-image":"","background-repeat":"repeat","background-position":"center center","background-size":"auto","background-attachment":"scroll","background-type":"","background-media":"","overlay-type":"","overlay-color":"","overlay-opacity":"","overlay-gradient":""}},"iawp_total_views":5},"product_brand":[],"product_cat":[222],"product_tag":[],"class_list":{"0":"post-16945","1":"product","2":"type-product","3":"status-publish","4":"has-post-thumbnail","6":"product_cat-usb-c-cables","7":"desktop-align-left","8":"tablet-align-left","9":"mobile-align-left","11":"first","12":"instock","13":"shipping-taxable","14":"purchasable","15":"product-type-simple"},"acf":[],"_links":{"self":[{"href":"https:\/\/www.fjpremium.com\/fr\/wp-json\/wp\/v2\/product\/16945","targetHints":{"allow":["GET"]}}],"collection":[{"href":"https:\/\/www.fjpremium.com\/fr\/wp-json\/wp\/v2\/product"}],"about":[{"href":"https:\/\/www.fjpremium.com\/fr\/wp-json\/wp\/v2\/types\/product"}],"wp:featuredmedia":[{"embeddable":true,"href":"https:\/\/www.fjpremium.com\/fr\/wp-json\/wp\/v2\/media\/16977"}],"wp:attachment":[{"href":"https:\/\/www.fjpremium.com\/fr\/wp-json\/wp\/v2\/media?parent=16945"}],"wp:term":[{"taxonomy":"product_brand","embeddable":true,"href":"https:\/\/www.fjpremium.com\/fr\/wp-json\/wp\/v2\/product_brand?post=16945"},{"taxonomy":"product_cat","embeddable":true,"href":"https:\/\/www.fjpremium.com\/fr\/wp-json\/wp\/v2\/product_cat?post=16945"},{"taxonomy":"product_tag","embeddable":true,"href":"https:\/\/www.fjpremium.com\/fr\/wp-json\/wp\/v2\/product_tag?post=16945"}],"curies":[{"name":"wp","href":"https:\/\/api.w.org\/{rel}","templated":true}]}}