{"id":16943,"date":"2021-03-09T09:28:20","date_gmt":"2021-03-09T01:28:20","guid":{"rendered":"https:\/\/www.fjpremium.com\/?post_type=product&#038;p=16943"},"modified":"2023-06-19T15:48:13","modified_gmt":"2023-06-19T07:48:13","slug":"usb-2-0-type-c-male-to-usb-2-0-micro-usb-male-cable","status":"publish","type":"product","link":"https:\/\/www.fjpremium.com\/fr\/product\/usb-2-0-type-c-male-to-usb-2-0-micro-usb-male-cable\/","title":{"rendered":"C\u00e2ble USB 2.0 Type C vers Micro USB m\u00e2le\/m\u00e2le"},"content":{"rendered":"<p>Con\u00e7u pour apporter de la compatibilit\u00e9 \u00e0 votre univers num\u00e9rique, ce c\u00e2ble permet de connecter vos smartphones, tablettes ou autres appareils compatibles micro USB \u00e0 votre ordinateur, tablette ou appareil \u00e9quip\u00e9 d'un port USB de type C.<\/p>\n<p>Con\u00e7ue pour prendre en charge la technologie de charge rapide 2.0 avec une sortie d'alimentation de 5V 2,4A et un taux de transfert de donn\u00e9es \u00e0 grande vitesse allant jusqu'\u00e0 480 Mbps.<\/p>\n<p>De plus, le connecteur USB-C r\u00e9versible, con\u00e7u avec une r\u00e9sistance d'excursion haute de 56K ohm, se branche sans probl\u00e8me \u00e0 chaque fois, offrant une s\u00e9curit\u00e9 au port de votre appareil.<\/p>\n<p>Ses caract\u00e9ristiques :<\/p>\n<ul>\n<li>Contact plaqu\u00e9 or, coque plaqu\u00e9e nickel<\/li>\n<li>Conducteur du c\u00e2ble : Cuivre nu<\/li>\n<li>Isolation : PE SKIN\/HDPE mouss\u00e9<\/li>\n<li>Calibre du fil : 28\/24AWG<\/li>\n<li>Bo\u00eetier : Moule \u00e0 injection<\/li>\n<li>Puce : N\/M<\/li>\n<li>Gaine : PVC<\/li>\n<li>Diam\u00e8tre ext\u00e9rieur : 4,5\u00b10,2 mm<\/li>\n<li>Conformit\u00e9 : RoHS, REACH<\/li>\n<\/ul>\n<p>Les m\u00e9canismes de blindage du c\u00e2ble, tels que la feuille, le blindage par tresse et la construction \u00e0 paires torsad\u00e9es, r\u00e9duisent la diaphonie et prot\u00e8gent contre les interf\u00e9rences EMI\/RFI.<\/p>\n<p>Et cela garantit un transfert de donn\u00e9es rapide et sans erreur entre les appareils, ce qui en fait une solution remarquable pour vos besoins num\u00e9riques. En bref, contactez-nous d\u00e8s aujourd'hui et commandez notre c\u00e2ble Type C vers micro USB.<\/p>","protected":false},"excerpt":{"rendered":"<p>Am\u00e9liorez votre connectivit\u00e9 num\u00e9rique avec le c\u00e2ble USB 2.0 Type C vers micro USB de Farsince, dot\u00e9 d&#039;un transfert de donn\u00e9es \u00e0 haute vitesse et d&#039;une prise en charge de la charge rapide 2.0.<\/p>","protected":false},"featured_media":16965,"template":"","meta":{"_acf_changed":false,"_seopress_robots_primary_cat":"","_seopress_titles_title":"","_seopress_titles_desc":"","_seopress_robots_index":"","site-sidebar-layout":"default","site-content-layout":"default","ast-site-content-layout":"default","site-content-style":"default","site-sidebar-style":"default","ast-global-header-display":"","ast-banner-title-visibility":"","ast-main-header-display":"","ast-hfb-above-header-display":"","ast-hfb-below-header-display":"","ast-hfb-mobile-header-display":"","site-post-title":"","ast-breadcrumbs-content":"","ast-featured-img":"","footer-sml-layout":"","ast-disable-related-posts":"","theme-transparent-header-meta":"default","adv-header-id-meta":"","stick-header-meta":"","header-above-stick-meta":"","header-main-stick-meta":"","header-below-stick-meta":"","astra-migrate-meta-layouts":"default","ast-page-background-enabled":"default","ast-page-background-meta":{"desktop":{"background-color":"","background-image":"","background-repeat":"repeat","background-position":"center center","background-size":"auto","background-attachment":"scroll","background-type":"","background-media":"","overlay-type":"","overlay-color":"","overlay-opacity":"","overlay-gradient":""},"tablet":{"background-color":"","background-image":"","background-repeat":"repeat","background-position":"center center","background-size":"auto","background-attachment":"scroll","background-type":"","background-media":"","overlay-type":"","overlay-color":"","overlay-opacity":"","overlay-gradient":""},"mobile":{"background-color":"","background-image":"","background-repeat":"repeat","background-position":"center center","background-size":"auto","background-attachment":"scroll","background-type":"","background-media":"","overlay-type":"","overlay-color":"","overlay-opacity":"","overlay-gradient":""}},"ast-content-background-meta":{"desktop":{"background-color":"var(--ast-global-color-5)","background-image":"","background-repeat":"repeat","background-position":"center center","background-size":"auto","background-attachment":"scroll","background-type":"","background-media":"","overlay-type":"","overlay-color":"","overlay-opacity":"","overlay-gradient":""},"tablet":{"background-color":"var(--ast-global-color-5)","background-image":"","background-repeat":"repeat","background-position":"center center","background-size":"auto","background-attachment":"scroll","background-type":"","background-media":"","overlay-type":"","overlay-color":"","overlay-opacity":"","overlay-gradient":""},"mobile":{"background-color":"var(--ast-global-color-5)","background-image":"","background-repeat":"repeat","background-position":"center center","background-size":"auto","background-attachment":"scroll","background-type":"","background-media":"","overlay-type":"","overlay-color":"","overlay-opacity":"","overlay-gradient":""}},"iawp_total_views":5},"product_brand":[],"product_cat":[222],"product_tag":[],"class_list":{"0":"post-16943","1":"product","2":"type-product","3":"status-publish","4":"has-post-thumbnail","6":"product_cat-usb-c-cables","7":"desktop-align-left","8":"tablet-align-left","9":"mobile-align-left","11":"first","12":"instock","13":"shipping-taxable","14":"purchasable","15":"product-type-simple"},"acf":[],"_links":{"self":[{"href":"https:\/\/www.fjpremium.com\/fr\/wp-json\/wp\/v2\/product\/16943","targetHints":{"allow":["GET"]}}],"collection":[{"href":"https:\/\/www.fjpremium.com\/fr\/wp-json\/wp\/v2\/product"}],"about":[{"href":"https:\/\/www.fjpremium.com\/fr\/wp-json\/wp\/v2\/types\/product"}],"wp:featuredmedia":[{"embeddable":true,"href":"https:\/\/www.fjpremium.com\/fr\/wp-json\/wp\/v2\/media\/16965"}],"wp:attachment":[{"href":"https:\/\/www.fjpremium.com\/fr\/wp-json\/wp\/v2\/media?parent=16943"}],"wp:term":[{"taxonomy":"product_brand","embeddable":true,"href":"https:\/\/www.fjpremium.com\/fr\/wp-json\/wp\/v2\/product_brand?post=16943"},{"taxonomy":"product_cat","embeddable":true,"href":"https:\/\/www.fjpremium.com\/fr\/wp-json\/wp\/v2\/product_cat?post=16943"},{"taxonomy":"product_tag","embeddable":true,"href":"https:\/\/www.fjpremium.com\/fr\/wp-json\/wp\/v2\/product_tag?post=16943"}],"curies":[{"name":"wp","href":"https:\/\/api.w.org\/{rel}","templated":true}]}}