{"id":16940,"date":"2021-03-09T09:27:47","date_gmt":"2021-03-09T01:27:47","guid":{"rendered":"https:\/\/www.fjpremium.com\/?post_type=product&#038;p=16940"},"modified":"2023-09-18T17:07:46","modified_gmt":"2023-09-18T09:07:46","slug":"usb-c-male-to-3-5mm-male-stereo-audio-cable","status":"publish","type":"product","link":"https:\/\/www.fjpremium.com\/fr\/product\/usb-c-male-to-3-5mm-male-stereo-audio-cable\/","title":{"rendered":"C\u00e2ble audio st\u00e9r\u00e9o USB-C m\u00e2le vers m\u00e2le 3,5 mm"},"content":{"rendered":"<p>Sp\u00e9cialement con\u00e7u pour les appareils dot\u00e9s d'un port USB-C, ce c\u00e2ble permet de connecter votre smartphone ou votre tablette \u00e0 divers appareils audio tels que les lecteurs CD, les autoradios, les haut-parleurs et les tuners PC\/TV dot\u00e9s d'une prise jack 3,5 mm.<\/p>\n<p>Gr\u00e2ce \u00e0 sa conception USB-C sym\u00e9trique, vous n'aurez jamais \u00e0 vous soucier de la brancher de travers.<\/p>\n<p>Au-del\u00e0 de la compatibilit\u00e9, la puce audio originale de notre c\u00e2ble garantit une transmission audio stable et sans perte pour un son de qualit\u00e9 sup\u00e9rieure.<\/p>\n<p>Ses caract\u00e9ristiques :<\/p>\n<ul>\n<li>Contact plaqu\u00e9 or, coque plaqu\u00e9e or<\/li>\n<li>Conducteur du c\u00e2ble : Fil laqu\u00e9<\/li>\n<li>Isolation : PE SKIN\/HDPE mouss\u00e9<\/li>\n<li>Calibre du fil : 28AWG<\/li>\n<li>Bo\u00eetier : Aluminium<\/li>\n<li>Puce : Navire num\u00e9rique<\/li>\n<li>Veste : TPE<\/li>\n<li>Diam\u00e8tre ext\u00e9rieur : 3,2\u00b10,2mm<\/li>\n<li>Conformit\u00e9 : RoHS, REACH, CE<\/li>\n<\/ul>\n<p>De plus, la conception robuste, tress\u00e9e en nylon, ajoute une touche d'\u00e9l\u00e9gance tout en garantissant la long\u00e9vit\u00e9. Contactez-nous d\u00e8s aujourd'hui pour commander ce c\u00e2ble audio st\u00e9r\u00e9o 3,5 mm.<\/p>","protected":false},"excerpt":{"rendered":"<p>Lib\u00e9rez une qualit\u00e9 sonore sup\u00e9rieure avec le c\u00e2ble audio st\u00e9r\u00e9o USB-C m\u00e2le vers m\u00e2le 3,5 mm, qui pr\u00e9sente un design \u00e9l\u00e9gant et durable et une technologie de puce audio de haute qualit\u00e9.<\/p>","protected":false},"featured_media":16947,"template":"","meta":{"_acf_changed":false,"_seopress_robots_primary_cat":"","_seopress_titles_title":"Best USB-C Male to Male 3.5mm Stereo Audio Cable - FARSINCE","_seopress_titles_desc":"","_seopress_robots_index":"","site-sidebar-layout":"default","site-content-layout":"default","ast-site-content-layout":"default","site-content-style":"default","site-sidebar-style":"default","ast-global-header-display":"","ast-banner-title-visibility":"","ast-main-header-display":"","ast-hfb-above-header-display":"","ast-hfb-below-header-display":"","ast-hfb-mobile-header-display":"","site-post-title":"","ast-breadcrumbs-content":"","ast-featured-img":"","footer-sml-layout":"","ast-disable-related-posts":"","theme-transparent-header-meta":"default","adv-header-id-meta":"","stick-header-meta":"","header-above-stick-meta":"","header-main-stick-meta":"","header-below-stick-meta":"","astra-migrate-meta-layouts":"set","ast-page-background-enabled":"default","ast-page-background-meta":{"desktop":{"background-color":"","background-image":"","background-repeat":"repeat","background-position":"center center","background-size":"auto","background-attachment":"scroll","background-type":"","background-media":"","overlay-type":"","overlay-color":"","overlay-opacity":"","overlay-gradient":""},"tablet":{"background-color":"","background-image":"","background-repeat":"repeat","background-position":"center center","background-size":"auto","background-attachment":"scroll","background-type":"","background-media":"","overlay-type":"","overlay-color":"","overlay-opacity":"","overlay-gradient":""},"mobile":{"background-color":"","background-image":"","background-repeat":"repeat","background-position":"center center","background-size":"auto","background-attachment":"scroll","background-type":"","background-media":"","overlay-type":"","overlay-color":"","overlay-opacity":"","overlay-gradient":""}},"ast-content-background-meta":{"desktop":{"background-color":"var(--ast-global-color-5)","background-image":"","background-repeat":"repeat","background-position":"center center","background-size":"auto","background-attachment":"scroll","background-type":"","background-media":"","overlay-type":"","overlay-color":"","overlay-opacity":"","overlay-gradient":""},"tablet":{"background-color":"var(--ast-global-color-5)","background-image":"","background-repeat":"repeat","background-position":"center center","background-size":"auto","background-attachment":"scroll","background-type":"","background-media":"","overlay-type":"","overlay-color":"","overlay-opacity":"","overlay-gradient":""},"mobile":{"background-color":"var(--ast-global-color-5)","background-image":"","background-repeat":"repeat","background-position":"center center","background-size":"auto","background-attachment":"scroll","background-type":"","background-media":"","overlay-type":"","overlay-color":"","overlay-opacity":"","overlay-gradient":""}},"iawp_total_views":5},"product_brand":[],"product_cat":[222],"product_tag":[],"class_list":{"0":"post-16940","1":"product","2":"type-product","3":"status-publish","4":"has-post-thumbnail","6":"product_cat-usb-c-cables","7":"desktop-align-left","8":"tablet-align-left","9":"mobile-align-left","11":"first","12":"instock","13":"shipping-taxable","14":"purchasable","15":"product-type-simple"},"acf":[],"_links":{"self":[{"href":"https:\/\/www.fjpremium.com\/fr\/wp-json\/wp\/v2\/product\/16940","targetHints":{"allow":["GET"]}}],"collection":[{"href":"https:\/\/www.fjpremium.com\/fr\/wp-json\/wp\/v2\/product"}],"about":[{"href":"https:\/\/www.fjpremium.com\/fr\/wp-json\/wp\/v2\/types\/product"}],"wp:featuredmedia":[{"embeddable":true,"href":"https:\/\/www.fjpremium.com\/fr\/wp-json\/wp\/v2\/media\/16947"}],"wp:attachment":[{"href":"https:\/\/www.fjpremium.com\/fr\/wp-json\/wp\/v2\/media?parent=16940"}],"wp:term":[{"taxonomy":"product_brand","embeddable":true,"href":"https:\/\/www.fjpremium.com\/fr\/wp-json\/wp\/v2\/product_brand?post=16940"},{"taxonomy":"product_cat","embeddable":true,"href":"https:\/\/www.fjpremium.com\/fr\/wp-json\/wp\/v2\/product_cat?post=16940"},{"taxonomy":"product_tag","embeddable":true,"href":"https:\/\/www.fjpremium.com\/fr\/wp-json\/wp\/v2\/product_tag?post=16940"}],"curies":[{"name":"wp","href":"https:\/\/api.w.org\/{rel}","templated":true}]}}