{"id":16939,"date":"2021-03-09T09:26:04","date_gmt":"2021-03-09T01:26:04","guid":{"rendered":"https:\/\/www.fjpremium.com\/?post_type=product&#038;p=16939"},"modified":"2023-09-18T17:09:21","modified_gmt":"2023-09-18T09:09:21","slug":"usb-type-c-to-rs232-serial-db9-female-adapter-cable","status":"publish","type":"product","link":"https:\/\/www.fjpremium.com\/fr\/product\/usb-type-c-to-rs232-serial-db9-female-adapter-cable\/","title":{"rendered":"C\u00e2ble adaptateur USB vers s\u00e9rie RS232"},"content":{"rendered":"<p>Notre adaptateur fonctionne parfaitement avec les modems, les appareils photo num\u00e9riques, les imprimantes d'\u00e9tiquettes et bien d'autres, avec un taux de transfert de donn\u00e9es de 1 Mbps.<\/p>\n<p>Avec une puce Prolific FTDI232RL, l'installation est aussi simple que de brancher et de jouer.<\/p>\n<p>Il fonctionne sans probl\u00e8me avec Windows 10, 8.1, 8, 7, Vista, XP, Windows 2000, Linux 2.4 ou sup\u00e9rieur, et Mac OS X 10.6 ou sup\u00e9rieur. Veuillez toutefois noter qu'il n'est pas compatible avec le traceur de d\u00e9coupe SCM.<\/p>\n<p>Ses caract\u00e9ristiques :<\/p>\n<ul>\n<li>Connecteur 1 : USB C m\u00e2le<\/li>\n<li>Connecteur 2 : RS232 DB9 femelle<\/li>\n<li>Contact plaqu\u00e9 or, coque plaqu\u00e9e nickel<\/li>\n<li>Bo\u00eetier : Injection plastique<\/li>\n<\/ul>\n<p>De plus, envelopp\u00e9 dans une gaine PVC conforme aux normes RoHS et REACH, ce c\u00e2ble adaptateur durable USB vers s\u00e9rie RS232 r\u00e9pond aux normes de l'industrie. Dans l'ensemble, contactez-nous d\u00e8s aujourd'hui pour commander ce c\u00e2ble.<\/p>","protected":false},"excerpt":{"rendered":"<p>Le c\u00e2ble adaptateur Farsince USB vers s\u00e9rie RS232 est un outil fiable pour relier le port USB de l&#039;ordinateur aux p\u00e9riph\u00e9riques s\u00e9rie DB9, offrant une configuration plug-and-play sans effort et un transfert de donn\u00e9es \u00e0 grande vitesse.<\/p>","protected":false},"featured_media":0,"template":"","meta":{"_acf_changed":false,"_seopress_robots_primary_cat":"","_seopress_titles_title":"USB to Serial RS232 Adapter Cable - FARSINCE","_seopress_titles_desc":"The USB to serial RS232 adapter cable is a dependable tool for linking the computer&#039;s USB port with serial DB9 devices, offering high-speed data transfer.","_seopress_robots_index":"","site-sidebar-layout":"default","site-content-layout":"default","ast-site-content-layout":"default","site-content-style":"default","site-sidebar-style":"default","ast-global-header-display":"","ast-banner-title-visibility":"","ast-main-header-display":"","ast-hfb-above-header-display":"","ast-hfb-below-header-display":"","ast-hfb-mobile-header-display":"","site-post-title":"","ast-breadcrumbs-content":"","ast-featured-img":"","footer-sml-layout":"","ast-disable-related-posts":"","theme-transparent-header-meta":"default","adv-header-id-meta":"","stick-header-meta":"","header-above-stick-meta":"","header-main-stick-meta":"","header-below-stick-meta":"","astra-migrate-meta-layouts":"set","ast-page-background-enabled":"default","ast-page-background-meta":{"desktop":{"background-color":"","background-image":"","background-repeat":"repeat","background-position":"center center","background-size":"auto","background-attachment":"scroll","background-type":"","background-media":"","overlay-type":"","overlay-color":"","overlay-opacity":"","overlay-gradient":""},"tablet":{"background-color":"","background-image":"","background-repeat":"repeat","background-position":"center center","background-size":"auto","background-attachment":"scroll","background-type":"","background-media":"","overlay-type":"","overlay-color":"","overlay-opacity":"","overlay-gradient":""},"mobile":{"background-color":"","background-image":"","background-repeat":"repeat","background-position":"center center","background-size":"auto","background-attachment":"scroll","background-type":"","background-media":"","overlay-type":"","overlay-color":"","overlay-opacity":"","overlay-gradient":""}},"ast-content-background-meta":{"desktop":{"background-color":"var(--ast-global-color-5)","background-image":"","background-repeat":"repeat","background-position":"center center","background-size":"auto","background-attachment":"scroll","background-type":"","background-media":"","overlay-type":"","overlay-color":"","overlay-opacity":"","overlay-gradient":""},"tablet":{"background-color":"var(--ast-global-color-5)","background-image":"","background-repeat":"repeat","background-position":"center center","background-size":"auto","background-attachment":"scroll","background-type":"","background-media":"","overlay-type":"","overlay-color":"","overlay-opacity":"","overlay-gradient":""},"mobile":{"background-color":"var(--ast-global-color-5)","background-image":"","background-repeat":"repeat","background-position":"center center","background-size":"auto","background-attachment":"scroll","background-type":"","background-media":"","overlay-type":"","overlay-color":"","overlay-opacity":"","overlay-gradient":""}},"iawp_total_views":4},"product_brand":[],"product_cat":[222],"product_tag":[],"class_list":{"0":"post-16939","1":"product","2":"type-product","3":"status-publish","5":"product_cat-usb-c-cables","6":"desktop-align-left","7":"tablet-align-left","8":"mobile-align-left","10":"first","11":"instock","12":"shipping-taxable","13":"purchasable","14":"product-type-simple"},"acf":[],"_links":{"self":[{"href":"https:\/\/www.fjpremium.com\/fr\/wp-json\/wp\/v2\/product\/16939","targetHints":{"allow":["GET"]}}],"collection":[{"href":"https:\/\/www.fjpremium.com\/fr\/wp-json\/wp\/v2\/product"}],"about":[{"href":"https:\/\/www.fjpremium.com\/fr\/wp-json\/wp\/v2\/types\/product"}],"wp:attachment":[{"href":"https:\/\/www.fjpremium.com\/fr\/wp-json\/wp\/v2\/media?parent=16939"}],"wp:term":[{"taxonomy":"product_brand","embeddable":true,"href":"https:\/\/www.fjpremium.com\/fr\/wp-json\/wp\/v2\/product_brand?post=16939"},{"taxonomy":"product_cat","embeddable":true,"href":"https:\/\/www.fjpremium.com\/fr\/wp-json\/wp\/v2\/product_cat?post=16939"},{"taxonomy":"product_tag","embeddable":true,"href":"https:\/\/www.fjpremium.com\/fr\/wp-json\/wp\/v2\/product_tag?post=16939"}],"curies":[{"name":"wp","href":"https:\/\/api.w.org\/{rel}","templated":true}]}}