{"id":16791,"date":"2020-12-15T11:45:42","date_gmt":"2020-12-15T03:45:42","guid":{"rendered":"https:\/\/www.fjpremium.com\/?post_type=product&#038;p=16791"},"modified":"2023-12-14T13:56:38","modified_gmt":"2023-12-14T05:56:38","slug":"network-extension-cable-male-to-female-ethernet-rj45-ftp-stp-shielded-connector-short-cable","status":"publish","type":"product","link":"https:\/\/www.fjpremium.com\/fr\/product\/network-extension-cable-male-to-female-ethernet-rj45-ftp-stp-shielded-connector-short-cable\/","title":{"rendered":"Connecteur blind\u00e9 RJ45, c\u00e2ble d'extension de r\u00e9seau m\u00e2le-femelle"},"content":{"rendered":"<p>Ce c\u00e2ble d'extension Ethernet m\u00e2le-femelle \u00e0 connecteur RJ45 blind\u00e9 est parfait pour \u00e9tendre les connexions \u00e0 travers un panneau, fournissant une connectivit\u00e9 s\u00e9curis\u00e9e \u00e0 partir d'une source situ\u00e9e dans un endroit prot\u00e9g\u00e9.<\/p>\n<p>Il satisfait ou d\u00e9passe les performances de la cat\u00e9gorie 5E conform\u00e9ment aux sp\u00e9cifications TIA\/EIA-568-C.2 et ISO\/IEC 11801.<\/p>\n<p>Les contacts plaqu\u00e9s or et les capuchons anti-traction moul\u00e9s dans les connecteurs garantissent la durabilit\u00e9 et une connexion s\u00fbre.<\/p>\n<p>Les conducteurs en cuivre nu am\u00e9liorent les performances du c\u00e2ble et sont conformes aux sp\u00e9cifications des c\u00e2bles de communication.<\/p>\n<p>Avec une bande passante \u00e9lev\u00e9e allant jusqu'\u00e0 500 MHz, notre connecteur blind\u00e9 RJ45 flexible et durable garantit un transfert de donn\u00e9es \u00e0 haut d\u00e9bit pour les applications de serveur, l'informatique en nuage, la vid\u00e9osurveillance et le streaming vid\u00e9o haute d\u00e9finition en ligne.<\/p>\n<p>Il a \u00e9t\u00e9 test\u00e9 jusqu'\u00e0 600 MHz et prend en charge 10 Gigabit Ethernet.<\/p>\n<p>De plus, le connecteur blind\u00e9 est conforme aux normes ROHS et REACH et est disponible en diff\u00e9rentes couleurs et longueurs.<\/p>\n<p>Il se compose d'un conducteur en cuivre nu d'un calibre de 26AWG ou 24AWG, d'une isolation HDPE et d'un blindage en aluminium avec un fil de drainage.<\/p>\n<p>Le diam\u00e8tre ext\u00e9rieur est de 6,2\u00b10,2 mm et les connecteurs sont des RJ45 FTP m\u00e2le et femelle avec des contacts 3U plaqu\u00e9s or.<\/p>\n<p>Choisissez donc notre connecteur blind\u00e9 RJ45 pour des performances de transmission exceptionnelles, une faible perte de signal et un moyen pratique d'\u00e9tendre les connexions entre tous les composants du r\u00e9seau LAN \u00e0 travers un panneau.<\/p>\n<p>&nbsp;<\/p>\n<h2>T\u00e9l\u00e9charger :<\/h2>\n<ul>\n<li>Fiche technique du c\u00e2ble d'extension ethernet RJ45 FTP STP blind\u00e9 m\u00e2le-femelle<\/li>\n<\/ul>\n<h2>Informations sur la commande :<\/h2>\n<p>FS17502A**-xxx : C\u00e2ble d'extension ethernet Cat5e F\/UTP m\u00e2le vers femelle<\/p>\n<p>FS17502B**-xxx : C\u00e2ble d'extension ethernet Cat6 F\/UTP m\u00e2le vers femelle<\/p>\n<p>FS17502C**-xxx : C\u00e2ble d'extension ethernet Cat6A S\/FTP m\u00e2le vers femelle<\/p>\n<ul>\n<li>**=couleur : GY=GREY, BK=BLACK, WT=WHITE, BU=BLUE, RD=RED, YL=YELLOW, OG=ORANGE, GN=GREEN<\/li>\n<li>xxx=Longueur : 030=3.0M, 050=5.0M, 075=7.5M, 100=10M, 200=20M, 300=30M<\/li>\n<li>Par exemple : FS17502BK-0003= C\u00e2ble d'extension ethernet Cat6 F\/UTP m\u00e2le vers femelle, longueur 0.3M<\/li>\n<\/ul>","protected":false},"excerpt":{"rendered":"<p>Le connecteur blind\u00e9 RJ45 de Farsince est un c\u00e2ble d'extension de r\u00e9seau id\u00e9al qui permet une connectivit\u00e9 transparente entre les diff\u00e9rents composants du r\u00e9seau LAN.<\/p>","protected":false},"featured_media":16858,"template":"","meta":{"_acf_changed":false,"_seopress_robots_primary_cat":"","_seopress_titles_title":"Best RJ45 Shielded Connector - Farsince","_seopress_titles_desc":"Presenting Farsince RJ45 shielded connector, an ideal network extension cable that enables seamless connectivity between various LAN network components.","_seopress_robots_index":"","site-sidebar-layout":"default","site-content-layout":"default","ast-site-content-layout":"default","site-content-style":"default","site-sidebar-style":"default","ast-global-header-display":"","ast-banner-title-visibility":"","ast-main-header-display":"","ast-hfb-above-header-display":"","ast-hfb-below-header-display":"","ast-hfb-mobile-header-display":"","site-post-title":"","ast-breadcrumbs-content":"","ast-featured-img":"","footer-sml-layout":"","ast-disable-related-posts":"","theme-transparent-header-meta":"default","adv-header-id-meta":"","stick-header-meta":"","header-above-stick-meta":"","header-main-stick-meta":"","header-below-stick-meta":"","astra-migrate-meta-layouts":"default","ast-page-background-enabled":"default","ast-page-background-meta":{"desktop":{"background-color":"","background-image":"","background-repeat":"repeat","background-position":"center center","background-size":"auto","background-attachment":"scroll","background-type":"","background-media":"","overlay-type":"","overlay-color":"","overlay-opacity":"","overlay-gradient":""},"tablet":{"background-color":"","background-image":"","background-repeat":"repeat","background-position":"center center","background-size":"auto","background-attachment":"scroll","background-type":"","background-media":"","overlay-type":"","overlay-color":"","overlay-opacity":"","overlay-gradient":""},"mobile":{"background-color":"","background-image":"","background-repeat":"repeat","background-position":"center center","background-size":"auto","background-attachment":"scroll","background-type":"","background-media":"","overlay-type":"","overlay-color":"","overlay-opacity":"","overlay-gradient":""}},"ast-content-background-meta":{"desktop":{"background-color":"var(--ast-global-color-5)","background-image":"","background-repeat":"repeat","background-position":"center center","background-size":"auto","background-attachment":"scroll","background-type":"","background-media":"","overlay-type":"","overlay-color":"","overlay-opacity":"","overlay-gradient":""},"tablet":{"background-color":"var(--ast-global-color-5)","background-image":"","background-repeat":"repeat","background-position":"center center","background-size":"auto","background-attachment":"scroll","background-type":"","background-media":"","overlay-type":"","overlay-color":"","overlay-opacity":"","overlay-gradient":""},"mobile":{"background-color":"var(--ast-global-color-5)","background-image":"","background-repeat":"repeat","background-position":"center center","background-size":"auto","background-attachment":"scroll","background-type":"","background-media":"","overlay-type":"","overlay-color":"","overlay-opacity":"","overlay-gradient":""}},"iawp_total_views":8},"product_brand":[],"product_cat":[631,209],"product_tag":[],"class_list":{"0":"post-16791","1":"product","2":"type-product","3":"status-publish","4":"has-post-thumbnail","6":"product_cat-patch-cables","7":"product_cat-ethernet-cable","8":"desktop-align-left","9":"tablet-align-left","10":"mobile-align-left","12":"first","13":"instock","14":"shipping-taxable","15":"purchasable","16":"product-type-simple"},"acf":[],"_links":{"self":[{"href":"https:\/\/www.fjpremium.com\/fr\/wp-json\/wp\/v2\/product\/16791","targetHints":{"allow":["GET"]}}],"collection":[{"href":"https:\/\/www.fjpremium.com\/fr\/wp-json\/wp\/v2\/product"}],"about":[{"href":"https:\/\/www.fjpremium.com\/fr\/wp-json\/wp\/v2\/types\/product"}],"wp:featuredmedia":[{"embeddable":true,"href":"https:\/\/www.fjpremium.com\/fr\/wp-json\/wp\/v2\/media\/16858"}],"wp:attachment":[{"href":"https:\/\/www.fjpremium.com\/fr\/wp-json\/wp\/v2\/media?parent=16791"}],"wp:term":[{"taxonomy":"product_brand","embeddable":true,"href":"https:\/\/www.fjpremium.com\/fr\/wp-json\/wp\/v2\/product_brand?post=16791"},{"taxonomy":"product_cat","embeddable":true,"href":"https:\/\/www.fjpremium.com\/fr\/wp-json\/wp\/v2\/product_cat?post=16791"},{"taxonomy":"product_tag","embeddable":true,"href":"https:\/\/www.fjpremium.com\/fr\/wp-json\/wp\/v2\/product_tag?post=16791"}],"curies":[{"name":"wp","href":"https:\/\/api.w.org\/{rel}","templated":true}]}}