{"id":16790,"date":"2020-12-15T11:45:40","date_gmt":"2020-12-15T03:45:40","guid":{"rendered":"https:\/\/www.fjpremium.com\/?post_type=product&#038;p=16790"},"modified":"2023-12-14T13:56:38","modified_gmt":"2023-12-14T05:56:38","slug":"network-extension-cable-male-to-female-ethernet-rj45-utp-unshielded-connector-short-cable","status":"publish","type":"product","link":"https:\/\/www.fjpremium.com\/fr\/product\/network-extension-cable-male-to-female-ethernet-rj45-utp-unshielded-connector-short-cable\/","title":{"rendered":"C\u00e2ble d'extension de r\u00e9seau Ethernet m\u00e2le-femelle, connecteur RJ45 non blind\u00e9"},"content":{"rendered":"<p>Ce c\u00e2ble d'extension r\u00e9seau est fiable pour \u00e9tendre les connexions entre divers composants du r\u00e9seau LAN \u00e0 travers un panneau. Il permet aux utilisateurs d'\u00e9tablir une connectivit\u00e9 \u00e0 partir d'une source situ\u00e9e dans un endroit s\u00e9curis\u00e9.<\/p>\n<p>Il satisfait ou d\u00e9passe les performances de la cat\u00e9gorie 5E conform\u00e9ment aux sp\u00e9cifications TIA\/EIA-568-C.2 et ISO\/IEC 11801.<\/p>\n<p>Ses connecteurs sont dot\u00e9s de contacts 3U plaqu\u00e9s or et de capuchons anti-traction moul\u00e9s, ce qui garantit la durabilit\u00e9 et la s\u00e9curit\u00e9 de la connexion.<\/p>\n<p>En outre, les conducteurs en cuivre nu am\u00e9liorent les performances du c\u00e2ble et sont conformes aux sp\u00e9cifications des c\u00e2bles de communication.<\/p>\n<p>Notre c\u00e2ble d'extension r\u00e9seau Cat5E, flexible et durable, offre une bande passante \u00e9lev\u00e9e allant jusqu'\u00e0 500 MHz, garantissant un transfert de donn\u00e9es \u00e0 grande vitesse pour les applications de serveur, l'informatique en nuage, la vid\u00e9osurveillance et le streaming vid\u00e9o haute d\u00e9finition en ligne.<\/p>\n<p>Il a \u00e9galement \u00e9t\u00e9 test\u00e9 jusqu'\u00e0 600 MHz et prend en charge 10 Gigabit Ethernet.<\/p>\n<p>En outre, notre c\u00e2ble est conforme aux normes ROHS et REACH et est disponible en diff\u00e9rentes couleurs et longueurs.<\/p>\n<p>Ses sp\u00e9cifications comprennent un conducteur en cuivre nu avec un calibre de 26AWG ou 24AWG, une isolation HDPE et une gaine en PVC.<\/p>\n<p>Le diam\u00e8tre ext\u00e9rieur est de 6,2\u00b10,2 mm et les connecteurs sont RJ45 UTP m\u00e2le et FTP femelle.<\/p>\n<p>Choisissez donc ce c\u00e2ble d'extension de r\u00e9seau pour des performances de transmission exceptionnelles, une faible perte de signal et un moyen pratique d'\u00e9tendre les connexions entre tous les composants du r\u00e9seau LAN \u00e0 travers un panneau.<\/p>\n<p>&nbsp;<\/p>\n<h2>T\u00e9l\u00e9charger :<\/h2>\n<ul>\n<li>Fiche technique du c\u00e2ble d'extension ethernet RJ45 non blind\u00e9 m\u00e2le-femelle<\/li>\n<\/ul>\n<h2>Informations sur la commande :<\/h2>\n<p>FS17501A**-xxx : C\u00e2ble d'extension ethernet Cat5e U\/UTP m\u00e2le vers femelle<\/p>\n<p>FS17501B**-xxx : C\u00e2ble d'extension ethernet Cat6 U\/UTP m\u00e2le vers femelle<\/p>\n<p>FS17501C**-xxx : C\u00e2ble d'extension ethernet Cat6A U\/UTP m\u00e2le vers femelle<\/p>\n<ul>\n<li>**=couleur : GY=GREY, BK=BLACK, WT=WHITE, BU=BLUE, RD=RED, YL=YELLOW, OG=ORANGE, GN=GREEN<\/li>\n<li>xxx=Longueur : 030=3.0M, 050=5.0M, 075=7.5M, 100=10M, 200=20M, 300=30M<\/li>\n<li>Par exemple : FS17501BK-0003= Cat6 U\/UTP m\u00e2le vers femelle c\u00e2ble d'extension ethernet, 0.3M Longueur<\/li>\n<\/ul>","protected":false},"excerpt":{"rendered":"<p>D\u00e9couvrez notre c\u00e2ble d'extension r\u00e9seau, une solution Ethernet m\u00e2le-femelle de qualit\u00e9 sup\u00e9rieure avec un connecteur RJ45 non blind\u00e9.<\/p>","protected":false},"featured_media":16847,"template":"","meta":{"_acf_changed":false,"_seopress_robots_primary_cat":"","_seopress_titles_title":"","_seopress_titles_desc":"","_seopress_robots_index":"","site-sidebar-layout":"default","site-content-layout":"default","ast-site-content-layout":"default","site-content-style":"default","site-sidebar-style":"default","ast-global-header-display":"","ast-banner-title-visibility":"","ast-main-header-display":"","ast-hfb-above-header-display":"","ast-hfb-below-header-display":"","ast-hfb-mobile-header-display":"","site-post-title":"","ast-breadcrumbs-content":"","ast-featured-img":"","footer-sml-layout":"","ast-disable-related-posts":"","theme-transparent-header-meta":"default","adv-header-id-meta":"","stick-header-meta":"","header-above-stick-meta":"","header-main-stick-meta":"","header-below-stick-meta":"","astra-migrate-meta-layouts":"default","ast-page-background-enabled":"default","ast-page-background-meta":{"desktop":{"background-color":"","background-image":"","background-repeat":"repeat","background-position":"center center","background-size":"auto","background-attachment":"scroll","background-type":"","background-media":"","overlay-type":"","overlay-color":"","overlay-opacity":"","overlay-gradient":""},"tablet":{"background-color":"","background-image":"","background-repeat":"repeat","background-position":"center center","background-size":"auto","background-attachment":"scroll","background-type":"","background-media":"","overlay-type":"","overlay-color":"","overlay-opacity":"","overlay-gradient":""},"mobile":{"background-color":"","background-image":"","background-repeat":"repeat","background-position":"center center","background-size":"auto","background-attachment":"scroll","background-type":"","background-media":"","overlay-type":"","overlay-color":"","overlay-opacity":"","overlay-gradient":""}},"ast-content-background-meta":{"desktop":{"background-color":"var(--ast-global-color-5)","background-image":"","background-repeat":"repeat","background-position":"center center","background-size":"auto","background-attachment":"scroll","background-type":"","background-media":"","overlay-type":"","overlay-color":"","overlay-opacity":"","overlay-gradient":""},"tablet":{"background-color":"var(--ast-global-color-5)","background-image":"","background-repeat":"repeat","background-position":"center center","background-size":"auto","background-attachment":"scroll","background-type":"","background-media":"","overlay-type":"","overlay-color":"","overlay-opacity":"","overlay-gradient":""},"mobile":{"background-color":"var(--ast-global-color-5)","background-image":"","background-repeat":"repeat","background-position":"center center","background-size":"auto","background-attachment":"scroll","background-type":"","background-media":"","overlay-type":"","overlay-color":"","overlay-opacity":"","overlay-gradient":""}},"iawp_total_views":17},"product_brand":[],"product_cat":[631,209],"product_tag":[],"class_list":{"0":"post-16790","1":"product","2":"type-product","3":"status-publish","4":"has-post-thumbnail","6":"product_cat-patch-cables","7":"product_cat-ethernet-cable","8":"desktop-align-left","9":"tablet-align-left","10":"mobile-align-left","12":"first","13":"instock","14":"shipping-taxable","15":"purchasable","16":"product-type-simple"},"acf":[],"_links":{"self":[{"href":"https:\/\/www.fjpremium.com\/fr\/wp-json\/wp\/v2\/product\/16790","targetHints":{"allow":["GET"]}}],"collection":[{"href":"https:\/\/www.fjpremium.com\/fr\/wp-json\/wp\/v2\/product"}],"about":[{"href":"https:\/\/www.fjpremium.com\/fr\/wp-json\/wp\/v2\/types\/product"}],"wp:featuredmedia":[{"embeddable":true,"href":"https:\/\/www.fjpremium.com\/fr\/wp-json\/wp\/v2\/media\/16847"}],"wp:attachment":[{"href":"https:\/\/www.fjpremium.com\/fr\/wp-json\/wp\/v2\/media?parent=16790"}],"wp:term":[{"taxonomy":"product_brand","embeddable":true,"href":"https:\/\/www.fjpremium.com\/fr\/wp-json\/wp\/v2\/product_brand?post=16790"},{"taxonomy":"product_cat","embeddable":true,"href":"https:\/\/www.fjpremium.com\/fr\/wp-json\/wp\/v2\/product_cat?post=16790"},{"taxonomy":"product_tag","embeddable":true,"href":"https:\/\/www.fjpremium.com\/fr\/wp-json\/wp\/v2\/product_tag?post=16790"}],"curies":[{"name":"wp","href":"https:\/\/api.w.org\/{rel}","templated":true}]}}