{"id":16789,"date":"2020-12-15T11:45:39","date_gmt":"2020-12-15T03:45:39","guid":{"rendered":"https:\/\/www.fjpremium.com\/?post_type=product&#038;p=16789"},"modified":"2023-12-14T13:56:39","modified_gmt":"2023-12-14T05:56:39","slug":"per-terminated-cat6a-copper-trunk-cables-6x-utp-male-female-network-cable-trunking","status":"publish","type":"product","link":"https:\/\/www.fjpremium.com\/fr\/product\/per-terminated-cat6a-copper-trunk-cables-6x-utp-male-female-network-cable-trunking\/","title":{"rendered":"Cat6a UTP Cable, Male Female Network Cable Trunking"},"content":{"rendered":"<p>Ce c\u00e2ble UTP cat6a est un assemblage de c\u00e2bles de goulotte pr\u00e9termin\u00e9s con\u00e7u pour am\u00e9liorer l'efficacit\u00e9 et minimiser les co\u00fbts de main-d'\u0153uvre dans les infrastructures importantes avec des syst\u00e8mes de connexion crois\u00e9e et de brassage \u00e0 haute densit\u00e9.<\/p>\n<p>Utilisant les syst\u00e8mes de c\u00e2blage les plus avanc\u00e9s disponibles, cette goulotte de c\u00e2ble r\u00e9seau m\u00e2le-femelle prend en charge des vitesses de 10 gigabits et comprend 12 modules de prises d\u00e9tach\u00e9es aux deux extr\u00e9mit\u00e9s, permettant une installation plug-and-play directe.<\/p>\n<p>L'une des caract\u00e9ristiques les plus remarquables de ce c\u00e2ble est la possibilit\u00e9 de personnaliser les types de connecteurs, tels que les combinaisons plug-plug, jack-jack et plug-jack, ce qui permet de l'adapter \u00e0 vos besoins sp\u00e9cifiques.<\/p>\n<p>Les connecteurs de qualit\u00e9 sup\u00e9rieure garantissent une fiabilit\u00e9 et une stabilit\u00e9 exceptionnelles du syst\u00e8me, tandis que la gaine en maille tress\u00e9e maintient l'ordre des c\u00e2bles et am\u00e9liore la circulation de l'air, ce qui permet d'obtenir un environnement de r\u00e9seau plus organis\u00e9 et plus efficace.<\/p>\n<p>Le c\u00e2ble UTP cat6a offre une installation rapide et facile. Chaque assemblage de c\u00e2ble est soumis \u00e0 des tests approfondis afin de garantir une installation efficace.<\/p>\n<p>En outre, des num\u00e9ros d'identification individuels sont attribu\u00e9s \u00e0 chaque assemblage de troncs, ce qui simplifie la gestion et la maintenance du r\u00e9seau.<\/p>\n<p>En outre, notre c\u00e2ble UTP cat6a est disponible en diff\u00e9rentes couleurs et longueurs pour r\u00e9pondre aux diverses demandes de mise en r\u00e9seau.<\/p>\n<p>Il est \u00e9galement conforme aux r\u00e9glementations ROHS et REACH, ce qui t\u00e9moigne de notre engagement \u00e0 respecter les normes les plus strictes en mati\u00e8re d'environnement et de s\u00e9curit\u00e9.<\/p>\n<p>Les sp\u00e9cifications de ce c\u00e2ble UTP cat6a sont les suivantes :<\/p>\n<ul>\n<li>Conducteur : Cuivre nu<\/li>\n<li>Calibre des fils : 26AWG ou 24AWG<\/li>\n<li>Isolation : PEHD<\/li>\n<li>Couleurs de l'isolation : Bleu\/Blanc, Bleu ; Orange\/Blanc, Orange ; Vert\/Blanc, Vert ; Marron\/Blanc, Marron<\/li>\n<li>Blindage : Feuille d'aluminium, fil de drainage<\/li>\n<li>Tressage : 16\/5\/0.12mm AL-MG<\/li>\n<li>Gaine : PVC<\/li>\n<li>Diam\u00e8tre ext\u00e9rieur : 6,2\u00b10,2mm<\/li>\n<li>Connecteur 1 : RJ45 FTP<\/li>\n<li>Connecteur 2 : RJ45 FTP<\/li>\n<li>Contact : Plaqu\u00e9 or 3U<\/li>\n<li>Test : Testeur Fluke<\/li>\n<\/ul>\n<p>Ainsi, notre c\u00e2ble offre une solution avanc\u00e9e, fiable et efficace pour les grandes infrastructures de r\u00e9seau.<\/p>\n<p>Faites-nous confiance en tant que fournisseur de c\u00e2bles, d'adaptateurs et de produits \u00e9lectroniques grand public de qualit\u00e9 sup\u00e9rieure, et d\u00e9couvrez d\u00e8s aujourd'hui les performances exceptionnelles de ce c\u00e2ble.<\/p>\n<h2>T\u00e9l\u00e9charger :<\/h2>\n<ul>\n<li>Fiche technique du c\u00e2ble de raccordement cuivre pr\u00e9termin\u00e9 Cat6a<\/li>\n<\/ul>\n<h2>Informations sur la commande :<\/h2>\n<p>FS17403A**-xxx : Cat6a S\/FTP C\u00e2ble de r\u00e9seau cuivre pr\u00e9termin\u00e9, 6 fiches \u00e0 6 fiches<\/p>\n<p>FS17403B**-xxx : Cat6a S\/FTP C\u00e2ble de r\u00e9seau cuivre pr\u00e9termin\u00e9, 6 prises \u00e0 6 prises<\/p>\n<p>FS17403C**-xxx : C\u00e2ble de r\u00e9seau cuivre pr\u00e9termin\u00e9 Cat6a S\/FTP, 6 prises \u00e0 6 prises<\/p>\n<ul>\n<li>**=couleur : GY=GREY, BK=BLACK, WT=WHITE, BU=BLUE, RD=RED, YL=YELLOW, OG=ORANGE, GN=GREEN<\/li>\n<li>xxx=Longueur : 030=3.0M, 050=5.0M, 075=7.5M, 100=10M, 200=20M, 300=30M<\/li>\n<li>Par exemple : FS17403BBU-030= Cat6a S\/FTP Pre-Terminated Copper Trunk Cable, 6 plug to 6 jack, 3M Length<\/li>\n<\/ul>","protected":false},"excerpt":{"rendered":"<p>D\u00e9couvrez le c\u00e2ble UTP cat6a de Farsince, une option exceptionnelle et fiable pour les infrastructures r\u00e9seau de grande taille.<\/p>","protected":false},"featured_media":16839,"template":"","meta":{"_acf_changed":false,"_seopress_robots_primary_cat":"","_seopress_titles_title":"Best Cat6a UTP Cable - Farsince","_seopress_titles_desc":"","_seopress_robots_index":"","site-sidebar-layout":"default","site-content-layout":"default","ast-site-content-layout":"default","site-content-style":"default","site-sidebar-style":"default","ast-global-header-display":"","ast-banner-title-visibility":"","ast-main-header-display":"","ast-hfb-above-header-display":"","ast-hfb-below-header-display":"","ast-hfb-mobile-header-display":"","site-post-title":"","ast-breadcrumbs-content":"","ast-featured-img":"","footer-sml-layout":"","ast-disable-related-posts":"","theme-transparent-header-meta":"default","adv-header-id-meta":"","stick-header-meta":"","header-above-stick-meta":"","header-main-stick-meta":"","header-below-stick-meta":"","astra-migrate-meta-layouts":"default","ast-page-background-enabled":"default","ast-page-background-meta":{"desktop":{"background-color":"","background-image":"","background-repeat":"repeat","background-position":"center center","background-size":"auto","background-attachment":"scroll","background-type":"","background-media":"","overlay-type":"","overlay-color":"","overlay-opacity":"","overlay-gradient":""},"tablet":{"background-color":"","background-image":"","background-repeat":"repeat","background-position":"center center","background-size":"auto","background-attachment":"scroll","background-type":"","background-media":"","overlay-type":"","overlay-color":"","overlay-opacity":"","overlay-gradient":""},"mobile":{"background-color":"","background-image":"","background-repeat":"repeat","background-position":"center center","background-size":"auto","background-attachment":"scroll","background-type":"","background-media":"","overlay-type":"","overlay-color":"","overlay-opacity":"","overlay-gradient":""}},"ast-content-background-meta":{"desktop":{"background-color":"var(--ast-global-color-5)","background-image":"","background-repeat":"repeat","background-position":"center center","background-size":"auto","background-attachment":"scroll","background-type":"","background-media":"","overlay-type":"","overlay-color":"","overlay-opacity":"","overlay-gradient":""},"tablet":{"background-color":"var(--ast-global-color-5)","background-image":"","background-repeat":"repeat","background-position":"center center","background-size":"auto","background-attachment":"scroll","background-type":"","background-media":"","overlay-type":"","overlay-color":"","overlay-opacity":"","overlay-gradient":""},"mobile":{"background-color":"var(--ast-global-color-5)","background-image":"","background-repeat":"repeat","background-position":"center center","background-size":"auto","background-attachment":"scroll","background-type":"","background-media":"","overlay-type":"","overlay-color":"","overlay-opacity":"","overlay-gradient":""}},"iawp_total_views":5},"product_brand":[],"product_cat":[631,209],"product_tag":[],"class_list":{"0":"post-16789","1":"product","2":"type-product","3":"status-publish","4":"has-post-thumbnail","6":"product_cat-patch-cables","7":"product_cat-ethernet-cable","8":"desktop-align-left","9":"tablet-align-left","10":"mobile-align-left","12":"first","13":"instock","14":"shipping-taxable","15":"purchasable","16":"product-type-simple"},"acf":[],"_links":{"self":[{"href":"https:\/\/www.fjpremium.com\/fr\/wp-json\/wp\/v2\/product\/16789","targetHints":{"allow":["GET"]}}],"collection":[{"href":"https:\/\/www.fjpremium.com\/fr\/wp-json\/wp\/v2\/product"}],"about":[{"href":"https:\/\/www.fjpremium.com\/fr\/wp-json\/wp\/v2\/types\/product"}],"wp:featuredmedia":[{"embeddable":true,"href":"https:\/\/www.fjpremium.com\/fr\/wp-json\/wp\/v2\/media\/16839"}],"wp:attachment":[{"href":"https:\/\/www.fjpremium.com\/fr\/wp-json\/wp\/v2\/media?parent=16789"}],"wp:term":[{"taxonomy":"product_brand","embeddable":true,"href":"https:\/\/www.fjpremium.com\/fr\/wp-json\/wp\/v2\/product_brand?post=16789"},{"taxonomy":"product_cat","embeddable":true,"href":"https:\/\/www.fjpremium.com\/fr\/wp-json\/wp\/v2\/product_cat?post=16789"},{"taxonomy":"product_tag","embeddable":true,"href":"https:\/\/www.fjpremium.com\/fr\/wp-json\/wp\/v2\/product_tag?post=16789"}],"curies":[{"name":"wp","href":"https:\/\/api.w.org\/{rel}","templated":true}]}}