{"id":16788,"date":"2020-12-15T11:45:38","date_gmt":"2020-12-15T03:45:38","guid":{"rendered":"https:\/\/www.fjpremium.com\/?post_type=product&#038;p=16788"},"modified":"2023-12-14T13:56:39","modified_gmt":"2023-12-14T05:56:39","slug":"per-terminated-cat6-copper-trunk-cables-6x-utp-male-female-network-cable-trunking","status":"publish","type":"product","link":"https:\/\/www.fjpremium.com\/fr\/product\/per-terminated-cat6-copper-trunk-cables-6x-utp-male-female-network-cable-trunking\/","title":{"rendered":"Cat6 UTP Cable, Male Female Network Cable Trunking"},"content":{"rendered":"<p>Notre c\u00e2ble UTP cat6 est un ensemble de goulottes pr\u00e9termin\u00e9es con\u00e7u pour am\u00e9liorer l'efficacit\u00e9 et r\u00e9duire les co\u00fbts de main-d'\u0153uvre dans les grandes infrastructures de r\u00e9seau avec des connexions crois\u00e9es et des syst\u00e8mes de brassage \u00e0 haute densit\u00e9.<\/p>\n<p>Il prend en charge une vitesse de 1 Gigabit et dispose de 12 modules de prises d\u00e9tachables aux deux extr\u00e9mit\u00e9s, ce qui permet une installation simple de type \"plug-and-play\".<\/p>\n<p>L'une des principales caract\u00e9ristiques de ce c\u00e2ble UTP cat6 est la personnalisation des types de connecteurs, y compris les combinaisons plug-plug, jack-jack et plug-jack, qui peuvent \u00eatre adapt\u00e9es \u00e0 vos besoins sp\u00e9cifiques.<\/p>\n<p>Les connecteurs de haute qualit\u00e9 garantissent la fiabilit\u00e9 et la stabilit\u00e9 du syst\u00e8me.<\/p>\n<p>En outre, la gaine en maille tress\u00e9e maintient le c\u00e2ble propre et favorise la circulation de l'air, contribuant ainsi \u00e0 un environnement r\u00e9seau mieux organis\u00e9 et plus efficace.<\/p>\n<p>L'installation rapide et facile est un autre avantage du c\u00e2ble. Chaque assemblage de c\u00e2ble est test\u00e9 rigoureusement afin de garantir une installation efficace et sans heurts.<\/p>\n<p>De plus, chaque assemblage de troncs re\u00e7oit un num\u00e9ro d'identification individuel, ce qui facilite la gestion et la maintenance de votre r\u00e9seau.<\/p>\n<p>De plus, notre c\u00e2ble UTP cat6 est disponible en diff\u00e9rentes couleurs et longueurs, ce qui permet de r\u00e9pondre aux diff\u00e9rents besoins en mati\u00e8re de r\u00e9seau.<\/p>\n<p>Il est \u00e9galement conforme aux normes ROHS et REACH, ce qui garantit que nos produits respectent les normes les plus strictes en mati\u00e8re d'environnement et de s\u00e9curit\u00e9.<\/p>\n<p>Les sp\u00e9cifications de ce c\u00e2ble UTP cat6 sont les suivantes :<\/p>\n<ul>\n<li>Conducteur : Cuivre nu<\/li>\n<li>Calibre des fils : 26AWG ou 24AWG<\/li>\n<li>Isolation : PEHD<\/li>\n<li>Couleurs de l'isolation : Bleu\/Blanc, Bleu ; Orange\/Blanc, Orange ; Vert\/Blanc, Vert ; Marron\/Blanc, Marron<\/li>\n<li>Blindage : Aucun<\/li>\n<li>Tressage : Aucune<\/li>\n<li>Gaine : PVC<\/li>\n<li>Diam\u00e8tre ext\u00e9rieur : 6,0\u00b10,2 mm<\/li>\n<li>Connecteur 1 : RJ45 UTP<\/li>\n<li>Connecteur 1 : RJ45 UTP<\/li>\n<li>Contact : Plaqu\u00e9 or 3U<\/li>\n<li>Test : Testeur Fluke<\/li>\n<\/ul>\n<p>Dans l'ensemble, ce c\u00e2ble constitue une solution performante, fiable et efficace pour les grandes infrastructures de r\u00e9seau.<\/p>\n<p>Faites-nous confiance en tant que fournisseur en gros de c\u00e2bles, d'adaptateurs et de produits \u00e9lectroniques grand public de qualit\u00e9 sup\u00e9rieure, et d\u00e9couvrez d\u00e8s aujourd'hui l'efficacit\u00e9 et la fiabilit\u00e9 de nos produits.<\/p>\n<h2>T\u00e9l\u00e9charger :<\/h2>\n<ul>\n<li>Fiche technique du c\u00e2ble de raccordement cuivre pr\u00e9termin\u00e9 Cat6<\/li>\n<\/ul>\n<h2>Informations sur la commande :<\/h2>\n<p>FS17402A**-xxx : Cat6 U\/UTP c\u00e2ble trunk cuivre pr\u00e9termin\u00e9, 6 fiches \u00e0 6 fiches<\/p>\n<p>FS17402B**-xxx : Cat6 U\/UTP C\u00e2ble de r\u00e9seau cuivre pr\u00e9termin\u00e9, 6 prises vers 6 prises<\/p>\n<p>FS17402C**-xxx : Cat6 U\/UTP c\u00e2ble trunk cuivre pr\u00e9termin\u00e9, 6 jacks \u00e0 6 jacks<\/p>\n<ul>\n<li>**=couleur : GY=GREY, BK=BLACK, WT=WHITE, BU=BLUE, RD=RED, YL=YELLOW, OG=ORANGE, GN=GREEN<\/li>\n<li>xxx=Longueur : 030=3.0M, 050=5.0M, 075=7.5M, 100=10M, 200=20M, 300=30M<\/li>\n<li>Par exemple FS17402BBU-030= Cat6 U\/UTP Pre-Terminated Copper Trunk Cable, 6 plug to 6 jack, 3M Length<\/li>\n<\/ul>","protected":false},"excerpt":{"rendered":"<p>Farsince pr\u00e9sente le c\u00e2ble cat6 UTP, une solution fiable et efficace pour les infrastructures de r\u00e9seau \u00e0 haute densit\u00e9.<\/p>","protected":false},"featured_media":16832,"template":"","meta":{"_acf_changed":false,"_seopress_robots_primary_cat":"","_seopress_titles_title":"Best Cat6 UTP Cable - Farsince","_seopress_titles_desc":"","_seopress_robots_index":"","site-sidebar-layout":"default","site-content-layout":"default","ast-site-content-layout":"default","site-content-style":"default","site-sidebar-style":"default","ast-global-header-display":"","ast-banner-title-visibility":"","ast-main-header-display":"","ast-hfb-above-header-display":"","ast-hfb-below-header-display":"","ast-hfb-mobile-header-display":"","site-post-title":"","ast-breadcrumbs-content":"","ast-featured-img":"","footer-sml-layout":"","ast-disable-related-posts":"","theme-transparent-header-meta":"default","adv-header-id-meta":"","stick-header-meta":"","header-above-stick-meta":"","header-main-stick-meta":"","header-below-stick-meta":"","astra-migrate-meta-layouts":"default","ast-page-background-enabled":"default","ast-page-background-meta":{"desktop":{"background-color":"","background-image":"","background-repeat":"repeat","background-position":"center center","background-size":"auto","background-attachment":"scroll","background-type":"","background-media":"","overlay-type":"","overlay-color":"","overlay-opacity":"","overlay-gradient":""},"tablet":{"background-color":"","background-image":"","background-repeat":"repeat","background-position":"center center","background-size":"auto","background-attachment":"scroll","background-type":"","background-media":"","overlay-type":"","overlay-color":"","overlay-opacity":"","overlay-gradient":""},"mobile":{"background-color":"","background-image":"","background-repeat":"repeat","background-position":"center center","background-size":"auto","background-attachment":"scroll","background-type":"","background-media":"","overlay-type":"","overlay-color":"","overlay-opacity":"","overlay-gradient":""}},"ast-content-background-meta":{"desktop":{"background-color":"var(--ast-global-color-5)","background-image":"","background-repeat":"repeat","background-position":"center center","background-size":"auto","background-attachment":"scroll","background-type":"","background-media":"","overlay-type":"","overlay-color":"","overlay-opacity":"","overlay-gradient":""},"tablet":{"background-color":"var(--ast-global-color-5)","background-image":"","background-repeat":"repeat","background-position":"center center","background-size":"auto","background-attachment":"scroll","background-type":"","background-media":"","overlay-type":"","overlay-color":"","overlay-opacity":"","overlay-gradient":""},"mobile":{"background-color":"var(--ast-global-color-5)","background-image":"","background-repeat":"repeat","background-position":"center center","background-size":"auto","background-attachment":"scroll","background-type":"","background-media":"","overlay-type":"","overlay-color":"","overlay-opacity":"","overlay-gradient":""}},"iawp_total_views":15},"product_brand":[],"product_cat":[631,209],"product_tag":[],"class_list":{"0":"post-16788","1":"product","2":"type-product","3":"status-publish","4":"has-post-thumbnail","6":"product_cat-patch-cables","7":"product_cat-ethernet-cable","8":"desktop-align-left","9":"tablet-align-left","10":"mobile-align-left","12":"first","13":"instock","14":"shipping-taxable","15":"purchasable","16":"product-type-simple"},"acf":[],"_links":{"self":[{"href":"https:\/\/www.fjpremium.com\/fr\/wp-json\/wp\/v2\/product\/16788","targetHints":{"allow":["GET"]}}],"collection":[{"href":"https:\/\/www.fjpremium.com\/fr\/wp-json\/wp\/v2\/product"}],"about":[{"href":"https:\/\/www.fjpremium.com\/fr\/wp-json\/wp\/v2\/types\/product"}],"wp:featuredmedia":[{"embeddable":true,"href":"https:\/\/www.fjpremium.com\/fr\/wp-json\/wp\/v2\/media\/16832"}],"wp:attachment":[{"href":"https:\/\/www.fjpremium.com\/fr\/wp-json\/wp\/v2\/media?parent=16788"}],"wp:term":[{"taxonomy":"product_brand","embeddable":true,"href":"https:\/\/www.fjpremium.com\/fr\/wp-json\/wp\/v2\/product_brand?post=16788"},{"taxonomy":"product_cat","embeddable":true,"href":"https:\/\/www.fjpremium.com\/fr\/wp-json\/wp\/v2\/product_cat?post=16788"},{"taxonomy":"product_tag","embeddable":true,"href":"https:\/\/www.fjpremium.com\/fr\/wp-json\/wp\/v2\/product_tag?post=16788"}],"curies":[{"name":"wp","href":"https:\/\/api.w.org\/{rel}","templated":true}]}}