{"id":16787,"date":"2020-12-15T11:45:37","date_gmt":"2020-12-15T03:45:37","guid":{"rendered":"https:\/\/www.fjpremium.com\/?post_type=product&#038;p=16787"},"modified":"2023-12-14T13:56:40","modified_gmt":"2023-12-14T05:56:40","slug":"per-terminated-cat5e-copper-trunk-cables-6x-utp-male-female-network-cable-trunking","status":"publish","type":"product","link":"https:\/\/www.fjpremium.com\/fr\/product\/per-terminated-cat5e-copper-trunk-cables-6x-utp-male-female-network-cable-trunking\/","title":{"rendered":"C\u00e2bles UTP Cat5e cuivre trunk \u00e0 terminaisons multiples"},"content":{"rendered":"<p>Ces c\u00e2bles UTP sont con\u00e7us pour prendre en charge les vitesses 1000Base-T, garantissant des performances optimales dans tout environnement de r\u00e9seau.<\/p>\n<p>Ses principales caract\u00e9ristiques comprennent des types de connecteurs personnalis\u00e9s (Plug-Plug, Jack-Jack et Plug-Jack) adapt\u00e9s \u00e0 vos besoins sp\u00e9cifiques, des connecteurs de haute qualit\u00e9 pour une fiabilit\u00e9 et une stabilit\u00e9 accrues du syst\u00e8me, ainsi qu'une gaine en maille tress\u00e9e pour une organisation soign\u00e9e et une meilleure circulation de l'air.<\/p>\n<p>Les assemblages de c\u00e2bles sont rigoureusement test\u00e9s pour garantir une installation efficace, tandis que le processus d'installation rapide et facile r\u00e9duit les co\u00fbts de main-d'\u0153uvre.<\/p>\n<p>Un num\u00e9ro d'identification individuel est attribu\u00e9 \u00e0 chaque ensemble de troncs pour faciliter le suivi et l'organisation.<\/p>\n<p>Les c\u00e2bles de liaison sont disponibles en diff\u00e9rentes couleurs et longueurs, ce qui permet de les adapter parfaitement \u00e0 votre projet.<\/p>\n<p>En outre, conformes aux normes ROHS et REACH, ces c\u00e2bles UTP sont constitu\u00e9s de conducteurs en cuivre nu, d'une isolation HDPE et d'une gaine en PVC.<\/p>\n<p>Son diam\u00e8tre ext\u00e9rieur mesure 5,0\u00b10,2 mm et il est \u00e9quip\u00e9 de connecteurs RJ45 UTP dot\u00e9s de contacts 3U plaqu\u00e9s or.<\/p>\n<p>V\u00e9rifi\u00e9 par les testeurs Fluke, ce c\u00e2ble offre \u00e9galement des performances et une efficacit\u00e9 in\u00e9gal\u00e9es pour vos besoins de mise en r\u00e9seau.<\/p>\n<p>En conclusion, faites-nous confiance pour vous offrir la combinaison parfaite d'efficacit\u00e9, de performance et de qualit\u00e9 pour tous vos besoins en mati\u00e8re de r\u00e9seau.<\/p>\n<h2>T\u00e9l\u00e9charger :<\/h2>\n<ul>\n<li>Fiche technique du c\u00e2ble de raccordement cuivre pr\u00e9termin\u00e9 Cat5e<\/li>\n<\/ul>\n<h2>Informations sur la commande :<\/h2>\n<p>FS17401A**-xxx : Cat5e U\/UTP c\u00e2ble trunk cuivre pr\u00e9termin\u00e9, 6 fiches \u00e0 6 fiches<\/p>\n<p>FS17401B**-xxx : Cat5e U\/UTP C\u00e2ble de r\u00e9seau cuivre pr\u00e9termin\u00e9, 6 prises \u00e0 6 prises<\/p>\n<p>FS17401C**-xxx : Cat5e U\/UTP c\u00e2ble trunk cuivre pr\u00e9termin\u00e9, 6 jacks \u00e0 6 jacks<\/p>\n<ul>\n<li>**=couleur : GY=GREY, BK=BLACK, WT=WHITE, BU=BLUE, RD=RED, YL=YELLOW, OG=ORANGE, GN=GREEN<\/li>\n<li>xxx=Longueur : 030=3.0M, 050=5.0M, 075=7.5M, 100=10M, 200=20M, 300=30M<\/li>\n<li>Par exemple : FS17401BBU-030= Cat5e U\/UTP Pre-Terminated Copper Trunk Cable, 6 plug to 6 jack, 3M Length<\/li>\n<\/ul>","protected":false},"excerpt":{"rendered":"<p>Am\u00e9liorez vos projets avec nos c\u00e2bles UTP pr\u00e9termin\u00e9s cat5e en cuivre, une solution tr\u00e8s efficace pour les syst\u00e8mes de connexion crois\u00e9e et de brassage \u00e0 haute densit\u00e9.<\/p>","protected":false},"featured_media":16824,"template":"","meta":{"_acf_changed":false,"_seopress_robots_primary_cat":"","_seopress_titles_title":"Best Per-terminated Cat5e Copper Trunk UTP Cables - Farsince","_seopress_titles_desc":"","_seopress_robots_index":"","site-sidebar-layout":"default","site-content-layout":"default","ast-site-content-layout":"default","site-content-style":"default","site-sidebar-style":"default","ast-global-header-display":"","ast-banner-title-visibility":"","ast-main-header-display":"","ast-hfb-above-header-display":"","ast-hfb-below-header-display":"","ast-hfb-mobile-header-display":"","site-post-title":"","ast-breadcrumbs-content":"","ast-featured-img":"","footer-sml-layout":"","ast-disable-related-posts":"","theme-transparent-header-meta":"default","adv-header-id-meta":"","stick-header-meta":"","header-above-stick-meta":"","header-main-stick-meta":"","header-below-stick-meta":"","astra-migrate-meta-layouts":"default","ast-page-background-enabled":"default","ast-page-background-meta":{"desktop":{"background-color":"","background-image":"","background-repeat":"repeat","background-position":"center center","background-size":"auto","background-attachment":"scroll","background-type":"","background-media":"","overlay-type":"","overlay-color":"","overlay-opacity":"","overlay-gradient":""},"tablet":{"background-color":"","background-image":"","background-repeat":"repeat","background-position":"center center","background-size":"auto","background-attachment":"scroll","background-type":"","background-media":"","overlay-type":"","overlay-color":"","overlay-opacity":"","overlay-gradient":""},"mobile":{"background-color":"","background-image":"","background-repeat":"repeat","background-position":"center center","background-size":"auto","background-attachment":"scroll","background-type":"","background-media":"","overlay-type":"","overlay-color":"","overlay-opacity":"","overlay-gradient":""}},"ast-content-background-meta":{"desktop":{"background-color":"var(--ast-global-color-5)","background-image":"","background-repeat":"repeat","background-position":"center center","background-size":"auto","background-attachment":"scroll","background-type":"","background-media":"","overlay-type":"","overlay-color":"","overlay-opacity":"","overlay-gradient":""},"tablet":{"background-color":"var(--ast-global-color-5)","background-image":"","background-repeat":"repeat","background-position":"center center","background-size":"auto","background-attachment":"scroll","background-type":"","background-media":"","overlay-type":"","overlay-color":"","overlay-opacity":"","overlay-gradient":""},"mobile":{"background-color":"var(--ast-global-color-5)","background-image":"","background-repeat":"repeat","background-position":"center center","background-size":"auto","background-attachment":"scroll","background-type":"","background-media":"","overlay-type":"","overlay-color":"","overlay-opacity":"","overlay-gradient":""}},"iawp_total_views":2},"product_brand":[],"product_cat":[631,209],"product_tag":[],"class_list":{"0":"post-16787","1":"product","2":"type-product","3":"status-publish","4":"has-post-thumbnail","6":"product_cat-patch-cables","7":"product_cat-ethernet-cable","8":"desktop-align-left","9":"tablet-align-left","10":"mobile-align-left","12":"first","13":"instock","14":"shipping-taxable","15":"purchasable","16":"product-type-simple"},"acf":[],"_links":{"self":[{"href":"https:\/\/www.fjpremium.com\/fr\/wp-json\/wp\/v2\/product\/16787","targetHints":{"allow":["GET"]}}],"collection":[{"href":"https:\/\/www.fjpremium.com\/fr\/wp-json\/wp\/v2\/product"}],"about":[{"href":"https:\/\/www.fjpremium.com\/fr\/wp-json\/wp\/v2\/types\/product"}],"wp:featuredmedia":[{"embeddable":true,"href":"https:\/\/www.fjpremium.com\/fr\/wp-json\/wp\/v2\/media\/16824"}],"wp:attachment":[{"href":"https:\/\/www.fjpremium.com\/fr\/wp-json\/wp\/v2\/media?parent=16787"}],"wp:term":[{"taxonomy":"product_brand","embeddable":true,"href":"https:\/\/www.fjpremium.com\/fr\/wp-json\/wp\/v2\/product_brand?post=16787"},{"taxonomy":"product_cat","embeddable":true,"href":"https:\/\/www.fjpremium.com\/fr\/wp-json\/wp\/v2\/product_cat?post=16787"},{"taxonomy":"product_tag","embeddable":true,"href":"https:\/\/www.fjpremium.com\/fr\/wp-json\/wp\/v2\/product_tag?post=16787"}],"curies":[{"name":"wp","href":"https:\/\/api.w.org\/{rel}","templated":true}]}}